{"id":1935,"date":"2021-09-27T20:37:25","date_gmt":"2021-09-27T19:37:25","guid":{"rendered":"https:\/\/odk-ergon.pl\/?page_id=1935"},"modified":"2023-03-13T10:34:14","modified_gmt":"2023-03-13T09:34:14","slug":"%d0%bd%d0%be%d0%b6%d0%b8%d1%87%d0%bd%d1%96-%d0%bf%d1%96%d0%b4%d0%b9%d0%be%d0%bc%d0%bd%d1%96-%d0%bf%d0%bb%d0%b0%d1%82%d1%84%d0%be%d1%80%d0%bc%d0%b8","status":"publish","type":"page","link":"https:\/\/odk-ergon.pl\/ua\/szkolenia\/uprawnienia-udt-tdt\/podesty-nozycowe\/","title":{"rendered":"\u041a\u0443\u0440\u0441 \u043d\u043e\u0436\u0438\u0447\u043d\u0438\u0445 \u043f\u0456\u0434\u0439\u043e\u043c\u043d\u0438\u043a\u0456\u0432 \u0434\u043b\u044f \u043f\u0456\u0434\u0433\u043e\u0442\u043e\u0432\u043a\u0438 \u0434\u043e \u0456\u0441\u043f\u0438\u0442\u0443 UDT"},"content":{"rendered":"<p><a href=\"https:\/\/odk-ergon.pl\/wp-content\/uploads\/2021\/09\/podesty_nozycowy_2.jpg\"><img loading=\"lazy\" decoding=\"async\" class=\"obrazekpadding alignleft wp-image-1937 size-medium\" src=\"https:\/\/odk-ergon.pl\/wp-content\/uploads\/2021\/09\/podesty_nozycowy_2-300x200.jpg\" alt=\"\u041d\u043e\u0436\u0438\u0447\u043d\u0456 \u043f\u0456\u0434\u0439\u043e\u043c\u043d\u0438\u043a\u0438 \u0432\u0438\u043a\u043e\u0440\u0438\u0441\u0442\u043e\u0432\u0443\u044e\u0442\u044c\u0441\u044f \u043d\u0430 \u0431\u0443\u0434\u0456\u0432\u0435\u043b\u044c\u043d\u0438\u0445 \u043c\u0430\u0439\u0434\u0430\u043d\u0447\u0438\u043a\u0430\u0445, \u0432 \u0441\u043a\u043b\u0430\u0434\u0441\u044c\u043a\u0438\u0445 \u0456 \u0437\u0430\u0432\u043e\u0434\u0441\u044c\u043a\u0438\u0445 \u0446\u0435\u0445\u0430\u0445\" width=\"300\" height=\"200\" srcset=\"https:\/\/odk-ergon.pl\/wp-content\/uploads\/2021\/09\/podesty_nozycowy_2-300x200.jpg 300w, https:\/\/odk-ergon.pl\/wp-content\/uploads\/2021\/09\/podesty_nozycowy_2-1024x683.jpg 1024w, https:\/\/odk-ergon.pl\/wp-content\/uploads\/2021\/09\/podesty_nozycowy_2-768x512.jpg 768w, https:\/\/odk-ergon.pl\/wp-content\/uploads\/2021\/09\/podesty_nozycowy_2-1536x1024.jpg 1536w, https:\/\/odk-ergon.pl\/wp-content\/uploads\/2021\/09\/podesty_nozycowy_2-624x416.jpg 624w, https:\/\/odk-ergon.pl\/wp-content\/uploads\/2021\/09\/podesty_nozycowy_2.jpg 1539w\" sizes=\"auto, (max-width: 300px) 100vw, 300px\" \/><\/a> \u041f\u0456\u0434\u0439\u043e\u043c\u043d\u0438\u043a\u0438-\u043d\u043e\u0436\u0438\u0446\u0456, \u044f\u043a \u0456 \u0432\u0441\u0456 \u043f\u0440\u0438\u0441\u0442\u0440\u043e\u0457, \u0449\u043e \u043f\u0456\u0434\u043b\u044f\u0433\u0430\u044e\u0442\u044c \u0442\u0435\u0445\u043d\u0456\u0447\u043d\u043e\u043c\u0443 \u043e\u0433\u043b\u044f\u0434\u0443, \u043c\u043e\u0436\u0443\u0442\u044c \u0435\u043a\u0441\u043f\u043b\u0443\u0430\u0442\u0443\u0432\u0430\u0442\u0438\u0441\u044f \u043b\u0438\u0448\u0435 \u043e\u0441\u043e\u0431\u0430\u043c\u0438 \u0437 \u0432\u0456\u0434\u043f\u043e\u0432\u0456\u0434\u043d\u043e\u044e \u043a\u0432\u0430\u043b\u0456\u0444\u0456\u043a\u0430\u0446\u0456\u0454\u044e. \u0423 \u041f\u043e\u043b\u044c\u0449\u0456 \u043f\u0440\u043e\u0446\u0435\u0441\u043e\u043c \u043f\u0435\u0440\u0435\u0432\u0456\u0440\u043a\u0438 \u043a\u0432\u0430\u043b\u0456\u0444\u0456\u043a\u0430\u0446\u0456\u0457 \u0437\u0430\u0439\u043c\u0430\u0454\u0442\u044c\u0441\u044f, \u0441\u0435\u0440\u0435\u0434 \u0456\u043d\u0448\u043e\u0433\u043e, \u0423\u043f\u0440\u0430\u0432\u043b\u0456\u043d\u043d\u044f \u0442\u0435\u0445\u043d\u0456\u0447\u043d\u043e\u0457 \u0456\u043d\u0441\u043f\u0435\u043a\u0446\u0456\u0457 \u2013 \u043f\u0456\u0434\u0442\u0432\u0435\u0440\u0434\u0436\u0435\u043d\u043d\u044f \u043a\u0432\u0430\u043b\u0456\u0444\u0456\u043a\u0430\u0446\u0456\u0457, \u0432\u0438\u0434\u0430\u043d\u0435 \u0446\u0456\u0454\u044e \u0456\u043d\u0441\u0442\u0438\u0442\u0443\u0446\u0456\u0454\u044e, \u0434\u043e\u0437\u0432\u043e\u043b\u044f\u0454 \u043f\u0440\u0430\u0446\u044e\u0432\u0430\u0442\u0438 \u043d\u0430 \u0442.\u0437\u0432. \u0437\u0431\u0456\u043b\u044c\u0448\u0443\u0454\u0442\u044c\u0441\u044f \u0432 \u043a\u0440\u0430\u0457\u043d\u0456 \u0442\u0430 \u0437\u0430 \u043a\u043e\u0440\u0434\u043e\u043d\u043e\u043c, \u0437\u0430 \u0443\u043c\u043e\u0432\u0438, \u0449\u043e \u0432 \u0434\u0430\u043d\u0456\u0439 \u043a\u0440\u0430\u0457\u043d\u0456 \u043c\u043e\u0436\u043d\u0430 \u0432\u0438\u0437\u043d\u0430\u0442\u0438 \u043f\u043e\u043b\u044c\u0441\u044c\u043a\u0456 \u043f\u0440\u0430\u0432\u0430. \u041a\u0443\u0440\u0441, \u043e\u0440\u0433\u0430\u043d\u0456\u0437\u043e\u0432\u0430\u043d\u0438\u0439 \u0426\u0435\u043d\u0442\u0440\u043e\u043c, \u0454 \u0441\u043f\u043e\u0441\u043e\u0431\u043e\u043c \u0435\u0444\u0435\u043a\u0442\u0438\u0432\u043d\u043e\u0457 \u043f\u0456\u0434\u0433\u043e\u0442\u043e\u0432\u043a\u0438 \u0434\u043e \u0456\u0441\u043f\u0438\u0442\u0443. \u0423 \u0439\u043e\u0433\u043e \u0441\u0444\u0435\u0440\u0443 \u0432\u0445\u043e\u0434\u0438\u0442\u044c \u043d\u0435 \u0442\u0456\u043b\u044c\u043a\u0438 \u043d\u0430\u0432\u0447\u0430\u043d\u043d\u044f \u043a\u043e\u0440\u0438\u0441\u0442\u0443\u0432\u0430\u043d\u043d\u044e \u043f\u0440\u0438\u043b\u0430\u0434\u0430\u043c\u0438, \u0430 \u0439 \u0437\u043d\u0430\u043d\u043d\u044f \u043f\u0440\u043e \u043a\u043e\u043d\u0441\u0442\u0440\u0443\u043a\u0446\u0456\u044e, \u043f\u0440\u0430\u0432\u0438\u043b\u0430 \u0435\u043a\u0441\u043f\u043b\u0443\u0430\u0442\u0430\u0446\u0456\u0457, \u0442\u0435\u0445\u043d\u0456\u0447\u043d\u0438\u0439 \u043d\u0430\u0433\u043b\u044f\u0434. \u0426\u044f \u0456\u043d\u0444\u043e\u0440\u043c\u0430\u0446\u0456\u044f \u043a\u043e\u0440\u0438\u0441\u043d\u0430 \u044f\u043a \u0434\u043b\u044f \u043b\u044e\u0434\u0435\u0439, \u044f\u043a\u0456 \u0440\u0430\u043d\u0456\u0448\u0435 \u043d\u0435 \u0441\u0442\u0438\u043a\u0430\u043b\u0438\u0441\u044f \u0437 \u0440\u043e\u0431\u043e\u0442\u043e\u044e \u043e\u043f\u0435\u0440\u0430\u0442\u043e\u0440\u0430, \u0442\u0430\u043a \u0456 \u0434\u043b\u044f \u0442\u0438\u0445, \u0445\u0442\u043e \u043a\u043e\u0440\u0438\u0441\u0442\u0443\u0454\u0442\u044c\u0441\u044f \u043d\u043e\u0436\u0438\u0447\u043d\u0438\u043c\u0438 \u043f\u0456\u0434\u0439\u043e\u043c\u043d\u0438\u043a\u0430\u043c\u0438 \u0449\u043e\u0434\u043d\u044f. \u0420\u0435\u0437\u0443\u043b\u044c\u0442\u0430\u0442\u0438 \u043e\u043f\u0438\u0442\u0443\u0432\u0430\u043d\u044c, \u043f\u0440\u043e\u0432\u0435\u0434\u0435\u043d\u0438\u0445 \u0441\u0435\u0440\u0435\u0434 \u0443\u0447\u0430\u0441\u043d\u0438\u043a\u0456\u0432, \u043f\u043e\u043a\u0430\u0437\u0443\u044e\u0442\u044c, \u0449\u043e \u043d\u0430\u0432\u0456\u0442\u044c \u043b\u044e\u0434\u0438 \u0437 \u0432\u0435\u043b\u0438\u043a\u0438\u043c \u043f\u0440\u0430\u043a\u0442\u0438\u0447\u043d\u0438\u043c \u0434\u043e\u0441\u0432\u0456\u0434\u043e\u043c \u043f\u0456\u0434\u0442\u0432\u0435\u0440\u0434\u0436\u0443\u044e\u0442\u044c, \u0449\u043e \u0432\u043e\u043d\u0438 \u043e\u0442\u0440\u0438\u043c\u0430\u043b\u0438 \u0432\u0435\u043b\u0438\u043a\u0443 \u0434\u043e\u0434\u0430\u043d\u0443 \u0432\u0430\u0440\u0442\u0456\u0441\u0442\u044c \u0437 \u0442\u043e\u0447\u043a\u0438 \u0437\u043e\u0440\u0443 \u0431\u0435\u0437\u043f\u0435\u0447\u043d\u043e\u0457 \u0435\u043a\u0441\u043f\u043b\u0443\u0430\u0442\u0430\u0446\u0456\u0457 \u043f\u043b\u0430\u0442\u0444\u043e\u0440\u043c.<\/p>\n<div class=\"filmw\">\n<div class=\"responsive-youtube\" style=\"text-align: center;\"><iframe loading=\"lazy\" title=\"\u0412\u0456\u0434\u0435\u043e\u043f\u043b\u0435\u0454\u0440 YouTube\" src=\"https:\/\/www.youtube.com\/embed\/CLZn05fOBfI\" width=\"560\" height=\"315\" frameborder=\"0\" allowfullscreen=\"allowfullscreen\"><\/iframe><\/div>\n<\/div>\n<h2>\u0414\u0435\u0442\u0430\u043b\u0456 \u043a\u0443\u0440\u0441\u0443 \u043f\u0456\u0434\u0439\u043e\u043c\u043d\u0438\u043a\u0456\u0432<\/h2>\n<ul>\n<li>\u0422\u0440\u0438\u0432\u0430\u043b\u0456\u0441\u0442\u044c \u043a\u0443\u0440\u0441\u0443: \u0432\u0438\u0437\u043d\u0430\u0447\u0430\u0454\u0442\u044c\u0441\u044f \u0456\u043d\u0434\u0438\u0432\u0456\u0434\u0443\u0430\u043b\u044c\u043d\u043e \u043d\u0430 \u043e\u0441\u043d\u043e\u0432\u0456 \u0432\u0438\u0432\u0447\u0435\u043d\u043d\u044f \u043d\u0430\u0432\u0447\u0430\u043b\u044c\u043d\u0438\u0445 \u043f\u043e\u0442\u0440\u0435\u0431 \u0443\u0447\u0430\u0441\u043d\u0438\u043a\u0456\u0432. \u0414\u043b\u044f \u043b\u044e\u0434\u0435\u0439 \u0431\u0435\u0437 \u0434\u043e\u0441\u0432\u0456\u0434\u0443 - \u0432\u0456\u0434 20 \u0434\u043e 36 \u043d\u0430\u0432\u0447\u0430\u043b\u044c\u043d\u0438\u0445 \u0433\u043e\u0434\u0438\u043d (\u0442\u0435\u043e\u0440\u0456\u044f \u0442\u0430 \u043f\u0440\u0430\u043a\u0442\u0438\u043a\u0430).<\/li>\n<li>\u0424\u043e\u0440\u043c\u0430 \u0437\u0430\u043d\u044f\u0442\u044c: \u043e\u0447\u043d\u0430 \u0430\u0431\u043e \u043e\u043d\u043b\u0430\u0439\u043d (\u0434\u043b\u044f \u0442\u0438\u0445, \u0445\u0442\u043e \u043d\u0435 \u043c\u0430\u0454 \u0434\u043e\u0441\u0432\u0456\u0434\u0443, \u043e\u0431\u043e\u0432'\u044f\u0437\u043a\u043e\u0432\u0438\u043c\u0438 \u0454 \u043f\u0440\u0430\u043a\u0442\u0438\u0447\u043d\u0456 \u0437\u0430\u043d\u044f\u0442\u0442\u044f \u043f\u0435\u0440\u0435\u0434 \u0456\u0441\u043f\u0438\u0442\u043e\u043c UDT). \u041d\u0430\u0432\u0447\u0430\u043d\u043d\u044f \u043c\u043e\u0436\u0435 \u0431\u0443\u0442\u0438 \u0432\u0456\u0434\u043a\u0440\u0438\u0442\u0438\u043c - \u0443 \u0447\u0430\u0441 \u0442\u0430 \u043c\u0456\u0441\u0446\u0456, \u0437\u0430\u0437\u043d\u0430\u0447\u0435\u043d\u0438\u0445 \u043d\u0430 \u0441\u0430\u0439\u0442\u0456 \u0426\u0435\u043d\u0442\u0440\u0443, \u0430\u0431\u043e \u0437\u0430\u043a\u0440\u0438\u0442\u0438\u043c - \u043b\u0438\u0448\u0435 \u0434\u043b\u044f \u043f\u0440\u0430\u0446\u0456\u0432\u043d\u0438\u043a\u0456\u0432, \u0432\u0438\u0437\u043d\u0430\u0447\u0435\u043d\u0438\u0445 \u0437\u0430\u043c\u043e\u0432\u043d\u0438\u043a\u043e\u043c.<\/li>\n<li><a href=\"https:\/\/odk-ergon.pl\/ua\/cennik\/\">\u0426\u0456\u043d\u0430<\/a>: \u0432\u0438\u0437\u043d\u0430\u0447\u0430\u0454\u0442\u044c\u0441\u044f \u0456\u043d\u0434\u0438\u0432\u0456\u0434\u0443\u0430\u043b\u044c\u043d\u043e \u0437 \u043a\u0430\u043d\u0434\u0438\u0434\u0430\u0442\u0430\u043c\u0438 \u0432 \u043f\u0456\u0434\u0439\u043e\u043c\u043d\u0438\u043a\u0438. \u0426\u0456\u043d\u0430 \u0437\u0430\u043b\u0435\u0436\u0438\u0442\u044c \u0432\u0456\u0434 \u0442\u0440\u0438\u0432\u0430\u043b\u043e\u0441\u0442\u0456 \u043a\u0443\u0440\u0441\u0443, \u0439\u043e\u0433\u043e \u0444\u043e\u0440\u043c\u0438 \u0442\u0430 \u0434\u043e\u0434\u0430\u0442\u043a\u043e\u0432\u0438\u0445 \u043f\u043e\u0441\u043b\u0443\u0433.<\/li>\n<li>\u0425\u0456\u0434 \u0437\u0430\u043d\u044f\u0442\u044c: \u043f\u0440\u043e\u0433\u0440\u0430\u043c\u0430 \u0441\u0443\u0432\u043e\u0440\u043e \u0430\u0434\u0430\u043f\u0442\u043e\u0432\u0430\u043d\u0430 \u0434\u043e \u0432\u0438\u043c\u043e\u0433 \u0456\u0441\u043f\u0438\u0442\u0443 UDT. \u041f\u0438\u0442\u0430\u043d\u043d\u044f, \u044f\u043a\u0456 \u043e\u0431\u0433\u043e\u0432\u043e\u0440\u044e\u0432\u0430\u043b\u0438\u0441\u044f \u043f\u0456\u0434 \u0447\u0430\u0441 \u0442\u0440\u0435\u043d\u0456\u043d\u0433\u0443, \u0441\u0442\u043e\u0441\u0443\u044e\u0442\u044c\u0441\u044f, \u0437\u043e\u043a\u0440\u0435\u043c\u0430, \u0437\u0430\u0433\u0430\u043b\u044c\u043d\u0438\u0445 \u0432\u0456\u0434\u043e\u043c\u043e\u0441\u0442\u0435\u0439 \u043f\u0440\u043e \u043d\u043e\u0436\u0438\u0447\u043d\u0456 \u043f\u0456\u0434\u0439\u043e\u043c\u043d\u0438\u043a\u0438, \u043a\u043e\u043d\u0441\u0442\u0440\u0443\u043a\u0446\u0456\u0457 \u0440\u043e\u0431\u043e\u0447\u043e\u0457 \u043f\u043b\u0430\u0442\u0444\u043e\u0440\u043c\u0438 \u0442\u0430 \u0448\u0430\u0441\u0456, \u0441\u0442\u0456\u0439\u043a\u043e\u0441\u0442\u0456 \u0442\u0430 \u0434\u043e\u0432\u0433\u043e\u0432\u0456\u0447\u043d\u043e\u0441\u0442\u0456 \u043f\u0440\u0438\u0441\u0442\u0440\u043e\u0457\u0432, \u043f\u0440\u0430\u0432\u0438\u043b \u0431\u0435\u0437\u043f\u0435\u0447\u043d\u043e\u0457 \u0435\u043a\u0441\u043f\u043b\u0443\u0430\u0442\u0430\u0446\u0456\u0457, \u0442\u0435\u0445\u043d\u0456\u0447\u043d\u043e\u0433\u043e \u043d\u0430\u0433\u043b\u044f\u0434\u0443.<\/li>\n<\/ul>\n<div style=\"width: 640px;\" class=\"wp-video\"><video id=\"video-1935-1\" width=\"640\" height=\"360\" poster=\"https:\/\/odk-ergon.pl\/wp-content\/uploads\/2023\/03\/20230127_031102_0000.jpg\" preload=\"metadata\" controls=\"controls\"><source type=\"video\/mp4\" src=\"https:\/\/odk-ergon.pl\/wp-content\/uploads\/2023\/03\/ACCEPTED-operator-podestow-4K-odk-ergon.mp4?_=1\" \/><a href=\"https:\/\/odk-ergon.pl\/wp-content\/uploads\/2023\/03\/ACCEPTED-operator-podestow-4K-odk-ergon.mp4\">https:\/\/odk-ergon.pl\/wp-content\/uploads\/2023\/03\/ACCEPTED-operator-podestow-4K-odk-ergon.mp4<\/a><\/video><\/div>\n<h2>\u041a\u0443\u0440\u0441 \u0442\u0430 \u0456\u0441\u043f\u0438\u0442 \u0423\u0414\u0422<\/h2>\n<p>\u041f\u0440\u043e\u0445\u043e\u0434\u0436\u0435\u043d\u043d\u044f \u043d\u0430\u0432\u0447\u0430\u043d\u043d\u044f \u043d\u0435 \u0454 \u0440\u0456\u0432\u043d\u043e\u0437\u043d\u0430\u0447\u043d\u0438\u043c \u043e\u0442\u0440\u0438\u043c\u0430\u043d\u043d\u044e \u043f\u0440\u043e\u0444\u0435\u0441\u0456\u0439\u043d\u043e\u0457 \u043a\u0432\u0430\u043b\u0456\u0444\u0456\u043a\u0430\u0446\u0456\u0457. \u0414\u043b\u044f \u043e\u0442\u0440\u0438\u043c\u0430\u043d\u043d\u044f \u043a\u0432\u0430\u043b\u0456\u0444\u0456\u043a\u0430\u0446\u0456\u0457 \u043d\u0435\u043e\u0431\u0445\u0456\u0434\u043d\u0438\u0439 \u043f\u043e\u0437\u0438\u0442\u0438\u0432\u043d\u0438\u0439 \u0440\u0435\u0437\u0443\u043b\u044c\u0442\u0430\u0442 \u0456\u0441\u043f\u0438\u0442\u0443, \u043e\u0440\u0433\u0430\u043d\u0456\u0437\u043e\u0432\u0430\u043d\u043e\u0433\u043e \u0423\u0414\u0422. \u0414\u0430\u0442\u0438 \u043f\u0440\u043e\u0432\u0435\u0434\u0435\u043d\u043d\u044f \u0432\u0456\u0434\u043a\u0440\u0438\u0442\u0438\u0445 \u0442\u0440\u0435\u043d\u0456\u043d\u0433\u0456\u0432, \u043e\u0440\u0433\u0430\u043d\u0456\u0437\u043e\u0432\u0430\u043d\u0438\u0445 \u0426\u0435\u043d\u0442\u0440\u043e\u043c, \u0443\u0437\u0433\u043e\u0434\u0436\u0443\u044e\u0442\u044c\u0441\u044f \u0442\u0430\u043a, \u0449\u043e\u0431 \u0447\u0430\u0441 \u043e\u0447\u0456\u043a\u0443\u0432\u0430\u043d\u043d\u044f \u0456\u0441\u043f\u0438\u0442\u0443 \u0432 \u0434\u0430\u043d\u043e\u043c\u0443 \u0432\u0456\u0434\u0434\u0456\u043b\u0435\u043d\u043d\u0456 \u0423\u0414\u0422 \u0431\u0443\u0432 \u044f\u043a\u043e\u043c\u043e\u0433\u0430 \u043a\u043e\u0440\u043e\u0442\u0448\u0438\u043c, \u043d\u0430\u0441\u043a\u0456\u043b\u044c\u043a\u0438 \u0446\u0435 \u043c\u043e\u0436\u043b\u0438\u0432\u043e \u041a\u043e\u043c\u0456\u0441\u0456\u0454\u044e. \u0422\u0430\u043a\u043e\u0436 \u0443 \u0432\u0438\u043f\u0430\u0434\u043a\u0443 \u0437\u0430\u043a\u0440\u0438\u0442\u043e\u0433\u043e \u043d\u0430\u0432\u0447\u0430\u043d\u043d\u044f \u0434\u043b\u044f \u043a\u043e\u043c\u043f\u0430\u043d\u0456\u0439, \u044f\u043a\u0449\u043e \u0439\u043e\u0433\u043e \u043c\u043e\u0436\u043d\u0430 \u0437\u0430\u043f\u043b\u0430\u043d\u0443\u0432\u0430\u0442\u0438 \u0437\u0430\u0437\u0434\u0430\u043b\u0435\u0433\u0456\u0434\u044c, \u0447\u0430\u0441 \u0432\u0456\u0434 \u0437\u0430\u0432\u0435\u0440\u0448\u0435\u043d\u043d\u044f \u043d\u0430\u0432\u0447\u0430\u043d\u043d\u044f \u0434\u043e \u0441\u043a\u043b\u0430\u0434\u0430\u043d\u043d\u044f \u0456\u0441\u043f\u0438\u0442\u0443 \u043c\u043e\u0436\u0435 \u0431\u0443\u0442\u0438 \u0437\u0430\u043f\u043b\u0430\u043d\u043e\u0432\u0430\u043d\u043e \u043d\u0430 \u043d\u0430\u0441\u0442\u0443\u043f\u043d\u0438\u0439 \u0440\u043e\u0431\u043e\u0447\u0438\u0439 \u0434\u0435\u043d\u044c.<\/p>\n<h2>\u0420\u043e\u0431\u043e\u0442\u0430 \u043f\u0456\u0441\u043b\u044f \u043a\u0443\u0440\u0441\u0443 \u043d\u0430 \u043d\u043e\u0436\u0438\u0447\u043d\u043e\u043c\u0443 \u043f\u0456\u0434\u0439\u043e\u043c\u043d\u0438\u043a\u0443<\/h2>\n<p><a href=\"https:\/\/odk-ergon.pl\/wp-content\/uploads\/2021\/09\/podesty_nozycowy_1.jpg\"><img loading=\"lazy\" decoding=\"async\" class=\"obrazekpadding alignright wp-image-1938 size-medium\" src=\"https:\/\/odk-ergon.pl\/wp-content\/uploads\/2021\/09\/podesty_nozycowy_1-200x300.jpg\" alt=\"\u0415\u043a\u0441\u043f\u043b\u0443\u0430\u0442\u0430\u0446\u0456\u044f \u043d\u043e\u0436\u0438\u0447\u043d\u0438\u0445 \u043f\u0456\u0434\u0439\u043e\u043c\u043d\u0438\u043a\u0456\u0432 \u0432\u0438\u043c\u0430\u0433\u0430\u0454 \u0442\u0435\u043e\u0440\u0435\u0442\u0438\u0447\u043d\u043e\u0457 \u0442\u0430 \u043f\u0440\u0430\u043a\u0442\u0438\u0447\u043d\u043e\u0457 \u043f\u0456\u0434\u0433\u043e\u0442\u043e\u0432\u043a\u0438\" width=\"200\" height=\"300\" srcset=\"https:\/\/odk-ergon.pl\/wp-content\/uploads\/2021\/09\/podesty_nozycowy_1-200x300.jpg 200w, https:\/\/odk-ergon.pl\/wp-content\/uploads\/2021\/09\/podesty_nozycowy_1-683x1024.jpg 683w, https:\/\/odk-ergon.pl\/wp-content\/uploads\/2021\/09\/podesty_nozycowy_1-768x1152.jpg 768w, https:\/\/odk-ergon.pl\/wp-content\/uploads\/2021\/09\/podesty_nozycowy_1-1024x1536.jpg 1024w, https:\/\/odk-ergon.pl\/wp-content\/uploads\/2021\/09\/podesty_nozycowy_1-624x936.jpg 624w, https:\/\/odk-ergon.pl\/wp-content\/uploads\/2021\/09\/podesty_nozycowy_1.jpg 1067w\" sizes=\"auto, (max-width: 200px) 100vw, 200px\" \/><\/a>\u041f\u0440\u043e\u0433\u0440\u0430\u043c\u0430 \u043d\u0430\u0432\u0447\u0430\u043d\u043d\u044f \u0441\u0442\u0432\u043e\u0440\u0435\u043d\u0430 \u0434\u043b\u044f \u043b\u044e\u0434\u0435\u0439, \u044f\u043a\u0456 \u0431\u0430\u0436\u0430\u044e\u0442\u044c \u043f\u0440\u0430\u0446\u044e\u0432\u0430\u0442\u0438 \u043b\u0456\u0444\u0442\u0443\u0432\u0430\u043b\u044c\u043d\u0438\u043a\u043e\u043c \u043d\u0430 \u043d\u0435\u0437\u0430\u043b\u0435\u0436\u043d\u0456\u0439 \u043f\u043e\u0441\u0430\u0434\u0456 \u0430\u0431\u043e \u0440\u043e\u0437\u0432\u0438\u0432\u0430\u0442\u0438 \u0432\u043b\u0430\u0441\u043d\u0438\u0439 \u0431\u0456\u0437\u043d\u0435\u0441, \u043d\u0430\u0434\u0430\u044e\u0447\u0438 \u043f\u043e\u0441\u043b\u0443\u0433\u0438 \u043e\u0440\u0435\u043d\u0434\u0438.<\/p>\n<p>\u0411\u0443\u0442\u0438 \u0443\u043f\u043e\u0432\u043d\u043e\u0432\u0430\u0436\u0435\u043d\u0438\u043c \u043a\u0435\u0440\u0443\u0432\u0430\u0442\u0438 \u043f\u0456\u0434\u0432\u0438\u0449\u0435\u043d\u043d\u044f\u043c \u0434\u0430\u0454 \u0431\u0430\u0433\u0430\u0442\u043e \u043c\u043e\u0436\u043b\u0438\u0432\u043e\u0441\u0442\u0435\u0439 \u043f\u0440\u0430\u0446\u0435\u0432\u043b\u0430\u0448\u0442\u0443\u0432\u0430\u043d\u043d\u044f:<\/p>\n<ul>\n<li>\u042f\u043a \u0431\u0440\u0438\u0433\u0430\u0434\u0438\u0440 \u0432 \u0431\u0443\u0434\u0456\u0432\u0435\u043b\u044c\u043d\u043e-\u0440\u0435\u043c\u043e\u043d\u0442\u043d\u0438\u0445 \u043a\u043e\u043c\u043f\u0430\u043d\u0456\u044f\u0445<\/li>\n<li>\u041c\u043e\u043d\u0442\u0430\u0436\u043d\u0438\u043a\u043e\u043c \u0430\u0431\u043e \u043c\u043e\u043d\u0442\u0430\u0436\u043d\u0438\u043a\u043e\u043c \u0432 \u0435\u043d\u0435\u0440\u0433\u0435\u0442\u0438\u0447\u043d\u0438\u0445 \u043a\u043e\u043c\u043f\u0430\u043d\u0456\u044f\u0445, \u0432 \u0441\u043b\u0443\u0436\u0431\u0430\u0445 \u043e\u0441\u0432\u0456\u0442\u043b\u0435\u043d\u043d\u044f<\/li>\n<li>\u0423 \u0432\u0438\u0441\u043e\u043a\u043e\u0441\u0442\u043e\u0432\u0431\u0443\u0440\u043d\u0438\u0445 \u0441\u043a\u043b\u0430\u0434\u0430\u0445<\/li>\n<li>\u0423 \u0440\u0435\u043a\u043b\u0430\u043c\u043d\u0438\u0445 \u043a\u043e\u043c\u043f\u0430\u043d\u0456\u044f\u0445, \u0449\u043e \u0441\u043f\u0435\u0446\u0456\u0430\u043b\u0456\u0437\u0443\u044e\u0442\u044c\u0441\u044f \u043d\u0430 \u0448\u0438\u0440\u043e\u043a\u043e\u0444\u043e\u0440\u043c\u0430\u0442\u043d\u0456\u0439 \u0440\u0435\u043a\u043b\u0430\u043c\u0456<\/li>\n<li>\u0423 \u0441\u043f\u0435\u0446\u0456\u0430\u043b\u0456\u0437\u043e\u0432\u0430\u043d\u0438\u0445 \u043a\u043e\u043c\u043f\u0430\u043d\u0456\u044f\u0445 \u043f\u0440\u043e\u043f\u043e\u043d\u0443\u044e\u0442\u044c \u043c\u0438\u0442\u0442\u044f \u0441\u043a\u043b\u0430 \u043e\u0444\u0456\u0441\u043d\u0438\u0445 \u0431\u0443\u0434\u0456\u0432\u0435\u043b\u044c<\/li>\n<\/ul>\n<p><a href=\"https:\/\/odk-ergon.pl\/wp-content\/uploads\/2022\/11\/Szablon-odk-ergon.png\"><img loading=\"lazy\" decoding=\"async\" class=\"aligncenter wp-image-2567\" src=\"https:\/\/odk-ergon.pl\/wp-content\/uploads\/2022\/11\/Szablon-odk-ergon-300x175.png\" alt=\"\" width=\"750\" height=\"438\" srcset=\"https:\/\/odk-ergon.pl\/wp-content\/uploads\/2022\/11\/Szablon-odk-ergon-300x175.png 300w, https:\/\/odk-ergon.pl\/wp-content\/uploads\/2022\/11\/Szablon-odk-ergon-1024x597.png 1024w, https:\/\/odk-ergon.pl\/wp-content\/uploads\/2022\/11\/Szablon-odk-ergon-768x448.png 768w, https:\/\/odk-ergon.pl\/wp-content\/uploads\/2022\/11\/Szablon-odk-ergon-18x12.png 18w, https:\/\/odk-ergon.pl\/wp-content\/uploads\/2022\/11\/Szablon-odk-ergon-624x364.png 624w, https:\/\/odk-ergon.pl\/wp-content\/uploads\/2022\/11\/Szablon-odk-ergon.png 1200w\" sizes=\"auto, (max-width: 750px) 100vw, 750px\" \/><\/a><\/p>","protected":false},"excerpt":{"rendered":"<p>Podno\u015bniki no\u017cycowe, podobnie jak wszystkie urz\u0105dzenia obj\u0119te dozorem technicznym, mog\u0105 by\u0107 obs\u0142ugiwane wy\u0142\u0105cznie przez osoby posiadaj\u0105ce odpowiednie uprawnienia. W Polsce procesem sprawdzania kwalifikacji zajmuje si\u0119 m.in.: Urz\u0105d Dozoru Technicznego \u2013 potwierdzenie kwalifikacji wydane przez t\u0119 instytucj\u0119 pozwala na prac\u0119 na tzw. zwy\u017ckach w kraju i za granic\u0105, o ile w danym kraju istnieje mo\u017cliwo\u015b\u0107 uznania polskich uprawnie\u0144. Kurs organizowany przez O\u015brodek to spos\u00f3b na skuteczne przygotowanie do egzaminu. Jego zakres obejmuje nie tylko nauk\u0119 obs\u0142ugi urz\u0105dze\u0144, ale tak\u017ce wiedz\u0119 na temat budowy, zasad eksploatacji, dozoru technicznego. To informacje przydatne zar\u00f3wno osobom, kt\u00f3re nie mia\u0142y wcze\u015bniej do czynienia z prac\u0105 operatora, jak i tym, kt\u00f3re na co dzie\u0144 w pracy korzystaj\u0105 z podno\u015bnik\u00f3w no\u017cycowych. Wyniki ankiet przeprowadzanych w\u015br\u00f3d uczestnik\u00f3w pokazuj\u0105, \u017ce nawet osoby z du\u017cym do\u015bwiadczeniem praktycznym potwierdzaj\u0105, \u017ce otrzyma\u0142y du\u017c\u0105 warto\u015b\u0107 dodan\u0105 w zakresie bezpiecznej eksploatacji podest\u00f3w. Szczeg\u00f3\u0142y kursu na podno\u015bniki Czas trwania kursu: ustalany indywidualnie w oparciu o badanie potrzeb szkoleniowych uczestnik\u00f3w. Dla os\u00f3b bez do\u015bwiadczenia &#8211; oko\u0142o 20 do 36 godzin szkoleniowych (teoria i praktyka). Forma zaj\u0119\u0107: stacjonarnie lub online (dla os\u00f3b bez do\u015bwiadczenia konieczne jest uzupe\u0142nienie o zaj\u0119cia praktyczne przed egzaminem UDT). Szkolenia mog\u0105 mie\u0107 form\u0119 otwart\u0105 &#8211; w terminie i miejscu podanym na stronie O\u015brodka lub zamkni\u0119t\u0105 &#8211; wy\u0142\u0105cznie dla pracownik\u00f3w wyznaczonych przez klienta. Cena: ustalana indywidualnie z kandydatami na operator\u00f3w zwy\u017cek. Cena jest zale\u017cna od czasu trwania kursu, jego formy, us\u0142ug dodatkowych. Przebieg zaj\u0119\u0107: program jest \u015bci\u015ble dostosowany do wymog\u00f3w egzaminacyjnych UDT. Poruszane na szkoleniu kwestie dotycz\u0105 m.in.: wiadomo\u015bci og\u00f3lnych o podestach no\u017cycowych, budowy platformy roboczej i podwozia, stateczno\u015bci i [&hellip;]<\/p>\n","protected":false},"author":1,"featured_media":1937,"parent":1828,"menu_order":0,"comment_status":"closed","ping_status":"closed","template":"","meta":{"sfsi_plus_gutenberg_text_before_share":"","sfsi_plus_gutenberg_show_text_before_share":"","sfsi_plus_gutenberg_icon_type":"","sfsi_plus_gutenberg_icon_alignemt":"","sfsi_plus_gutenburg_max_per_row":"","footnotes":""},"class_list":["post-1935","page","type-page","status-publish","has-post-thumbnail","hentry","has_thumb"],"aioseo_notices":[],"_links":{"self":[{"href":"https:\/\/odk-ergon.pl\/ua\/wp-json\/wp\/v2\/pages\/1935","targetHints":{"allow":["GET"]}}],"collection":[{"href":"https:\/\/odk-ergon.pl\/ua\/wp-json\/wp\/v2\/pages"}],"about":[{"href":"https:\/\/odk-ergon.pl\/ua\/wp-json\/wp\/v2\/types\/page"}],"author":[{"embeddable":true,"href":"https:\/\/odk-ergon.pl\/ua\/wp-json\/wp\/v2\/users\/1"}],"replies":[{"embeddable":true,"href":"https:\/\/odk-ergon.pl\/ua\/wp-json\/wp\/v2\/comments?post=1935"}],"version-history":[{"count":8,"href":"https:\/\/odk-ergon.pl\/ua\/wp-json\/wp\/v2\/pages\/1935\/revisions"}],"predecessor-version":[{"id":3092,"href":"https:\/\/odk-ergon.pl\/ua\/wp-json\/wp\/v2\/pages\/1935\/revisions\/3092"}],"up":[{"embeddable":true,"href":"https:\/\/odk-ergon.pl\/ua\/wp-json\/wp\/v2\/pages\/1828"}],"wp:featuredmedia":[{"embeddable":true,"href":"https:\/\/odk-ergon.pl\/ua\/wp-json\/wp\/v2\/media\/1937"}],"wp:attachment":[{"href":"https:\/\/odk-ergon.pl\/ua\/wp-json\/wp\/v2\/media?parent=1935"}],"curies":[{"name":"wp","href":"https:\/\/api.w.org\/{rel}","templated":true}]}}