{"id":1952,"date":"2021-09-28T22:00:07","date_gmt":"2021-09-28T21:00:07","guid":{"rendered":"https:\/\/odk-ergon.pl\/?page_id=1952"},"modified":"2023-03-13T10:37:40","modified_gmt":"2023-03-13T09:37:40","slug":"%d0%b0%d0%b2%d1%82%d0%be%d0%b2%d0%b8%d1%88%d0%ba%d0%b8","status":"publish","type":"page","link":"https:\/\/odk-ergon.pl\/ua\/szkolenia\/uprawnienia-udt-tdt\/podnosniki-koszowe\/","title":{"rendered":"\u041a\u0443\u0440\u0441 \u0434\u043b\u044f \u043f\u0456\u0434\u0439\u043e\u043c\u043d\u0438\u0445 \u043f\u043b\u0430\u0442\u0444\u043e\u0440\u043c \u0437 \u0456\u0441\u043f\u0438\u0442\u043e\u043c UDT"},"content":{"rendered":"<p><a href=\"https:\/\/odk-ergon.pl\/wp-content\/uploads\/2021\/09\/podnosnik_koszowy_1.jpg\"><img loading=\"lazy\" decoding=\"async\" class=\"obrazekpadding alignleft wp-image-1954 size-medium\" src=\"https:\/\/odk-ergon.pl\/wp-content\/uploads\/2021\/09\/podnosnik_koszowy_1-300x195.jpg\" alt=\"\u041e\u0431\u0441\u043b\u0443\u0433\u043e\u0432\u0443\u0432\u0430\u0442\u0438 \u0434\u043e\u0448\u043a\u0438 \u043c\u043e\u0436\u0443\u0442\u044c \u043b\u0438\u0448\u0435 \u043e\u0441\u043e\u0431\u0438, \u044f\u043a\u0456 \u0441\u043a\u043b\u0430\u043b\u0438 \u0456\u0441\u043f\u0438\u0442 \u0442\u0430 \u043c\u0430\u044e\u0442\u044c \u043a\u0432\u0430\u043b\u0456\u0444\u0456\u043a\u0430\u0446\u0456\u044e \u0423\u0414\u0422\" width=\"300\" height=\"195\" srcset=\"https:\/\/odk-ergon.pl\/wp-content\/uploads\/2021\/09\/podnosnik_koszowy_1-300x195.jpg 300w, https:\/\/odk-ergon.pl\/wp-content\/uploads\/2021\/09\/podnosnik_koszowy_1-1024x666.jpg 1024w, https:\/\/odk-ergon.pl\/wp-content\/uploads\/2021\/09\/podnosnik_koszowy_1-768x499.jpg 768w, https:\/\/odk-ergon.pl\/wp-content\/uploads\/2021\/09\/podnosnik_koszowy_1-624x406.jpg 624w, https:\/\/odk-ergon.pl\/wp-content\/uploads\/2021\/09\/podnosnik_koszowy_1.jpg 1513w\" sizes=\"auto, (max-width: 300px) 100vw, 300px\" \/><\/a>\u0426\u0456 \u0437\u0430\u043d\u044f\u0442\u0442\u044f \u043f\u0440\u0438\u0437\u043d\u0430\u0447\u0435\u043d\u0456 \u0434\u043b\u044f \u043b\u044e\u0434\u0435\u0439 \u0431\u0443\u0434\u044c-\u044f\u043a\u043e\u0433\u043e \u0440\u0456\u0432\u043d\u044f \u043a\u0432\u0430\u043b\u0456\u0444\u0456\u043a\u0430\u0446\u0456\u0457, \u043a\u043e\u043b\u0438 \u0441\u043f\u0440\u0430\u0432\u0430 \u0434\u043e\u0445\u043e\u0434\u0438\u0442\u044c \u0434\u043e \u0440\u043e\u0431\u043e\u0442\u0438 \u0437 \u043f\u0456\u0434\u0432\u0438\u0449\u0435\u043d\u043d\u044f\u043c\u0438. \u0422\u0440\u0435\u043d\u0443\u0432\u0430\u043d\u043d\u044f \u043f\u0440\u043e\u0432\u043e\u0434\u044f\u0442\u044c\u0441\u044f \u0432 \u0433\u0440\u0443\u043f\u0430\u0445 \u0434\u043b\u044f \u043d\u043e\u0432\u0430\u0447\u043a\u0456\u0432 \u0456 \u0434\u043b\u044f \u043b\u044e\u0434\u0435\u0439, \u044f\u043a\u0456 \u0432\u0436\u0435 \u043c\u0430\u043b\u0438 \u0441\u043f\u0440\u0430\u0432\u0443 \u0437 \u043f\u0456\u0434\u0439\u043e\u043c\u043d\u0438\u043a\u0430\u043c\u0438. \u0423\u0447\u0430\u0441\u043d\u0438\u043a\u0438 \u043c\u0430\u044e\u0442\u044c \u043c\u043e\u0436\u043b\u0438\u0432\u0456\u0441\u0442\u044c \u043e\u0442\u0440\u0438\u043c\u0430\u0442\u0438 \u0442\u0435\u043e\u0440\u0435\u0442\u0438\u0447\u043d\u0456 \u0437\u043d\u0430\u043d\u043d\u044f \u0442\u0430 \u0434\u043e\u043f\u043e\u0432\u043d\u0438\u0442\u0438 \u0457\u0445 \u043f\u0440\u0430\u043a\u0442\u0438\u0447\u043d\u0438\u043c\u0438 \u043d\u0430\u0432\u0438\u0447\u043a\u0430\u043c\u0438 \u0435\u043a\u0441\u043f\u043b\u0443\u0430\u0442\u0430\u0446\u0456\u0457. \u0422\u0430\u043a\u0430 \u043f\u0456\u0434\u0433\u043e\u0442\u043e\u0432\u043a\u0430 \u0434\u043e\u0437\u0432\u043e\u043b\u044f\u0454 \u0457\u043c \u043d\u0435 \u0442\u0456\u043b\u044c\u043a\u0438 \u0437\u0434\u0430\u0432\u0430\u0442\u0438 \u0434\u0435\u0440\u0436\u0430\u0432\u043d\u0438\u0439 \u0456\u0441\u043f\u0438\u0442 \u043d\u0430\u043f\u0440\u0438\u043a\u0456\u043d\u0446\u0456 \u043a\u0443\u0440\u0441\u0443, \u0430 \u0439 \u043f\u0440\u0438\u0441\u0442\u0443\u043f\u0430\u0442\u0438 \u0434\u043e \u0440\u043e\u0431\u043e\u0442\u0438 \u043f\u0440\u0430\u043a\u0442\u0438\u0447\u043d\u043e \u0432\u0456\u0434\u0440\u0430\u0437\u0443 \u043f\u0456\u0441\u043b\u044f \u0437\u0430\u043a\u0456\u043d\u0447\u0435\u043d\u043d\u044f \u043d\u0430\u0432\u0447\u0430\u043d\u043d\u044f.<\/p>\n<h2>\u041a\u0443\u0440\u0441: \u0430\u0432\u0442\u043e\u0432\u0438\u0448\u043a\u0438 - \u043a\u0443\u0440\u0441 \u0437\u0430\u043d\u044f\u0442\u044c<\/h2>\n<p>\u0422\u0435\u043e\u0440\u0435\u0442\u0438\u0447\u043d\u0456 \u0437\u0430\u043d\u044f\u0442\u0442\u044f \u043f\u0440\u043e\u0432\u043e\u0434\u044f\u0442\u044c\u0441\u044f \u0443 \u0444\u043e\u0440\u043c\u0456 \u043b\u0435\u043a\u0446\u0456\u0439 (\u0442\u0430\u043a\u043e\u0436 \u0434\u043e\u0441\u0442\u0443\u043f\u043d\u0456 \u043e\u043d\u043b\u0430\u0439\u043d \u2013 \u0436\u0438\u0432\u0456 \u0432\u0435\u0431\u0456\u043d\u0430\u0440\u0438). \u0406\u043d\u0441\u0442\u0440\u0443\u043a\u0442\u043e\u0440\u0438 \u043d\u0430\u0434\u0430\u044e\u0442\u044c \u0437\u043d\u0430\u043d\u043d\u044f \u0442\u0430\u043a\u0438\u043c \u0447\u0438\u043d\u043e\u043c, \u0449\u043e\u0431 \u0430\u043a\u0442\u0438\u0432\u0456\u0437\u0443\u0432\u0430\u0442\u0438 \u0443\u0447\u0430\u0441\u043d\u0438\u043a\u0456\u0432 \u0442\u0430 \u043d\u0430\u0432\u0447\u0430\u0442\u0438 \u0431\u0443\u0434\u0443\u0432\u0430\u0442\u0438 \u043e\u043a\u0440\u0435\u043c\u0456 \u0435\u043b\u0435\u043c\u0435\u043d\u0442\u0438 \u043f\u0456\u0434\u0439\u043e\u043c\u043d\u0438\u043a\u0456\u0432, \u043a\u043e\u0440\u0438\u0441\u0442\u0443\u0432\u0430\u0442\u0438\u0441\u044f \u0456\u043d\u0441\u0442\u0440\u0443\u043a\u0446\u0456\u0454\u044e \u0437 \u0435\u043a\u0441\u043f\u043b\u0443\u0430\u0442\u0430\u0446\u0456\u0457, \u0456\u043d\u0444\u043e\u0440\u043c\u0443\u044e\u0442\u044c \u043f\u0440\u043e \u043f\u0440\u0430\u0432\u0438\u043b\u0430 \u0431\u0435\u0437\u043f\u0435\u043a\u0438, \u043f\u0440\u0430\u0432\u0438\u043b\u0430 \u0442\u0435\u0445\u043d\u0456\u0447\u043d\u043e\u0433\u043e \u043e\u0433\u043b\u044f\u0434\u0443, \u0441\u0442\u0456\u0439\u043a\u0456\u0441\u0442\u044c \u0442\u0430 \u043c\u0456\u0446\u043d\u0456\u0441\u0442\u044c \u043a\u043e\u0440\u0437\u0438\u043d\u043d\u0438\u0445 \u043f\u043b\u0430\u0442\u0444\u043e\u0440\u043c. \u041e\u0441\u043e\u0431\u0438, \u044f\u043a\u0456 \u043f\u0440\u043e\u0439\u0448\u043b\u0438 \u0442\u0435\u043e\u0440\u0435\u0442\u0438\u0447\u043d\u0443 \u0447\u0430\u0441\u0442\u0438\u043d\u0443, \u043c\u043e\u0436\u0443\u0442\u044c \u0431\u0440\u0430\u0442\u0438 \u0443\u0447\u0430\u0441\u0442\u044c \u0443 \u043f\u0440\u0430\u043a\u0442\u0438\u0447\u043d\u0438\u0445 \u0437\u0430\u043d\u044f\u0442\u0442\u044f\u0445 \u043d\u0430 \u043c\u0430\u043d\u0435\u0432\u0440\u0435\u043d\u043e\u043c\u0443 \u043c\u0430\u0439\u0434\u0430\u043d\u0447\u0438\u043a\u0443. \u0422\u0430\u043a\u0456 \u0432\u043f\u0440\u0430\u0432\u0438 \u2013 \u0446\u0435 \u043c\u043e\u0436\u043b\u0438\u0432\u0456\u0441\u0442\u044c \u043d\u0430\u0432\u0447\u0438\u0442\u0438\u0441\u044f \u043a\u043e\u0440\u0438\u0441\u0442\u0443\u0432\u0430\u0442\u0438\u0441\u044f \u0430\u0432\u0442\u043e\u0432\u0438\u0448\u043a\u0430\u043c\u0438 \u0442\u0430 \u043e\u0437\u043d\u0430\u0439\u043e\u043c\u0438\u0442\u0438\u0441\u044f \u0437 \u043f\u0440\u0430\u0432\u0438\u043b\u0430\u043c\u0438 \u043e\u0445\u043e\u0440\u043e\u043d\u0438 \u043f\u0440\u0430\u0446\u0456.<\/p>\n<p>\u041f\u0440\u043e\u0433\u0440\u0430\u043c\u0430 \u043a\u0443\u0440\u0441\u0456\u0432 \u043f\u0456\u0434\u0432\u0438\u0449\u0435\u043d\u043d\u044f \u043a\u0432\u0430\u043b\u0456\u0444\u0456\u043a\u0430\u0446\u0456\u0457 \u0432\u0456\u0434\u043f\u043e\u0432\u0456\u0434\u0430\u0454 \u0432\u0438\u043c\u043e\u0433\u0430\u043c \u0423\u0414\u0422 \u0442\u0430 \u0432\u0440\u0430\u0445\u043e\u0432\u0443\u0454 \u043c\u0430\u0442\u0435\u0440\u0456\u0430\u043b, \u043d\u0435\u043e\u0431\u0445\u0456\u0434\u043d\u0438\u0439 \u0434\u043b\u044f \u0441\u043a\u043b\u0430\u0434\u0430\u043d\u043d\u044f \u0437\u043e\u0432\u043d\u0456\u0448\u043d\u044c\u043e\u0433\u043e \u043d\u0435\u0437\u0430\u043b\u0435\u0436\u043d\u043e\u0433\u043e \u043e\u0446\u0456\u043d\u044e\u0432\u0430\u043d\u043d\u044f.<\/p>\n<div class=\"filmw\">\n<div class=\"responsive-youtube\" style=\"text-align: center;\"><iframe loading=\"lazy\" title=\"\u0412\u0456\u0434\u0435\u043e\u043f\u043b\u0435\u0454\u0440 YouTube\" src=\"https:\/\/www.youtube.com\/embed\/CLZn05fOBfI\" width=\"560\" height=\"315\" frameborder=\"0\" allowfullscreen=\"allowfullscreen\"><\/iframe><\/div>\n<\/div>\n<p><strong>\u041f\u0440\u0430\u043a\u0442\u0438\u0447\u043d\u0430 \u0456\u043d\u0444\u043e\u0440\u043c\u0430\u0446\u0456\u044f:<\/strong><\/p>\n<ul>\n<li>\u0422\u0440\u0438\u0432\u0430\u043b\u0456\u0441\u0442\u044c: \u043a\u0456\u043b\u044c\u043a\u0456\u0441\u0442\u044c \u0433\u043e\u0434\u0438\u043d \u0437\u0430\u043d\u044f\u0442\u044c \u0432\u0430\u0440\u0456\u044e\u0454\u0442\u044c\u0441\u044f \u0432\u0456\u0434 10 \u0434\u043e \u043f\u0440\u0438\u0431\u043b\u0438\u0437\u043d\u043e 20, \u0437\u0430\u043b\u0435\u0436\u043d\u043e \u0432\u0456\u0434 \u0440\u0456\u0432\u043d\u044f \u043f\u0440\u043e\u0441\u0443\u0432\u0430\u043d\u043d\u044f \u0443\u0447\u0430\u0441\u043d\u0438\u043a\u0456\u0432 \u0442\u0430 \u043e\u0431\u0441\u044f\u0433\u0443 \u0437\u043d\u0430\u043d\u044c, \u044f\u043a\u0456 \u0457\u043c \u043d\u0435\u043e\u0431\u0445\u0456\u0434\u043d\u043e \u043d\u0430\u0432\u0447\u0438\u0442\u0438. \u0427\u0430\u0441 \u0442\u0430 \u043e\u0431\u0441\u044f\u0433 \u0442\u0440\u0435\u043d\u0456\u043d\u0433\u0443 \u0443\u0437\u0433\u043e\u0434\u0436\u0443\u044e\u0442\u044c\u0441\u044f \u0442\u0430 \u043c\u043e\u0436\u0443\u0442\u044c \u0431\u0443\u0442\u0438 \u043f\u0440\u043e\u0434\u043e\u0432\u0436\u0435\u043d\u0456 \u0430\u0431\u043e \u0441\u043a\u043e\u0440\u043e\u0447\u0435\u043d\u0456 \u0432\u0456\u0434\u043f\u043e\u0432\u0456\u0434\u043d\u043e \u0434\u043e \u043f\u043e\u0442\u0440\u0435\u0431 \u0433\u0440\u0443\u043f\u0438\/\u0441\u0442\u0443\u0434\u0435\u043d\u0442\u0430.<\/li>\n<li>\u0412\u0438\u043c\u043e\u0433\u0438: \u0443\u0447\u0430\u0441\u043d\u0438\u043a\u0438 \u043f\u043e\u0432\u0438\u043d\u043d\u0456 \u043c\u0430\u0442\u0438 \u0431\u0430\u0437\u043e\u0432\u0443 \u043e\u0441\u0432\u0456\u0442\u0443 \u043d\u0435 \u043c\u0435\u043d\u0448\u0435 18 \u0440\u043e\u043a\u0456\u0432 \u0442\u0430 \u0441\u0442\u0430\u043d \u0437\u0434\u043e\u0440\u043e\u0432\u2019\u044f, \u0449\u043e \u0434\u043e\u0437\u0432\u043e\u043b\u044f\u0454 \u0432\u0438\u043a\u043e\u043d\u0443\u0432\u0430\u0442\u0438 \u0440\u043e\u0431\u043e\u0442\u0443 (\u0434\u0435\u043a\u043b\u0430\u0440\u0430\u0446\u0456\u044f \u0430\u0431\u043e \u0434\u043e\u0432\u0456\u0434\u043a\u0430 \u043b\u0456\u043a\u0430\u0440\u044f \u0437 \u043c\u0435\u0434\u0438\u0446\u0438\u043d\u0438 \u043f\u0440\u0430\u0446\u0456 \u043f\u0440\u043e \u0432\u0456\u0434\u0441\u0443\u0442\u043d\u0456\u0441\u0442\u044c \u043f\u0440\u043e\u0442\u0438\u043f\u043e\u043a\u0430\u0437\u0430\u043d\u044c \u0434\u043e \u0440\u043e\u0431\u043e\u0442\u0438 \u043d\u0430 \u0432\u0438\u0441\u043e\u0442\u0456 \u0442\u0430 \u043f\u0441\u0438\u0445\u043e\u0444\u0456\u0437. \u0444\u0456\u0442\u043d\u0435\u0441)<\/li>\n<li>\u0420\u043e\u0437\u0442\u0430\u0448\u0443\u0432\u0430\u043d\u043d\u044f: \u043c\u0456\u0441\u0442\u0430, \u0434\u0435 \u043f\u0440\u043e\u0432\u043e\u0434\u044f\u0442\u044c\u0441\u044f \u043a\u0443\u0440\u0441\u0438 \u0434\u043b\u044f \u043f\u0456\u0434\u0439\u043e\u043c\u043d\u0438\u043a\u0456\u0432: \u0412\u0430\u0440\u0448\u0430\u0432\u0430, \u041a\u0440\u0430\u043a\u0456\u0432, \u041a\u0430\u0442\u043e\u0432\u0456\u0446\u0435 \u0442\u0430 \u0456\u043d\u0448\u0456 \u0432\u0435\u043b\u0438\u043a\u0456 \u043c\u0456\u0441\u0442\u0430. \u0417\u0430 \u0431\u0430\u0436\u0430\u043d\u043d\u044f\u043c \u043a\u043e\u043c\u043f\u0430\u043d\u0456\u0457 \u0426\u0435\u043d\u0442\u0440 \u043c\u043e\u0436\u0435 \u043e\u0440\u0433\u0430\u043d\u0456\u0437\u0443\u0432\u0430\u0442\u0438 \u0437\u0430\u043a\u0440\u0438\u0442\u0435 \u043d\u0430\u0432\u0447\u0430\u043d\u043d\u044f \u0434\u043b\u044f \u0441\u0432\u043e\u0457\u0445 \u0441\u043f\u0456\u0432\u0440\u043e\u0431\u0456\u0442\u043d\u0438\u043a\u0456\u0432.<\/li>\n<li><a href=\"https:\/\/odk-ergon.pl\/ua\/cennik\/\">\u0426\u0456\u043d\u0430<\/a> \u0412\u043a\u043b\u044e\u0447\u0430\u0454: \u0432\u0438\u0437\u043d\u0430\u0447\u0435\u043d\u0443 \u043a\u0456\u043b\u044c\u043a\u0456\u0441\u0442\u044c \u0433\u043e\u0434\u0438\u043d \u0442\u0435\u043e\u0440\u0456\u0457 \u0442\u0430 \u043f\u0440\u0430\u043a\u0442\u0438\u043a\u0438, \u043c\u0430\u0442\u0435\u0440\u0456\u0430\u043b\u0438 \u043a\u0443\u0440\u0441\u0443 \u043d\u0430 \u043e\u043d\u043b\u0430\u0439\u043d-\u043f\u043b\u0430\u0442\u0444\u043e\u0440\u043c\u0456 (\u0432 \u0442.\u0447. \u0442\u0435\u0441\u0442\u0438 \u0437\u0456 \u0437\u0440\u0430\u0437\u043a\u0430\u043c\u0438 \u0432\u0456\u0434\u043f\u043e\u0432\u0456\u0434\u0435\u0439), \u0441\u0435\u0440\u0442\u0438\u0444\u0456\u043a\u0430\u0442 \u043f\u0440\u043e \u043f\u0440\u043e\u0445\u043e\u0434\u0436\u0435\u043d\u043d\u044f \u043a\u0443\u0440\u0441\u0443, \u043f\u0440\u043e\u0445\u043e\u043b\u043e\u0434\u043d\u0456 \u043d\u0430\u043f\u043e\u0457 \u043f\u0456\u0434 \u0447\u0430\u0441 \u043a\u0430\u0432\u0430-\u0431\u0440\u0435\u0439\u043a\u0456\u0432, \u0441\u043a\u043b\u0430\u0434\u0430\u043d\u043d\u044f \u0456\u0441\u043f\u0438\u0442\u0443 \u043f\u0435\u0440\u0435\u0434 \u043a\u043e\u043c\u0456\u0441\u0456\u0454\u044e UDT<\/li>\n<\/ul>\n<div style=\"width: 640px;\" class=\"wp-video\"><video id=\"video-1952-1\" width=\"640\" height=\"360\" poster=\"https:\/\/odk-ergon.pl\/wp-content\/uploads\/2023\/03\/20230127_031102_0000.jpg\" preload=\"metadata\" controls=\"controls\"><source type=\"video\/mp4\" src=\"https:\/\/odk-ergon.pl\/wp-content\/uploads\/2023\/03\/ACCEPTED-operator-podestow-4K-odk-ergon.mp4?_=1\" \/><a href=\"https:\/\/odk-ergon.pl\/wp-content\/uploads\/2023\/03\/ACCEPTED-operator-podestow-4K-odk-ergon.mp4\">https:\/\/odk-ergon.pl\/wp-content\/uploads\/2023\/03\/ACCEPTED-operator-podestow-4K-odk-ergon.mp4<\/a><\/video><\/div>\n<h2>\u042f\u043a\u0456 \u043c\u043e\u0436\u043b\u0438\u0432\u043e\u0441\u0442\u0456 \u043a\u0443\u0440\u0441\u0443 \u043f\u0456\u0434\u0439\u043e\u043c\u0443 \u043a\u043e\u0448\u0438\u043a\u0430?<\/h2>\n<p><a href=\"https:\/\/odk-ergon.pl\/wp-content\/uploads\/2021\/09\/podnosnik_koszowy_2.jpg\"><img loading=\"lazy\" decoding=\"async\" class=\"obrazekpadding alignleft wp-image-1953 size-medium\" src=\"https:\/\/odk-ergon.pl\/wp-content\/uploads\/2021\/09\/podnosnik_koszowy_2-300x200.jpg\" alt=\"\u041f\u0456\u0434\u0439\u043e\u043c\u043d\u0456 \u043f\u043b\u0430\u0442\u0444\u043e\u0440\u043c\u0438 \u2014 \u0446\u0435 \u0432\u0430\u043d\u0442\u0430\u0436\u043d\u043e-\u0440\u043e\u0437\u0432\u0430\u043d\u0442\u0430\u0436\u0443\u0432\u0430\u043b\u044c\u043d\u0456 \u043f\u0440\u0438\u0441\u0442\u0440\u043e\u0457, \u0435\u043a\u0441\u043f\u043b\u0443\u0430\u0442\u0430\u0446\u0456\u044f \u044f\u043a\u0438\u0445 \u043f\u043e\u0432\u0438\u043d\u043d\u0430 \u0437\u0434\u0456\u0439\u0441\u043d\u044e\u0432\u0430\u0442\u0438\u0441\u044f \u0437\u0430 \u043b\u0456\u0446\u0435\u043d\u0437\u0456\u0454\u044e\" width=\"300\" height=\"200\" srcset=\"https:\/\/odk-ergon.pl\/wp-content\/uploads\/2021\/09\/podnosnik_koszowy_2-300x200.jpg 300w, https:\/\/odk-ergon.pl\/wp-content\/uploads\/2021\/09\/podnosnik_koszowy_2-1024x683.jpg 1024w, https:\/\/odk-ergon.pl\/wp-content\/uploads\/2021\/09\/podnosnik_koszowy_2-768x512.jpg 768w, https:\/\/odk-ergon.pl\/wp-content\/uploads\/2021\/09\/podnosnik_koszowy_2-624x416.jpg 624w, https:\/\/odk-ergon.pl\/wp-content\/uploads\/2021\/09\/podnosnik_koszowy_2.jpg 1451w\" sizes=\"auto, (max-width: 300px) 100vw, 300px\" \/><\/a>\u041d\u0430\u0432\u0447\u0430\u043d\u043d\u044f \u043e\u043f\u0435\u0440\u0430\u0442\u043e\u0440\u0456\u0432 \u0437\u0430\u043a\u0456\u043d\u0447\u0443\u0454\u0442\u044c\u0441\u044f \u0434\u0435\u0440\u0436\u0430\u0432\u043d\u0438\u043c \u0456\u0441\u043f\u0438\u0442\u043e\u043c, \u044f\u043a\u0438\u0439 \u0437\u0434\u0430\u0454\u0442\u044c\u0441\u044f \u043f\u0435\u0440\u0435\u0434 \u043a\u043e\u043c\u0456\u0441\u0456\u0454\u044e \u0423\u043f\u0440\u0430\u0432\u043b\u0456\u043d\u043d\u044f \u0442\u0435\u0445\u043d\u0456\u0447\u043d\u043e\u0433\u043e \u043d\u0430\u0433\u043b\u044f\u0434\u0443. \u0426\u0435\u0439 \u0456\u0441\u043f\u0438\u0442, \u0449\u043e \u0441\u043a\u043b\u0430\u0434\u0430\u0454\u0442\u044c\u0441\u044f \u0437 \u0434\u0432\u043e\u0445 \u0447\u0430\u0441\u0442\u0438\u043d (\u0442\u0435\u043e\u0440\u0456\u044f \u0442\u0430 \u043f\u0440\u0430\u043a\u0442\u0438\u043a\u0430), \u0454 \u0432\u0430\u0436\u043b\u0438\u0432\u043e\u044e \u0432\u0438\u043c\u043e\u0433\u043e\u044e \u0434\u043b\u044f \u0442\u0438\u0445, \u0445\u0442\u043e \u0445\u043e\u0447\u0435 \u043e\u0442\u0440\u0438\u043c\u0430\u0442\u0438 \u043f\u0440\u0430\u0432\u043e \u043d\u0430 \u043f\u0456\u0434\u0432\u0438\u0449\u0435\u043d\u043d\u044f \u0442\u0430 \u043f\u0440\u0430\u0446\u044e\u0432\u0430\u0442\u0438 \u0437 \u0446\u0438\u043c \u043f\u0440\u0438\u0441\u0442\u0440\u043e\u0454\u043c.<\/p>\n<p>\u041a\u0432\u0430\u043b\u0456\u0444\u0456\u043a\u0430\u0446\u0456\u0439\u043d\u0438\u0439 \u0441\u0435\u0440\u0442\u0438\u0444\u0456\u043a\u0430\u0442, \u0432\u0438\u0434\u0430\u043d\u0438\u0439 \u0423\u0414\u0422, \u0434\u0456\u0439\u0441\u043d\u0438\u0439 \u043f\u0440\u043e\u0442\u044f\u0433\u043e\u043c 5 \u0440\u043e\u043a\u0456\u0432 \u0456 \u0434\u0430\u0454 \u043c\u043e\u0436\u043b\u0438\u0432\u0456\u0441\u0442\u044c \u043f\u0440\u0430\u0446\u0435\u0432\u043b\u0430\u0448\u0442\u0443\u0432\u0430\u043d\u043d\u044f \u043e\u043f\u0435\u0440\u0430\u0442\u043e\u0440\u043e\u043c \u043b\u0456\u0444\u0442\u0430. \u0417 \u0442\u0430\u043a\u043e\u044e \u043a\u0432\u0430\u043b\u0456\u0444\u0456\u043a\u0430\u0446\u0456\u0454\u044e \u0432\u0438 \u043c\u043e\u0436\u0435\u0442\u0435 \u0437\u043d\u0430\u0439\u0442\u0438 \u0440\u043e\u0431\u043e\u0442\u0443 \u0432 \u0431\u0443\u0434\u0456\u0432\u0435\u043b\u044c\u043d\u043e-\u0440\u0435\u043c\u043e\u043d\u0442\u043d\u0438\u0445 \u043a\u043e\u043c\u043f\u0430\u043d\u0456\u044f\u0445, \u0435\u043d\u0435\u0440\u0433\u0435\u0442\u0438\u0447\u043d\u0438\u0445 \u043a\u043e\u043c\u043f\u0430\u043d\u0456\u044f\u0445 \u0442\u0430 \u0456\u043d\u0448\u0438\u0445 \u043c\u0443\u043d\u0456\u0446\u0438\u043f\u0430\u043b\u044c\u043d\u0438\u0445 \u043e\u0434\u0438\u043d\u0438\u0446\u044f\u0445, \u043a\u043e\u043c\u043f\u0430\u043d\u0456\u044f\u0445, \u0449\u043e \u0441\u043f\u0435\u0446\u0456\u0430\u043b\u0456\u0437\u0443\u044e\u0442\u044c\u0441\u044f \u043d\u0430 \u0448\u0438\u0440\u043e\u043a\u043e\u0444\u043e\u0440\u043c\u0430\u0442\u043d\u0456\u0439 \u0440\u0435\u043a\u043b\u0430\u043c\u0456 \u0430\u0431\u043e \u043d\u0430\u0434\u0430\u044e\u0442\u044c \u043f\u043e\u0441\u043b\u0443\u0433\u0438 \u0437 \u0434\u043e\u0433\u043b\u044f\u0434\u0443 \u0437\u0430 \u0435\u043a\u043e\u043b\u043e\u0433\u0456\u0454\u044e. \u041a\u0432\u0430\u043b\u0456\u0444\u0456\u043a\u0430\u0446\u0456\u044f \u043d\u0435\u043e\u0431\u0445\u0456\u0434\u043d\u0430 \u0456 \u043f\u0440\u0438 \u0432\u043b\u0430\u0441\u043d\u043e\u043c\u0443 \u0431\u0456\u0437\u043d\u0435\u0441\u0456, \u044f\u043a\u0438\u0439 \u0432\u0438\u043a\u043e\u043d\u0443\u0454 \u0440\u043e\u0431\u043e\u0442\u0438 \u0437 \u0432\u0438\u043a\u043e\u0440\u0438\u0441\u0442\u0430\u043d\u043d\u044f\u043c \u0431\u0443\u0440\u0456\u0432. \u0421\u0435\u0440\u0442\u0438\u0444\u0456\u043a\u0430\u0442, \u0432\u0438\u0434\u0430\u043d\u0438\u0439 \u0423\u0414\u0422, \u0442\u0430\u043a\u043e\u0436 \u043d\u0435\u043e\u0431\u0445\u0456\u0434\u043d\u043e \u043f\u0440\u0435\u0434&#039;\u044f\u0432\u0438\u0442\u0438 \u043f\u0440\u0438 \u043e\u0440\u0435\u043d\u0434\u0456 \u043f\u0440\u0438\u0441\u0442\u0440\u043e\u044e \u0437 \u043f\u0440\u043e\u043a\u0430\u0442\u0443 \u043e\u0431\u043b\u0430\u0434\u043d\u0430\u043d\u043d\u044f.<\/p>\n<p><a href=\"https:\/\/odk-ergon.pl\/wp-content\/uploads\/2022\/11\/Szablon-odk-ergon.png\"><img loading=\"lazy\" decoding=\"async\" class=\"aligncenter wp-image-2567\" src=\"https:\/\/odk-ergon.pl\/wp-content\/uploads\/2022\/11\/Szablon-odk-ergon-300x175.png\" alt=\"\" width=\"750\" height=\"438\" srcset=\"https:\/\/odk-ergon.pl\/wp-content\/uploads\/2022\/11\/Szablon-odk-ergon-300x175.png 300w, https:\/\/odk-ergon.pl\/wp-content\/uploads\/2022\/11\/Szablon-odk-ergon-1024x597.png 1024w, https:\/\/odk-ergon.pl\/wp-content\/uploads\/2022\/11\/Szablon-odk-ergon-768x448.png 768w, https:\/\/odk-ergon.pl\/wp-content\/uploads\/2022\/11\/Szablon-odk-ergon-18x12.png 18w, https:\/\/odk-ergon.pl\/wp-content\/uploads\/2022\/11\/Szablon-odk-ergon-624x364.png 624w, https:\/\/odk-ergon.pl\/wp-content\/uploads\/2022\/11\/Szablon-odk-ergon.png 1200w\" sizes=\"auto, (max-width: 750px) 100vw, 750px\" \/><\/a><\/p>\n<p>&nbsp;<\/p>","protected":false},"excerpt":{"rendered":"<p>To zaj\u0119cia przeznaczone dla os\u00f3b na dowolnym poziomie zaawansowania, je\u015bli chodzi o obs\u0142ug\u0119 zwy\u017cek. Szkolenia s\u0105 organizowane w grupach dla pocz\u0105tkuj\u0105cych oraz dla os\u00f3b, kt\u00f3re mia\u0142y ju\u017c do czynienia z podno\u015bnikami. Uczestnicy maj\u0105 mo\u017cliwo\u015b\u0107 zdobycia wiedzy teoretycznej i uzupe\u0142nienia jej o praktyczne umiej\u0119tno\u015bci obs\u0142ugi. Takie przygotowanie pozwala im nie tylko na podej\u015bcie do egzaminu pa\u0144stwowego na koniec kursu, ale tak\u017ce na podj\u0119cie pracy praktycznie zaraz po zako\u0144czeniu nauki. Kurs: podno\u015bniki koszowe \u2013 przebieg zaj\u0119\u0107 Zaj\u0119cia teoretyczne s\u0105 prowadzone w formie wyk\u0142ad\u00f3w (dost\u0119pna tak\u017ce forma online \u2013 webinary na \u017cywo). Instruktorzy przekazuj\u0105 wiedz\u0119 w spos\u00f3b aktywizuj\u0105cy uczestnik\u00f3w i ucz\u0105 ich budowy poszczeg\u00f3lnych element\u00f3w zwy\u017cek, korzystania z instrukcji obs\u0142ugi informuj\u0105 o zasadach bezpiecze\u0144stwa, przepisach dozoru technicznego, o stateczno\u015bci i wytrzyma\u0142o\u015bci podest\u00f3w koszowych. Osoby, kt\u00f3re uko\u0144cz\u0105 cz\u0119\u015b\u0107 teoretyczn\u0105, mog\u0105 wzi\u0105\u0107 udzia\u0142 w zaj\u0119ciach praktycznych na placu manewrowym. Takie \u0107wiczenia to okazja do nauki obs\u0142ugi podno\u015bnik\u00f3w koszowych oraz do poznania zasad BHP. Program kursu na zwy\u017cki jest zgodny z wymogami UDT i uwzgl\u0119dnia materia\u0142 wymagany na egzaminie zewn\u0119trznym. Informacje praktyczne: Czas trwania: liczba godzin zaj\u0119\u0107 wynosi od 10 do oko\u0142o 20, w zale\u017cno\u015bci od tego, jaki jest stopie\u0144 zaawansowania uczestnik\u00f3w i ile wiedzy trzeba im przekaza\u0107. Czas i zakres szkolenia jest uzgodniony i mo\u017ce zosta\u0107 wyd\u0142u\u017cony lub skr\u00f3cony wg potrzeb grupy\/kursanta. Wymagania: od uczestnik\u00f3w wymaga si\u0119 wykszta\u0142cenia minimum podstawowego, uko\u0144czonych 18 lat i stanu zdrowia pozwalaj\u0105cego na wykonywanie pracy (o\u015bwiadczenie lub za\u015bwiadczenie od lekarza medycyny pracy o braku przeciwskaza\u0144 do pracy na wysoko\u015bci oraz sprawno\u015bci psychofizycznej) Lokalizacja: miasta, w kt\u00f3rych odbywaj\u0105 si\u0119 kursy na podno\u015bniki koszowe: Warszawa, Krak\u00f3w, Katowice [&hellip;]<\/p>\n","protected":false},"author":1,"featured_media":1954,"parent":1828,"menu_order":0,"comment_status":"closed","ping_status":"closed","template":"","meta":{"sfsi_plus_gutenberg_text_before_share":"","sfsi_plus_gutenberg_show_text_before_share":"","sfsi_plus_gutenberg_icon_type":"","sfsi_plus_gutenberg_icon_alignemt":"","sfsi_plus_gutenburg_max_per_row":"","footnotes":""},"class_list":["post-1952","page","type-page","status-publish","has-post-thumbnail","hentry","has_thumb"],"aioseo_notices":[],"_links":{"self":[{"href":"https:\/\/odk-ergon.pl\/ua\/wp-json\/wp\/v2\/pages\/1952","targetHints":{"allow":["GET"]}}],"collection":[{"href":"https:\/\/odk-ergon.pl\/ua\/wp-json\/wp\/v2\/pages"}],"about":[{"href":"https:\/\/odk-ergon.pl\/ua\/wp-json\/wp\/v2\/types\/page"}],"author":[{"embeddable":true,"href":"https:\/\/odk-ergon.pl\/ua\/wp-json\/wp\/v2\/users\/1"}],"replies":[{"embeddable":true,"href":"https:\/\/odk-ergon.pl\/ua\/wp-json\/wp\/v2\/comments?post=1952"}],"version-history":[{"count":6,"href":"https:\/\/odk-ergon.pl\/ua\/wp-json\/wp\/v2\/pages\/1952\/revisions"}],"predecessor-version":[{"id":3096,"href":"https:\/\/odk-ergon.pl\/ua\/wp-json\/wp\/v2\/pages\/1952\/revisions\/3096"}],"up":[{"embeddable":true,"href":"https:\/\/odk-ergon.pl\/ua\/wp-json\/wp\/v2\/pages\/1828"}],"wp:featuredmedia":[{"embeddable":true,"href":"https:\/\/odk-ergon.pl\/ua\/wp-json\/wp\/v2\/media\/1954"}],"wp:attachment":[{"href":"https:\/\/odk-ergon.pl\/ua\/wp-json\/wp\/v2\/media?parent=1952"}],"curies":[{"name":"wp","href":"https:\/\/api.w.org\/{rel}","templated":true}]}}