{"id":1984,"date":"2021-10-06T17:02:46","date_gmt":"2021-10-06T15:02:46","guid":{"rendered":"https:\/\/odk-ergon.pl\/?page_id=1984"},"modified":"2022-11-24T14:35:41","modified_gmt":"2022-11-24T13:35:41","slug":"%d0%bc%d0%be%d0%b1%d1%96%d0%bb%d1%8c%d0%bd%d1%96-%d1%81%d1%82%d0%b0%d1%86%d1%96%d0%be%d0%bd%d0%b0%d1%80%d0%bd%d1%96-%d0%bf%d0%bb%d0%b0%d1%82%d1%84%d0%be%d1%80%d0%bc%d0%b8","status":"publish","type":"page","link":"https:\/\/odk-ergon.pl\/ua\/szkolenia\/uprawnienia-udt-tdt\/podesty-ruchome-stacjonarne\/","title":{"rendered":"\u041a\u0443\u0440\u0441 \u0434\u043b\u044f \u0441\u0442\u0430\u0446\u0456\u043e\u043d\u0430\u0440\u043d\u0438\u0445 \u043c\u043e\u0431\u0456\u043b\u044c\u043d\u0438\u0445 \u043f\u043b\u0430\u0442\u0444\u043e\u0440\u043c \u043f\u0456\u0434\u0433\u043e\u0442\u043e\u0432\u043a\u0438 \u0434\u043e \u0456\u0441\u043f\u0438\u0442\u0443 UDT"},"content":{"rendered":"<p>\u0417\u0430\u043d\u044f\u0442\u0442\u044f \u043f\u0440\u0438\u0437\u043d\u0430\u0447\u0435\u043d\u0456 \u0434\u043b\u044f \u043b\u044e\u0434\u0435\u0439, \u044f\u043a\u0456 \u0445\u043e\u0442\u0456\u043b\u0438 \u0431 \u043f\u0440\u0430\u0446\u044e\u0432\u0430\u0442\u0438 \u043e\u043f\u0435\u0440\u0430\u0442\u043e\u0440\u043e\u043c-\u043e\u043f\u0435\u0440\u0430\u0442\u043e\u0440\u043e\u043c <a href=\"https:\/\/odk-ergon.pl\/ua\/szkolenia\/uprawnienia-udt-tdt\/podeste-ruchome\/\">\u043c\u043e\u0431\u0456\u043b\u044c\u043d\u0456 \u043f\u043b\u0430\u0442\u0444\u043e\u0440\u043c\u0438<\/a> \u0441\u0442\u0430\u0446\u0456\u043e\u043d\u0430\u0440\u043d\u043e. \u0423\u0447\u0430\u0441\u0442\u044c \u0443 \u043a\u0443\u0440\u0441\u0456 \u0434\u0430\u0454 \u043c\u043e\u0436\u043b\u0438\u0432\u0456\u0441\u0442\u044c \u043e\u0442\u0440\u0438\u043c\u0430\u0442\u0438 \u0434\u043e\u0437\u0432\u043e\u043b\u0438 \u043d\u0430 \u0446\u0456 \u043f\u0440\u0438\u043b\u0430\u0434\u0438 - \u043f\u0456\u0441\u043b\u044f \u0437\u0430\u0432\u0435\u0440\u0448\u0435\u043d\u043d\u044f \u0437\u0430\u043d\u044f\u0442\u044c \u0443\u0447\u0430\u0441\u043d\u0438\u043a\u0438 \u043c\u0430\u044e\u0442\u044c \u043c\u043e\u0436\u043b\u0438\u0432\u0456\u0441\u0442\u044c \u0441\u043a\u043b\u0430\u0441\u0442\u0438 \u0434\u0435\u0440\u0436\u0430\u0432\u043d\u0438\u0439 \u0456\u0441\u043f\u0438\u0442, \u044f\u043a\u0438\u0439 \u043f\u0440\u043e\u0432\u043e\u0434\u0438\u0442\u044c \u0423\u0414\u0426\u0420. \u041d\u0430\u0432\u0447\u0430\u043b\u044c\u043d\u0456 \u043a\u0443\u0440\u0441\u0438 \u043f\u0456\u0434\u0433\u043e\u0442\u043e\u0432\u043b\u0435\u043d\u0456 \u0432\u0456\u0434\u043f\u043e\u0432\u0456\u0434\u043d\u043e \u0434\u043e \u0432\u0438\u043c\u043e\u0433 \u0423\u043f\u0440\u0430\u0432\u043b\u0456\u043d\u043d\u044f \u0442\u0435\u0445\u043d\u0456\u0447\u043d\u043e\u0433\u043e \u043d\u0430\u0433\u043b\u044f\u0434\u0443 \u0442\u0430 \u0417\u0430\u043a\u043e\u043d\u0443 \u043f\u0440\u043e \u0442\u0435\u0445\u043d\u0456\u0447\u043d\u0438\u0439 \u043d\u0430\u0433\u043b\u044f\u0434.<\/p>\n<div class=\"filmw\">\n<div class=\"responsive-youtube\" style=\"text-align: center;\"><iframe loading=\"lazy\" title=\"\u0412\u0456\u0434\u0435\u043e\u043f\u043b\u0435\u0454\u0440 YouTube\" src=\"https:\/\/www.youtube.com\/embed\/CLZn05fOBfI\" width=\"560\" height=\"315\" frameborder=\"0\" allowfullscreen=\"allowfullscreen\"><\/iframe><\/div>\n<\/div>\n<h2>\u0421\u0442\u0430\u0446\u0456\u043e\u043d\u0430\u0440\u043d\u0456 \u043c\u043e\u0431\u0456\u043b\u044c\u043d\u0456 \u043f\u043b\u0430\u0442\u0444\u043e\u0440\u043c\u0438 - \u0456\u043d\u0444\u043e\u0440\u043c\u0430\u0446\u0456\u044f<\/h2>\n<p>\u0417\u0433\u0456\u0434\u043d\u043e \u0437 \u0432\u0438\u0437\u043d\u0430\u0447\u0435\u043d\u043d\u044f\u043c \u0423\u043f\u0440\u0430\u0432\u043b\u0456\u043d\u043d\u044f \u0442\u0435\u0445\u043d\u0456\u0447\u043d\u043e\u0433\u043e \u043d\u0430\u0433\u043b\u044f\u0434\u0443, \u0441\u0442\u0430\u0446\u0456\u043e\u043d\u0430\u0440\u043d\u0430 \u043f\u0435\u0440\u0435\u0441\u0443\u0432\u043d\u0430 \u043f\u043b\u0430\u0442\u0444\u043e\u0440\u043c\u0430 \u2013 \u0446\u0435 \u043d\u0430\u0432\u0430\u043d\u0442\u0430\u0436\u0443\u0432\u0430\u043b\u044c\u043d\u043e-\u0440\u043e\u0437\u0432\u0430\u043d\u0442\u0430\u0436\u0443\u0432\u0430\u043b\u044c\u043d\u0438\u0439 \u043f\u0440\u0438\u0441\u0442\u0440\u0456\u0439. \u0412\u0456\u043d \u043f\u0440\u0438\u0437\u043d\u0430\u0447\u0435\u043d\u0438\u0439 \u0434\u043b\u044f \u0442\u0440\u0430\u043d\u0441\u043f\u043e\u0440\u0442\u0443\u0432\u0430\u043d\u043d\u044f \u043b\u044e\u0434\u0435\u0439, \u0432\u0430\u043d\u0442\u0430\u0436\u0456\u0432 \u0442\u0430 \u0456\u043d\u0441\u0442\u0440\u0443\u043c\u0435\u043d\u0442\u0456\u0432 \u0434\u043e \u043c\u0456\u0441\u0446\u044f \u0440\u043e\u0431\u043e\u0442\u0438. \u0421\u0442\u0430\u0446\u0456\u043e\u043d\u0430\u0440\u043d\u0443 \u043f\u043b\u0430\u0442\u0444\u043e\u0440\u043c\u0443 \u043d\u0435\u043c\u043e\u0436\u043b\u0438\u0432\u043e \u043f\u0435\u0440\u0435\u043c\u0456\u0441\u0442\u0438\u0442\u0438, \u0432\u043e\u043d\u0430 \u0432\u0441\u0442\u0430\u043d\u043e\u0432\u043b\u044e\u0454\u0442\u044c\u0441\u044f \u0432 \u0437\u0430\u0434\u0430\u043d\u043e\u043c\u0443 \u043c\u0456\u0441\u0446\u0456 \u043f\u043e\u0441\u0442\u0456\u0439\u043d\u043e \u0430\u0431\u043e \u043d\u0430 \u0442\u0440\u0438\u0432\u0430\u043b\u0438\u0439 \u0447\u0430\u0441. \u0412\u0456\u043d \u0441\u043a\u043b\u0430\u0434\u0430\u0454\u0442\u044c\u0441\u044f \u0437 \u0448\u0430\u0441\u0456, \u0440\u043e\u0431\u043e\u0447\u043e\u0457 \u043f\u043b\u0430\u0442\u0444\u043e\u0440\u043c\u0438 \u0442\u0430 \u043d\u043e\u0436\u043d\u0438\u0447\u043d\u043e\u0457 \u0430\u0431\u043e \u0442\u0435\u043b\u0435\u0441\u043a\u043e\u043f\u0456\u0447\u043d\u043e\u0457 \u0441\u0442\u0440\u0456\u043b\u0438.<\/p>\n<p>\u0420\u043e\u0431\u043e\u0447\u0430 \u0432\u0438\u0441\u043e\u0442\u0430 \u0456 \u043c\u0430\u043a\u0441\u0438\u043c\u0430\u043b\u044c\u043d\u0430 \u0432\u0430\u043d\u0442\u0430\u0436\u043e\u043f\u0456\u0434\u0439\u043e\u043c\u043d\u0456\u0441\u0442\u044c \u0437\u0430\u043b\u0435\u0436\u0430\u0442\u044c \u0432\u0456\u0434 \u043f\u0430\u0440\u0430\u043c\u0435\u0442\u0440\u0456\u0432 \u043e\u043a\u0440\u0435\u043c\u0438\u0445 \u043c\u043e\u0434\u0435\u043b\u0435\u0439, \u0430\u043b\u0435 \u043d\u0430\u0439\u0447\u0430\u0441\u0442\u0456\u0448\u0435 \u0441\u0442\u0430\u0446\u0456\u043e\u043d\u0430\u0440\u043d\u0456 \u043f\u043b\u0430\u0442\u0444\u043e\u0440\u043c\u0438 \u0434\u043e\u0437\u0432\u043e\u043b\u044f\u044e\u0442\u044c \u0442\u0440\u0430\u043d\u0441\u043f\u043e\u0440\u0442\u0443\u0432\u0430\u0442\u0438 \u0434\u043e \u0434\u0435\u0441\u044f\u0442\u043a\u0430-\u0434\u0440\u0443\u0433\u043e\u0433\u043e \u043c\u0435\u0442\u0440\u0456\u0432, \u0430 \u0457\u0445 \u043a\u043e\u0440\u0437\u0438\u043d\u0438 \u0432\u043c\u0456\u0449\u0430\u044e\u0442\u044c \u043e\u0434\u043d\u043e\u0433\u043e-\u0434\u0432\u043e\u0445 \u0441\u043f\u0456\u0432\u0440\u043e\u0431\u0456\u0442\u043d\u0438\u043a\u0456\u0432. \u041f\u0440\u0438\u0441\u0442\u0440\u043e\u0457 \u0442\u0430\u043a\u043e\u0433\u043e \u0442\u0438\u043f\u0443 \u0447\u0430\u0441\u0442\u043e \u0432\u0438\u043a\u043e\u0440\u0438\u0441\u0442\u043e\u0432\u0443\u044e\u0442\u044c\u0441\u044f \u0432 \u0437\u0430\u043a\u0440\u0438\u0442\u0438\u0445 \u043f\u0440\u0438\u043c\u0456\u0449\u0435\u043d\u043d\u044f\u0445: \u0446\u0435\u0445\u0430\u0445, \u0441\u043a\u043b\u0430\u0434\u0430\u0445 \u0456 \u0442.\u0434., \u0430\u043b\u0435 \u0457\u0445 \u043c\u043e\u0436\u043d\u0430 \u0440\u043e\u0437\u043c\u0456\u0449\u0443\u0432\u0430\u0442\u0438 \u0456 \u0437\u043e\u0432\u043d\u0456, \u043d\u0430\u043f\u0440\u0438\u043a\u043b\u0430\u0434, \u043f\u0440\u0438 \u0440\u043e\u0431\u043e\u0442\u0430\u0445 \u043f\u043e \u0444\u0430\u0441\u0430\u0434\u0443 \u0431\u0443\u0434\u0456\u0432\u0435\u043b\u044c - \u0442\u043e\u0434\u0456 \u0432\u043e\u043d\u0438 \u043c\u043e\u0436\u0443\u0442\u044c \u0437\u0430\u043c\u0456\u043d\u0438\u0442\u0438 \u0431\u0443\u0434\u0456\u0432\u0435\u043b\u044c\u043d\u0456 \u0440\u0438\u0448\u0442\u0443\u0432\u0430\u043d\u043d\u044f.<\/p>\n<p>\u0420\u0430\u0437\u043e\u043c \u0437 \u043f\u0456\u0434\u0432\u0456\u0441\u043d\u0438\u043c\u0438 \u043f\u0435\u0440\u0435\u0441\u0443\u0432\u043d\u0438\u043c\u0438 \u043f\u043b\u0430\u0442\u0444\u043e\u0440\u043c\u0430\u043c\u0438 \u0446\u0456 \u043f\u0440\u0438\u0441\u0442\u0440\u043e\u0457 \u0432\u0456\u0434\u043d\u0435\u0441\u0435\u043d\u0456 \u0437\u0430 UDT \u0434\u043e II \u043a\u0430\u0442\u0435\u0433\u043e\u0440\u0456\u0457 \u0442\u0440\u0430\u043d\u0441\u043f\u043e\u0440\u0442\u043d\u043e-\u0440\u043e\u0437\u0432\u0430\u043d\u0442\u0430\u0436\u0443\u0432\u0430\u043b\u044c\u043d\u0438\u0445 \u043f\u0440\u0438\u0441\u0442\u0440\u043e\u0457\u0432.<\/p>\n<p><a href=\"https:\/\/odk-ergon.pl\/wp-content\/uploads\/2022\/10\/12.jpeg\"><img loading=\"lazy\" decoding=\"async\" class=\"aligncenter wp-image-2518\" src=\"https:\/\/odk-ergon.pl\/wp-content\/uploads\/2022\/10\/12-300x223.jpeg\" alt=\"\" width=\"750\" height=\"556\" srcset=\"https:\/\/odk-ergon.pl\/wp-content\/uploads\/2022\/10\/12-300x223.jpeg 300w, https:\/\/odk-ergon.pl\/wp-content\/uploads\/2022\/10\/12-1024x760.jpeg 1024w, https:\/\/odk-ergon.pl\/wp-content\/uploads\/2022\/10\/12-768x570.jpeg 768w, https:\/\/odk-ergon.pl\/wp-content\/uploads\/2022\/10\/12-1536x1140.jpeg 1536w, https:\/\/odk-ergon.pl\/wp-content\/uploads\/2022\/10\/12-16x12.jpeg 16w, https:\/\/odk-ergon.pl\/wp-content\/uploads\/2022\/10\/12-624x463.jpeg 624w, https:\/\/odk-ergon.pl\/wp-content\/uploads\/2022\/10\/12.jpeg 1600w\" sizes=\"auto, (max-width: 750px) 100vw, 750px\" \/><\/a><\/p>\n<h2>\u041a\u0443\u0440\u0441 \u043e\u043f\u0435\u0440\u0430\u0442\u043e\u0440\u0430 \u043c\u043e\u0431\u0456\u043b\u044c\u043d\u043e\u0457 \u043f\u043b\u0430\u0442\u0444\u043e\u0440\u043c\u0438 - \u0434\u0435\u0442\u0430\u043b\u0456<\/h2>\n<p>\u0417\u0430\u043d\u044f\u0442\u0442\u044f \u043f\u0440\u043e\u0432\u043e\u0434\u044f\u0442\u044c\u0441\u044f \u0443 \u0444\u043e\u0440\u043c\u0456 \u043b\u0435\u043a\u0446\u0456\u0439 \u0442\u0430 \u043f\u0440\u0430\u043a\u0442\u0438\u0447\u043d\u0438\u0445 \u0437\u0430\u043d\u044f\u0442\u044c. \u0412\u043e\u043d\u0438 \u043f\u0440\u043e\u0432\u043e\u0434\u044f\u0442\u044c\u0441\u044f \u0432 \u0440\u0456\u0437\u043d\u0438\u0445 \u043c\u0456\u0441\u0446\u044f\u0445. \u041c\u0438 \u043e\u0440\u0433\u0430\u043d\u0456\u0437\u043e\u0432\u0443\u0454\u043c\u043e \u043d\u0430\u0432\u0447\u0430\u043d\u043d\u044f \u043d\u0430 \u043c\u043e\u0431\u0456\u043b\u044c\u043d\u0438\u0445 \u043f\u043b\u0430\u0442\u0444\u043e\u0440\u043c\u0430\u0445 \u0443 \u0412\u0430\u0440\u0448\u0430\u0432\u0456, \u0421\u0456\u043b\u0435\u0437\u0456\u0457, \u041a\u0440\u0430\u043a\u043e\u0432\u0456 \u0442\u0430 \u0456\u043d\u0448\u0438\u0445 \u0432\u0435\u043b\u0438\u043a\u0438\u0445 \u043c\u0456\u0441\u0442\u0430\u0445. \u0422\u0430\u043a\u043e\u0436 \u043c\u0438 \u043f\u0440\u043e\u0432\u043e\u0434\u0438\u043c\u043e \u0437\u0430\u043a\u0440\u0438\u0442\u0456 \u043d\u0430\u0432\u0447\u0430\u043d\u043d\u044f \u0434\u043b\u044f \u043a\u043e\u043c\u043f\u0430\u043d\u0456\u0439. \u0423 \u0442\u0435\u043e\u0440\u0435\u0442\u0438\u0447\u043d\u0456\u0439 \u0447\u0430\u0441\u0442\u0438\u043d\u0456 \u0443\u0447\u0430\u0441\u043d\u0438\u043a\u0438 \u0442\u0430\u043a\u043e\u0436 \u043c\u043e\u0436\u0443\u0442\u044c \u0432\u0437\u044f\u0442\u0438 \u0443\u0447\u0430\u0441\u0442\u044c \u0432 \u0406\u043d\u0442\u0435\u0440\u043d\u0435\u0442\u0456, \u043f\u043e\u0434\u0438\u0432\u0438\u0432\u0448\u0438\u0441\u044c \u0432\u0435\u0431\u0456\u043d\u0430\u0440\u0438 \u043f\u0456\u0434 \u043a\u0435\u0440\u0456\u0432\u043d\u0438\u0446\u0442\u0432\u043e\u043c \u0456\u043d\u0441\u0442\u0440\u0443\u043a\u0442\u043e\u0440\u0430.<\/p>\n<p>\u0414\u0435\u0442\u0430\u043b\u044c\u043d\u0443 \u0456\u043d\u0444\u043e\u0440\u043c\u0430\u0446\u0456\u044e \u043f\u0440\u043e \u0432\u0456\u043b\u044c\u043d\u0456 \u0434\u0430\u0442\u0438 \u0437\u0430\u043d\u044f\u0442\u044c \u0432 \u043e\u043a\u0440\u0435\u043c\u0438\u0445 \u043c\u0456\u0441\u0442\u0430\u0445 \u043e\u043f\u0443\u0431\u043b\u0456\u043a\u043e\u0432\u0430\u043d\u043e \u043d\u0430 \u043d\u0430\u0448\u043e\u043c\u0443 \u0441\u0430\u0439\u0442\u0456 www.platformaedukacji.pl. \u0417\u0430 \u0434\u043e\u043f\u043e\u043c\u043e\u0433\u043e\u044e \u0441\u0430\u0439\u0442\u0443 \u0432\u0438 \u043c\u043e\u0436\u0435\u0442\u0435 \u0437\u0440\u0443\u0447\u043d\u043e \u0437\u0430\u0440\u0435\u0454\u0441\u0442\u0440\u0443\u0432\u0430\u0442\u0438\u0441\u044f \u043d\u0430 \u043d\u0430\u0432\u0447\u0430\u043d\u043d\u044f \u0442\u0430 \u043e\u043f\u043b\u0430\u0442\u0438\u0442\u0438 \u0439\u043e\u0433\u043e.<\/p>\n<p>\u0422\u0440\u0438\u0432\u0430\u043b\u0456\u0441\u0442\u044c \u0437\u0430\u043d\u044f\u0442\u044c \u0432\u0456\u0434 8 \u0434\u043e 20 \u0433\u043e\u0434\u0438\u043d. \u0426\u0456 \u0440\u043e\u0437\u0431\u0456\u0436\u043d\u043e\u0441\u0442\u0456 \u0437\u0443\u043c\u043e\u0432\u043b\u0435\u043d\u0456 \u0442\u0438\u043c, \u0449\u043e \u0432 \u043e\u043a\u0440\u0435\u043c\u0438\u0445 \u0433\u0440\u0443\u043f\u0430\u0445 \u0437\u0430\u043d\u044f\u0442\u0442\u044f \u043c\u043e\u0436\u0443\u0442\u044c \u043f\u0440\u043e\u0432\u043e\u0434\u0438\u0442\u0438\u0441\u044f \u0432 \u043f\u043e\u0432\u043d\u043e\u043c\u0443 \u0430\u0431\u043e \u0437\u043c\u0435\u043d\u0448\u0435\u043d\u043e\u043c\u0443 \u043e\u0431\u0441\u044f\u0437\u0456, \u0437\u0430\u043b\u0435\u0436\u043d\u043e \u0432\u0456\u0434 \u0434\u043e\u0441\u0432\u0456\u0434\u0443 \u0442\u0430 \u043f\u043e\u0442\u0440\u0435\u0431 \u0443\u0447\u0430\u0441\u043d\u0438\u043a\u0456\u0432. \u041d\u0430\u0432\u0447\u0430\u043b\u044c\u043d\u0430 \u0447\u0430\u0448\u0430 \u0437\u0433\u0456\u0434\u043d\u043e \u0437 \u043f\u0440\u043e\u0433\u0440\u0430\u043c\u043e\u044e, \u0443\u0437\u0433\u043e\u0434\u0436\u0435\u043d\u043e\u044e \u0437 \u043a\u0443\u0440\u0430\u0442\u043e\u0440\u043e\u043c, \u0432\u043a\u043b\u044e\u0447\u0430\u0454 \u043c\u043e\u0436\u043b\u0438\u0432\u0456\u0441\u0442\u044c \u0430\u0434\u0430\u043f\u0442\u0430\u0446\u0456\u0457, \u0442\u043e\u0431\u0442\u043e \u0457\u0457 \u043c\u043e\u0436\u043d\u0430 \u0441\u043a\u043e\u0440\u043e\u0442\u0438\u0442\u0438 \u0430\u0431\u043e \u0440\u043e\u0437\u0448\u0438\u0440\u0438\u0442\u0438 \u0432\u0456\u0434\u043f\u043e\u0432\u0456\u0434\u043d\u043e \u0434\u043e \u043f\u043e\u0442\u0440\u0435\u0431 \u0441\u0442\u0443\u0434\u0435\u043d\u0442\u0430 \/ \u0433\u0440\u0443\u043f\u0438.<\/p>\n<p>\u041e\u0431\u0441\u044f\u0433 \u043c\u0430\u0442\u0435\u0440\u0456\u0430\u043b\u0443 \u043f\u0456\u0434 \u0447\u0430\u0441 \u043d\u0430\u0432\u0447\u0430\u043d\u043d\u044f \u0443\u0437\u0433\u043e\u0434\u0436\u0443\u0454\u0442\u044c\u0441\u044f \u0437 \u043e\u0431\u0441\u044f\u0433\u043e\u043c \u0437\u043d\u0430\u043d\u044c \u0456 \u0432\u043c\u0456\u043d\u044c, \u043d\u0435\u043e\u0431\u0445\u0456\u0434\u043d\u0438\u0445 \u043d\u0430 \u0434\u0435\u0440\u0436\u0430\u0432\u043d\u043e\u043c\u0443 \u0456\u0441\u043f\u0438\u0442\u0456. \u041f\u0440\u0438\u043a\u043b\u0430\u0434\u0438 \u043f\u0440\u043e\u0431\u043b\u0435\u043c, \u044f\u043a\u0456 \u043f\u0456\u0434\u043d\u0456\u043c\u0430\u044e\u0442\u044c \u0456\u043d\u0441\u0442\u0440\u0443\u043a\u0442\u043e\u0440\u0438, \u0432\u043a\u043b\u044e\u0447\u0430\u044e\u0442\u044c:<\/p>\n<ul>\n<li>\u0422\u0435\u0445\u043d\u0456\u043a\u0430 \u0431\u0435\u0437\u043f\u0435\u043a\u0438 \u0442\u0430 \u0432\u0456\u0434\u043f\u043e\u0432\u0456\u0434\u043d\u0430 \u0432\u0456\u0434\u043f\u043e\u0432\u0456\u0434\u0430\u043b\u044c\u043d\u0456\u0441\u0442\u044c \u043e\u043f\u0435\u0440\u0430\u0442\u043e\u0440\u0430 \u043f\u0435\u0440\u0435\u0434 \u043f\u043e\u0447\u0430\u0442\u043a\u043e\u043c \u0440\u043e\u0431\u043e\u0442\u0438, \u0430 \u0442\u0430\u043a\u043e\u0436 \u043f\u0456\u0434 \u0447\u0430\u0441 \u0456 \u043f\u0456\u0441\u043b\u044f \u0440\u043e\u0431\u043e\u0442\u0438<\/li>\n<li>\u0411\u0443\u0434\u0456\u0432\u043d\u0438\u0446\u0442\u0432\u043e \u0441\u0442\u0430\u0446\u0456\u043e\u043d\u0430\u0440\u043d\u0438\u0445 \u043f\u043b\u0430\u0442\u0444\u043e\u0440\u043c<\/li>\n<li>\u041f\u043e\u043b\u043e\u0436\u0435\u043d\u043d\u044f \u0449\u043e\u0434\u043e \u0442\u0435\u0445\u043d\u0456\u0447\u043d\u043e\u0433\u043e \u043d\u0430\u0433\u043b\u044f\u0434\u0443<\/li>\n<li>\u041f\u0440\u0430\u0432\u0438\u043b\u0430 \u043f\u043e\u0432\u0435\u0434\u0456\u043d\u043a\u0438 \u0432 \u043d\u0435\u0441\u0442\u0430\u043d\u0434\u0430\u0440\u0442\u043d\u0438\u0445 \u0441\u0438\u0442\u0443\u0430\u0446\u0456\u044f\u0445: \u043f\u043e\u043b\u043e\u043c\u043a\u0438, \u043d\u0435\u0449\u0430\u0441\u043d\u0456 \u0432\u0438\u043f\u0430\u0434\u043a\u0438 \u043d\u0430 \u0432\u0438\u0440\u043e\u0431\u043d\u0438\u0446\u0442\u0432\u0456<\/li>\n<\/ul>\n<p>\u0406\u0441\u043f\u0438\u0442, \u044f\u043a\u0438\u0439 \u043f\u0440\u043e\u0432\u043e\u0434\u0438\u0442\u044c UDT Warszawa \u0430\u0431\u043e \u0456\u043d\u0448\u0430 \u043a\u043e\u043c\u0456\u0441\u0456\u044f, \u0432\u0456\u0434\u0431\u0443\u0432\u0430\u0454\u0442\u044c\u0441\u044f \u043f\u0456\u0441\u043b\u044f \u0442\u043e\u0433\u043e, \u044f\u043a \u0443\u0447\u0430\u0441\u043d\u0438\u043a\u0438 \u043f\u0440\u043e\u0439\u0448\u043b\u0438 \u043b\u0435\u043a\u0446\u0456\u0457 \u0442\u0430 \u043f\u0440\u0430\u043a\u0442\u0438\u0447\u043d\u0443 \u0447\u0430\u0441\u0442\u0438\u043d\u0443. \u041f\u0456\u0441\u043b\u044f \u043e\u0442\u0440\u0438\u043c\u0430\u043d\u043d\u044f \u043f\u043e\u0437\u0438\u0442\u0438\u0432\u043d\u043e\u0457 \u043e\u0446\u0456\u043d\u043a\u0438 \u0456\u0441\u043f\u0438\u0442\u0443 \u043a\u0430\u043d\u0434\u0438\u0434\u0430\u0442 \u043e\u0442\u0440\u0438\u043c\u0443\u0454 \u043a\u0432\u0430\u043b\u0456\u0444\u0456\u043a\u0430\u0446\u0456\u044e \u0434\u043b\u044f \u0441\u0442\u0430\u0446\u0456\u043e\u043d\u0430\u0440\u043d\u0438\u0445 \u043c\u043e\u0431\u0456\u043b\u044c\u043d\u0438\u0445 \u043f\u043b\u0430\u0442\u0444\u043e\u0440\u043c \u0456 \u043f\u0456\u0434\u0432\u0456\u0441\u043d\u0438\u0445 \u043f\u043b\u0430\u0442\u0444\u043e\u0440\u043c. \u041b\u0456\u0446\u0435\u043d\u0437\u0456\u0457, \u0432\u0438\u0434\u0430\u043d\u0456 \u0423\u0414\u0422, \u0434\u0456\u044e\u0442\u044c 10 \u0440\u043e\u043a\u0456\u0432.<\/p>\n<p>\u041a\u0432\u0430\u043b\u0456\u0444\u0456\u043a\u0430\u0446\u0456\u044f \u0432 \u043e\u0431\u043b\u0430\u0441\u0442\u0456 \u0435\u043a\u0441\u043f\u043b\u0443\u0430\u0442\u0430\u0446\u0456\u0457 \u043c\u043e\u0436\u0435 \u0431\u0443\u0442\u0438 \u0434\u043e\u043f\u043e\u0432\u043d\u0435\u043d\u0430, \u0432\u0437\u044f\u0432\u0448\u0438 \u0443\u0447\u0430\u0441\u0442\u044c \u0432 \u0456\u043d\u0448\u0438\u0445 \u043d\u0430\u0448\u0438\u0445 \u043d\u0430\u0432\u0447\u0430\u043b\u044c\u043d\u0438\u0445 \u043a\u0443\u0440\u0441\u0430\u0445: \u043f\u0456\u0434\u0439\u043e\u043c\u043d\u0456 \u043a\u0443\u0440\u0441\u0438, \u0441\u0430\u043c\u043e\u0445\u0456\u0434\u043d\u0456 \u043c\u043e\u0431\u0456\u043b\u044c\u043d\u0456 \u043f\u043b\u0430\u0442\u0444\u043e\u0440\u043c\u0438 \u0430\u0431\u043e \u0442\u0438\u0445\u043e\u0445\u0456\u0434\u043d\u0456 \u043c\u043e\u0431\u0456\u043b\u044c\u043d\u0456 \u043f\u043b\u0430\u0442\u0444\u043e\u0440\u043c\u0438.<\/p>\n<p><a href=\"https:\/\/odk-ergon.pl\/wp-content\/uploads\/2022\/11\/Szablon-odk-ergon.png\"><img loading=\"lazy\" decoding=\"async\" class=\"aligncenter wp-image-2567\" src=\"https:\/\/odk-ergon.pl\/wp-content\/uploads\/2022\/11\/Szablon-odk-ergon-300x175.png\" alt=\"\" width=\"750\" height=\"438\" srcset=\"https:\/\/odk-ergon.pl\/wp-content\/uploads\/2022\/11\/Szablon-odk-ergon-300x175.png 300w, https:\/\/odk-ergon.pl\/wp-content\/uploads\/2022\/11\/Szablon-odk-ergon-1024x597.png 1024w, https:\/\/odk-ergon.pl\/wp-content\/uploads\/2022\/11\/Szablon-odk-ergon-768x448.png 768w, https:\/\/odk-ergon.pl\/wp-content\/uploads\/2022\/11\/Szablon-odk-ergon-18x12.png 18w, https:\/\/odk-ergon.pl\/wp-content\/uploads\/2022\/11\/Szablon-odk-ergon-624x364.png 624w, https:\/\/odk-ergon.pl\/wp-content\/uploads\/2022\/11\/Szablon-odk-ergon.png 1200w\" sizes=\"auto, (max-width: 750px) 100vw, 750px\" \/><\/a><\/p>","protected":false},"excerpt":{"rendered":"<p>Zaj\u0119cia s\u0105 przeznaczone dla os\u00f3b, kt\u00f3re chcia\u0142yby pracowa\u0107 w zawodzie operatora obs\u0142uguj\u0105cego podesty ruchome stacjonarne. Udzia\u0142 w kursie umo\u017cliwia uzyskanie uprawnie\u0144 na te urz\u0105dzenia &#8211; po zako\u0144czeniu zaj\u0119\u0107 uczestnicy maj\u0105 mo\u017cliwo\u015b\u0107 podej\u015bcia do egzaminu pa\u0144stwowego przeprowadzanego przez UDT. Szkolenia zosta\u0142y przygotowane zgodnie z wymogami Urz\u0119du Dozoru Technicznego oraz ustawy o dozorze technicznym. Podesty ruchome stacjonarne \u2013 informacje Podest ruchomy stacjonarny jest, zgodnie z definicj\u0105 Urz\u0119du Dozoru Technicznego, urz\u0105dzeniem transportu bliskiego. Jest przeznaczony do transportu os\u00f3b, towar\u00f3w i narz\u0119dzi na stanowisko pracy. Podest stacjonarny nie ma mo\u017cliwo\u015bci przemieszczania si\u0119, jest montowany w danym miejscu na sta\u0142e lub na d\u0142u\u017cszy czas. Sk\u0142ada si\u0119 z podwozia, platformy roboczej oraz wysi\u0119gnika no\u017cycowego lub teleskopowego. Wysoko\u015b\u0107 robocza oraz maksymalny ud\u017awig zale\u017c\u0105 od parametr\u00f3w poszczeg\u00f3lnych modeli, ale najcz\u0119\u015bciej podesty stacjonarne umo\u017cliwiaj\u0105 transport na wysoko\u015b\u0107 do kilkunastu metr\u00f3w, a ich kosze mieszcz\u0105 jednego lub dw\u00f3ch pracownik\u00f3w. Z tego typu urz\u0105dze\u0144 korzysta si\u0119 cz\u0119sto w pomieszczeniach: halach fabrycznych, magazynach itp., ale mo\u017cna je ustawia\u0107 tak\u017ce na zewn\u0105trz, na przyk\u0142ad podczas prac na elewacji budynk\u00f3w &#8211; mog\u0105 wtedy zast\u0119powa\u0107 rusztowanie. Razem z podestami ruchomymi wisz\u0105cymi urz\u0105dzenia te zaliczane s\u0105 przez UDT do kategorii II urz\u0105dze\u0144 transportu bliskiego. Kurs operatora podest\u00f3w ruchomych &#8211; szczeg\u00f3\u0142y Zaj\u0119cia prowadzone s\u0105 w formie wyk\u0142ad\u00f3w oraz \u0107wicze\u0144 praktycznych. Odbywaj\u0105 si\u0119 w r\u00f3\u017cnych lokalizacjach. Organizujemy szkolenia z podest\u00f3w ruchomych w Warszawie, na \u015al\u0105sku, w Krakowie i innych du\u017cych miastach. Prowadzimy r\u00f3wnie\u017c szkolenia zamkni\u0119te dla firm. W cz\u0119\u015bci teoretycznej uczestnicy mog\u0105 bra\u0107 udzia\u0142 tak\u017ce przez internet, ogl\u0105daj\u0105c prowadzone przez instruktor\u00f3w webinary. Szczeg\u00f3\u0142owe informacje na temat dost\u0119pnych termin\u00f3w zaj\u0119\u0107 w poszczeg\u00f3lnych miastach publikujemy [&hellip;]<\/p>\n","protected":false},"author":1,"featured_media":2518,"parent":1828,"menu_order":0,"comment_status":"closed","ping_status":"closed","template":"","meta":{"sfsi_plus_gutenberg_text_before_share":"","sfsi_plus_gutenberg_show_text_before_share":"","sfsi_plus_gutenberg_icon_type":"","sfsi_plus_gutenberg_icon_alignemt":"","sfsi_plus_gutenburg_max_per_row":"","footnotes":""},"class_list":["post-1984","page","type-page","status-publish","has-post-thumbnail","hentry","has_thumb"],"aioseo_notices":[],"_links":{"self":[{"href":"https:\/\/odk-ergon.pl\/ua\/wp-json\/wp\/v2\/pages\/1984","targetHints":{"allow":["GET"]}}],"collection":[{"href":"https:\/\/odk-ergon.pl\/ua\/wp-json\/wp\/v2\/pages"}],"about":[{"href":"https:\/\/odk-ergon.pl\/ua\/wp-json\/wp\/v2\/types\/page"}],"author":[{"embeddable":true,"href":"https:\/\/odk-ergon.pl\/ua\/wp-json\/wp\/v2\/users\/1"}],"replies":[{"embeddable":true,"href":"https:\/\/odk-ergon.pl\/ua\/wp-json\/wp\/v2\/comments?post=1984"}],"version-history":[{"count":5,"href":"https:\/\/odk-ergon.pl\/ua\/wp-json\/wp\/v2\/pages\/1984\/revisions"}],"predecessor-version":[{"id":2571,"href":"https:\/\/odk-ergon.pl\/ua\/wp-json\/wp\/v2\/pages\/1984\/revisions\/2571"}],"up":[{"embeddable":true,"href":"https:\/\/odk-ergon.pl\/ua\/wp-json\/wp\/v2\/pages\/1828"}],"wp:featuredmedia":[{"embeddable":true,"href":"https:\/\/odk-ergon.pl\/ua\/wp-json\/wp\/v2\/media\/2518"}],"wp:attachment":[{"href":"https:\/\/odk-ergon.pl\/ua\/wp-json\/wp\/v2\/media?parent=1984"}],"curies":[{"name":"wp","href":"https:\/\/api.w.org\/{rel}","templated":true}]}}