{"id":2504,"date":"2022-09-29T11:12:48","date_gmt":"2022-09-29T09:12:48","guid":{"rendered":"https:\/\/odk-ergon.pl\/?page_id=2504"},"modified":"2023-03-15T20:20:33","modified_gmt":"2023-03-15T19:20:33","slug":"%d0%ba%d0%be%d0%bf%d1%82%d0%b8%d0%bb%d1%8c%d0%bd%d0%b0-%d0%bf%d1%96%d1%87-%d0%ba%d0%be%d1%82%d0%b5%d0%bb","status":"publish","type":"page","link":"https:\/\/odk-ergon.pl\/ua\/szkolenia\/szkolenia-sep\/palacz-piecow-i-kotlow\/","title":{"rendered":"\u041a\u0443\u0440\u0441\u0438 \u043a\u043e\u0447\u0435\u0433\u0430\u0440\u0456\u0432 \u0442\u0430 \u043a\u043e\u0447\u0435\u0433\u0430\u0440\u0456\u0432 \u043a\u043e\u0442\u043b\u0456\u0432 \u0437 ERGON"},"content":{"rendered":"<div class=\"wp-block-image\">\n<figure class=\"alignright size-large is-resized\"><img loading=\"lazy\" decoding=\"async\" src=\"https:\/\/odk-ergon.pl\/wp-content\/uploads\/2022\/09\/1-8.jpeg\" alt=\"\u043a\u043e\u0447\u0435\u0433\u0430\u0440 \u043a\u043e\u0442\u043b\u0430\" width=\"400\" height=\"267\"\/><\/figure>\n<\/div>\n\n\n<p>\u042f\u043a\u0449\u043e \u0432\u0438 \u0448\u0443\u043a\u0430\u0454\u0442\u0435 \u0440\u043e\u0431\u043e\u0442\u0443 \u043a\u043e\u0447\u0435\u0433\u0430\u0440\u0430 \u0442\u043e\u043f\u043a\u043e\u0432\u0438\u0445 \u0442\u0430 \u043a\u043e\u0442\u043b\u0456\u0432 \u0446\u0435\u043d\u0442\u0440\u0430\u043b\u044c\u043d\u043e\u0433\u043e \u043e\u043f\u0430\u043b\u0435\u043d\u043d\u044f, \u0442\u043e\u0434\u0456 \u0446\u0435\u0439 \u043a\u0443\u0440\u0441 \u0434\u043b\u044f \u0432\u0430\u0441. \u041d\u0430 \u0440\u0438\u043d\u043a\u0443 \u043f\u0440\u0430\u0446\u0456 \u0456\u0441\u043d\u0443\u0454 \u0434\u0435\u0444\u0456\u0446\u0438\u0442 \u0444\u0430\u0445\u0456\u0432\u0446\u0456\u0432, \u0456 \u0432\u043e\u043d\u0438 \u043a\u043e\u0440\u0438\u0441\u0442\u0443\u044e\u0442\u044c\u0441\u044f \u0433\u043e\u0441\u0442\u0440\u0438\u043c \u043f\u043e\u043f\u0438\u0442\u043e\u043c. \u042f\u043a\u0449\u043e \u0432\u0438 \u0437\u0430\u043a\u0456\u043d\u0447\u0438\u0442\u0435 \u043d\u0430\u0448 \u043a\u0443\u0440\u0441, \u0432\u0438 \u0431\u0435\u0437 \u043f\u0440\u043e\u0431\u043b\u0435\u043c \u0437\u043d\u0430\u0439\u0434\u0435\u0442\u0435 \u0441\u0432\u0456\u0439 \u0448\u043b\u044f\u0445 \u043d\u0430 \u0440\u0438\u043d\u043a\u0443 \u043f\u0440\u0430\u0446\u0456. \u0421\u0438\u0441\u0442\u0435\u043c\u0438 \u043a\u043e\u0433\u0435\u043d\u0435\u0440\u0430\u0446\u0456\u0457 \u0447\u0430\u0441\u0442\u043e \u0454 \u0441\u043a\u043b\u0430\u0434\u043d\u0438\u043c\u0438 \u043f\u0440\u0438\u0441\u0442\u0440\u043e\u044f\u043c\u0438 \u043f\u043e\u0442\u0443\u0436\u043d\u0456\u0441\u0442\u044e \u043f\u043e\u043d\u0430\u0434 50 \u043a\u0412\u0442, \u044f\u043a\u0456 \u043e\u043f\u0430\u043b\u044e\u044e\u0442\u044c \u0440\u0456\u0437\u043d\u0456 \u0431\u0443\u0434\u0456\u0432\u043b\u0456, \u0442\u0430\u043a\u0456 \u044f\u043a \u0448\u043a\u043e\u043b\u0438, \u043e\u0444\u0456\u0441\u043d\u0456 \u0431\u0443\u0434\u0456\u0432\u043b\u0456 \u0442\u043e\u0449\u043e.&nbsp; <\/p>\n\n\n\n<p>\u042f\u043a\u0449\u043e \u0432\u0438 \u0445\u043e\u0447\u0435\u0442\u0435 \u043f\u0440\u0430\u0446\u044e\u0432\u0430\u0442\u0438 \u0437 \u0446\u0438\u043c\u0438 \u043f\u0440\u0438\u0441\u0442\u0440\u043e\u044f\u043c\u0438, \u043d\u0435\u043e\u0431\u0445\u0456\u0434\u043d\u043e \u043f\u0440\u043e\u0439\u0442\u0438 \u0432\u0456\u0434\u043f\u043e\u0432\u0456\u0434\u043d\u0435 \u043d\u0430\u0432\u0447\u0430\u043d\u043d\u044f \u0442\u0430 \u0441\u043a\u043b\u0430\u0441\u0442\u0438 \u0456\u0441\u043f\u0438\u0442. \u041f\u0456\u0441\u043b\u044f \u0446\u044c\u043e\u0433\u043e \u043c\u043e\u0436\u043d\u0430 \u043e\u0442\u0440\u0438\u043c\u0430\u0442\u0438 \u0441\u0435\u0440\u0442\u0438\u0444\u0456\u043a\u0430\u0442. \u0422\u043e\u043c\u0443, \u044f\u043a\u0449\u043e \u0432\u0438 \u0445\u043e\u0447\u0435\u0442\u0435 \u043e\u0442\u0440\u0438\u043c\u0430\u0442\u0438 \u0441\u0435\u0440\u0442\u0438\u0444\u0456\u043a\u0430\u0442, \u0437\u0440\u043e\u0431\u0456\u0442\u044c \u0446\u0435 \u0440\u0430\u0437\u043e\u043c \u0437 ERGON! \u0417\u0440\u043e\u0441\u0442\u0430\u0439\u0442\u0435 \u0440\u0430\u0437\u043e\u043c \u0437 \u043d\u0430\u043c\u0438 \u0442\u0430 \u043f\u0456\u0434\u0432\u0438\u0449\u0443\u0439\u0442\u0435 \u0441\u0432\u043e\u044e \u043a\u0432\u0430\u043b\u0456\u0444\u0456\u043a\u0430\u0446\u0456\u044e.&nbsp;<\/p>\n\n\n\n<h2 class=\"wp-block-heading\"><strong>\u0427\u043e\u043c\u0443 \u0412\u0438 \u043d\u0430\u0432\u0447\u0438\u0442\u0435\u0441\u044f \u043d\u0430 \u043d\u0430\u0448\u043e\u043c\u0443 \u043a\u0443\u0440\u0441\u0456?<\/strong>&nbsp;<\/h2>\n\n\n\n<p>\u0412 ERGON \u043c\u0438 \u0437\u043e\u0441\u0435\u0440\u0435\u0434\u0436\u0443\u0454\u043c\u043e\u0441\u044f \u043d\u0430 \u044f\u043a\u043e\u0441\u0442\u0456 \u043e\u0441\u0432\u0456\u0442\u0438 \u0442\u0430 \u0430\u043a\u0442\u0438\u0432\u043d\u0456\u0439 \u0443\u0447\u0430\u0441\u0442\u0456 \u0441\u0442\u0443\u0434\u0435\u043d\u0442\u0456\u0432 \u0443 \u0437\u0430\u043d\u044f\u0442\u0442\u044f\u0445. \u041d\u0430\u0448\u0456 \u043a\u0432\u0430\u043b\u0456\u0444\u0456\u043a\u043e\u0432\u0430\u043d\u0456 \u0432\u0438\u043a\u043b\u0430\u0434\u0430\u0447\u0456 \u043f\u043e\u0434\u0431\u0430\u044e\u0442\u044c \u043f\u0440\u043e \u0442\u0435, \u0449\u043e\u0431 \u0437\u043d\u0430\u043d\u043d\u044f, \u044f\u043a\u0456 \u0432\u0438 \u043e\u0442\u0440\u0438\u043c\u0430\u0454\u0442\u0435, \u0437\u0430\u043b\u0438\u0448\u0438\u043b\u0438\u0441\u044f \u0437 \u0432\u0430\u043c\u0438 \u043d\u0430\u0434\u043e\u0432\u0433\u043e. \u041f\u0456\u0434 \u0447\u0430\u0441 \u043d\u0430\u0432\u0447\u0430\u043d\u043d\u044f \u0432\u0438 \u043e\u0442\u0440\u0438\u043c\u0430\u0454\u0442\u0435 \u0437\u043d\u0430\u043d\u043d\u044f \u0432 \u043d\u0430\u0441\u0442\u0443\u043f\u043d\u0438\u0445 \u0441\u0444\u0435\u0440\u0430\u0445:&nbsp;<\/p>\n\n\n\n<ul class=\"wp-block-list\">\n<li>\u0437\u0430\u043a\u043e\u043d\u043e\u0434\u0430\u0432\u0441\u0442\u0432\u043e, \u0437\u043e\u043a\u0440\u0435\u043c\u0430, \u043f\u0440\u043e \u0442\u0435\u0445\u043d\u0456\u0447\u043d\u0438\u0439 \u043d\u0430\u0433\u043b\u044f\u0434,&nbsp;<\/li>\n\n\n\n<li>\u043e\u0440\u0433\u0430\u043d\u0456\u0437\u0430\u0446\u0456\u044f \u043f\u0440\u0430\u0446\u0456,&nbsp;<\/li>\n\n\n\n<li>\u043d\u043e\u0432\u0438\u043d\u0438 \u0442\u0435\u043f\u043b\u043e\u0442\u0435\u0445\u043d\u0456\u043a\u0438,&nbsp;<\/li>\n\n\n\n<li>\u0441\u0445\u0435\u043c\u0430 \u043a\u043e\u0442\u0435\u043b\u044c\u043d\u0456 \u0446\u0435\u043d\u0442\u0440\u0430\u043b\u044c\u043d\u043e\u0433\u043e \u043e\u043f\u0430\u043b\u0435\u043d\u043d\u044f,&nbsp;<\/li>\n\n\n\n<li>\u0442\u0435\u043c\u0430 \u0432\u043e\u0434\u0438 \u0432 \u0442\u0435\u043f\u043b\u043e\u0432\u043e\u043c\u0443 \u0433\u043e\u0441\u043f\u043e\u0434\u0430\u0440\u0441\u0442\u0432\u0456,&nbsp;<\/li>\n\n\n\n<li>\u043f\u0430\u0440\u043e\u0432\u0456 \u0442\u0430 \u0432\u043e\u0434\u043e\u0433\u0440\u0456\u0439\u043d\u0456 \u043a\u043e\u0442\u043b\u0438.&nbsp;<\/li>\n<\/ul>\n\n\n\n<h2 class=\"wp-block-heading\"><strong>\u042f\u043a \u0432\u0438\u0433\u043b\u044f\u0434\u0430\u0454 \u043e\u0431\u0441\u0442\u0435\u0436\u0435\u043d\u043d\u044f?<\/strong>&nbsp;<\/h2>\n\n\n<div class=\"wp-block-image\">\n<figure class=\"alignright size-large is-resized\"><img loading=\"lazy\" decoding=\"async\" src=\"https:\/\/odk-ergon.pl\/wp-content\/uploads\/2022\/09\/2-8.jpeg\" alt=\"\u0420\u043e\u0431\u043e\u0442\u0430 \u043a\u043e\u0447\u0435\u0433\u0430\u0440\u0430 \u0421\u041e\" width=\"400\" height=\"267\"\/><\/figure>\n<\/div>\n\n\n<p>\u0406\u0441\u043f\u0438\u0442 \u0441\u043a\u043b\u0430\u0434\u0430\u0454\u0442\u044c\u0441\u044f \u0437 \u0434\u0432\u043e\u0445 \u0447\u0430\u0441\u0442\u0438\u043d - \u0442\u0435\u043e\u0440\u0435\u0442\u0438\u0447\u043d\u043e\u0457 \u0442\u0430 \u043f\u0440\u0430\u043a\u0442\u0438\u0447\u043d\u043e\u0457. \u0417\u0430\u043d\u044f\u0442\u0442\u044f \u0432 \u0426\u0435\u043d\u0442\u0440\u0456 ERGON \u043f\u043e\u0431\u0443\u0434\u043e\u0432\u0430\u043d\u0456 \u0442\u0430\u043a\u0438\u043c \u0447\u0438\u043d\u043e\u043c, \u0449\u043e\u0431 \u043a\u043e\u0436\u0435\u043d \u0441\u043b\u0443\u0445\u0430\u0447 \u043e\u0442\u0440\u0438\u043c\u0430\u0432 \u043f\u043e\u0437\u0438\u0442\u0438\u0432\u043d\u0438\u0439 \u0440\u0435\u0437\u0443\u043b\u044c\u0442\u0430\u0442 \u043d\u0430 \u0456\u0441\u043f\u0438\u0442\u0456 \u0442\u0430 \u0441\u0435\u0440\u0442\u0438\u0444\u0456\u043a\u0430\u0442. \u041f\u043e\u0437\u0438\u0442\u0438\u0432\u043d\u0438\u0439 \u0440\u0435\u0437\u0443\u043b\u044c\u0442\u0430\u0442 \u0433\u0430\u0440\u0430\u043d\u0442\u0443\u0454 \u043e\u0442\u0440\u0438\u043c\u0430\u043d\u043d\u044f \u0441\u0435\u0440\u0442\u0438\u0444\u0456\u043a\u0430\u0442\u0443, \u044f\u043a\u0438\u0439 \u0432\u0438\u0437\u043d\u0430\u0454\u0442\u044c\u0441\u044f \u043d\u0435 \u0442\u0456\u043b\u044c\u043a\u0438 \u0432 \u041f\u043e\u043b\u044c\u0449\u0456, \u0430\u043b\u0435 \u0456 \u0432 \u0404\u0421. \u0412\u0430\u0440\u0442\u043e \u043f\u0430\u043c'\u044f\u0442\u0430\u0442\u0438, \u0449\u043e \u0434\u043b\u044f \u0441\u043a\u043b\u0430\u0434\u0430\u043d\u043d\u044f \u0456\u0441\u043f\u0438\u0442\u0443 \u043d\u0435\u043e\u0431\u0445\u0456\u0434\u043d\u043e \u043c\u0430\u0442\u0438 \u043f\u0440\u0438 \u0441\u043e\u0431\u0456 \u043f\u043e\u0441\u0432\u0456\u0434\u0447\u0435\u043d\u043d\u044f \u043e\u0441\u043e\u0431\u0438, \u0440\u043e\u0431\u043e\u0447\u0438\u0439 \u043e\u0434\u044f\u0433 \u0442\u0430 \u0432\u0456\u0434\u043f\u043e\u0432\u0456\u0434\u043d\u0456 \u0437\u0430\u0441\u043e\u0431\u0438 \u0456\u043d\u0434\u0438\u0432\u0456\u0434\u0443\u0430\u043b\u044c\u043d\u043e\u0433\u043e \u0437\u0430\u0445\u0438\u0441\u0442\u0443.&nbsp;<\/p>\n\n\n\n<h2 class=\"wp-block-heading\"><strong>\u0425\u0442\u043e \u0442\u0430\u043a\u0438\u0439 \u043a\u043e\u0447\u0435\u0433\u0430\u0440 \u043a\u043e\u0442\u0435\u043b\u044c\u043d\u0456?<\/strong>&nbsp;<\/h2>\n\n\n\n<p>\u041a\u043e\u0447\u0435\u0433\u0430\u0440 \u043a\u043e\u0442\u0435\u043b\u044c\u043d\u0456 \u0437\u043d\u0430\u0439\u0434\u0435 \u0440\u043e\u0431\u043e\u0442\u0443 \u0432 \u0431\u0430\u0433\u0430\u0442\u044c\u043e\u0445 \u0434\u0435\u0440\u0436\u0430\u0432\u043d\u0438\u0445 \u0443\u0441\u0442\u0430\u043d\u043e\u0432\u0430\u0445, \u0442\u0430\u043a\u0438\u0445 \u044f\u043a \u0448\u043a\u043e\u043b\u0438 \u0430\u0431\u043e \u043b\u0456\u043a\u0430\u0440\u043d\u0456, \u0456 \u0432 \u0431\u0430\u0433\u0430\u0442\u044c\u043e\u0445 \u0456\u043d\u0448\u0438\u0445 \u0433\u0440\u043e\u043c\u0430\u0434\u0441\u044c\u043a\u0438\u0445 \u043c\u0456\u0441\u0446\u044f\u0445. \u0412\u0430\u0436\u043b\u0438\u0432\u043e \u043f\u0430\u043c'\u044f\u0442\u0430\u0442\u0438, \u0449\u043e \u0440\u043e\u0431\u043e\u0442\u0430 \u0437\u0432\u0430\u0440\u044e\u0432\u0430\u043b\u044c\u043d\u0438\u043a\u0430 \u043d\u0430\u0434\u0437\u0432\u0438\u0447\u0430\u0439\u043d\u043e \u0432\u0456\u0434\u043f\u043e\u0432\u0456\u0434\u0430\u043b\u044c\u043d\u0430 \u0456 \u0432\u0438\u043c\u0430\u0433\u0430\u0454 \u0432\u0456\u0434\u043f\u043e\u0432\u0456\u0434\u043d\u043e\u0457 \u043a\u0432\u0430\u043b\u0456\u0444\u0456\u043a\u0430\u0446\u0456\u0457, \u044f\u043a\u0443 \u0432\u0438 \u043c\u043e\u0436\u0435\u0442\u0435 \u043e\u0442\u0440\u0438\u043c\u0430\u0442\u0438 \u0443 \u043d\u0430\u0441.&nbsp;&nbsp;<\/p>\n\n\n\n<h2 class=\"wp-block-heading\"><strong>\u0412\u0438\u043c\u043e\u0433\u0438 \u0434\u043b\u044f \u043f\u0440\u043e\u0445\u043e\u0434\u0436\u0435\u043d\u043d\u044f \u043a\u0443\u0440\u0441\u0443<\/strong><\/h2>\n\n\n\n<p>\u0412\u0441\u0435, \u0449\u043e \u0432\u0456\u0434 \u0432\u0430\u0441 \u0432\u0438\u043c\u0430\u0433\u0430\u0454\u0442\u044c\u0441\u044f:&nbsp;<\/p>\n\n\n\n<ul class=\"wp-block-list\">\n<li>\u0432\u0430\u043c \u0432\u0438\u043f\u043e\u0432\u043d\u0438\u043b\u043e\u0441\u044f 18 \u0440\u043e\u043a\u0456\u0432,&nbsp;<\/li>\n\n\n\n<li>\u0443 \u0432\u0430\u0441 \u043d\u0435\u043c\u0430\u0454 \u043f\u0440\u043e\u0442\u0438\u043f\u043e\u043a\u0430\u0437\u0430\u043d\u044c \u0437\u0430 \u0441\u0442\u0430\u043d\u043e\u043c \u0437\u0434\u043e\u0440\u043e\u0432'\u044f,&nbsp;<\/li>\n\n\n\n<li>\u0432\u0438 \u043c\u0430\u0454\u0442\u0435 \u043f\u0440\u0438\u043d\u0430\u0439\u043c\u043d\u0456 \u043f\u043e\u0447\u0430\u0442\u043a\u043e\u0432\u0443 \u043e\u0441\u0432\u0456\u0442\u0443.&nbsp;<\/li>\n<\/ul>\n\n\n\n<p><strong>\u0427\u043e\u043c\u0443 \u043c\u0435\u0434\u0438\u0447\u043d\u0456 \u043e\u0433\u043b\u044f\u0434\u0438 \u0454 \u0432\u0430\u0436\u043b\u0438\u0432\u0438\u043c\u0438 \u0442\u0430 \u043d\u0435\u043e\u0431\u0445\u0456\u0434\u043d\u0438\u043c\u0438?<\/strong>&nbsp;<\/p>\n\n\n\n<p>\u0426\u0435 \u0444\u0456\u0437\u0438\u0447\u043d\u0430 \u0440\u043e\u0431\u043e\u0442\u0430, \u0434\u0435 \u0437\u0434\u043e\u0440\u043e\u0432'\u044f \u0442\u0430 \u0444\u0456\u0437\u0438\u0447\u043d\u0430 \u0444\u043e\u0440\u043c\u0430 \u0454 \u0432\u0430\u0436\u043b\u0438\u0432\u0438\u043c\u0438. \u0417\u0432\u0456\u0434\u0441\u0438 \u0432\u0438\u043c\u043e\u0433\u0430 \u043d\u0430\u0434\u0430\u0442\u0438 \u043c\u0435\u0434\u0438\u0447\u043d\u0443 \u0434\u043e\u0432\u0456\u0434\u043a\u0443. \u041f\u0456\u0434 \u0447\u0430\u0441 \u043e\u0433\u043b\u044f\u0434\u0443 \u043b\u0456\u043a\u0430\u0440 \u043f\u0435\u0440\u0435\u0432\u0456\u0440\u0438\u0442\u044c \u0441\u0442\u0430\u043d \u0432\u0430\u0448\u043e\u0433\u043e \u0437\u043e\u0440\u0443, \u0441\u043b\u0443\u0445\u0443, \u043d\u044e\u0445\u0443 \u0442\u0430 \u0444\u0456\u0437\u0438\u0447\u043d\u0438\u0439 \u0441\u0442\u0430\u043d. \u0420\u043e\u0431\u043e\u0442\u0430 \u0432 \u043a\u043e\u043f\u0442\u0438\u043b\u044c\u043d\u0456 \u043f\u043e\u0432'\u044f\u0437\u0430\u043d\u0430 \u0437 \u0432\u0435\u043b\u0438\u043a\u043e\u044e \u0432\u0456\u0434\u043f\u043e\u0432\u0456\u0434\u0430\u043b\u044c\u043d\u0456\u0441\u0442\u044e, \u0430 \u0441\u043f\u0440\u0438\u0442\u043d\u0456\u0441\u0442\u044c \u0440\u0443\u043a \u0454 \u043e\u0431\u043e\u0432'\u044f\u0437\u043a\u043e\u0432\u043e\u044e \u0443\u043c\u043e\u0432\u043e\u044e.&nbsp;<\/p>\n\n\n\n<h2 class=\"wp-block-heading\"><strong>\u0427\u043e\u043c\u0443 \u043d\u0430\u0432\u0447\u0430\u043d\u043d\u044f \u0454 \u0442\u0430\u043a\u0438\u043c \u0432\u0430\u0436\u043b\u0438\u0432\u0438\u043c?<\/strong>&nbsp;<\/h2>\n\n\n\n<p>\u041a\u0432\u0430\u043b\u0456\u0444\u0456\u043a\u0430\u0446\u0456\u044f \u043a\u043e\u0447\u0435\u0433\u0430\u0440\u0430 \u0432\u0456\u0434\u043f\u043e\u0432\u0456\u0434\u0430\u0454 \u0437\u0430 \u043d\u0430\u043b\u0435\u0436\u043d\u0443 \u0440\u043e\u0431\u043e\u0442\u0443 \u0441\u0438\u0441\u0442\u0435\u043c\u0438 CO. \u0420\u043e\u0431\u043e\u0442\u0430 \u043a\u043e\u0447\u0435\u0433\u0430\u0440\u0430 \u043f\u043e\u0432'\u044f\u0437\u0430\u043d\u0430 \u0437 \u0440\u0438\u0437\u0438\u043a\u043e\u043c, \u0456 \u043a\u043e\u0447\u0435\u0433\u0430\u0440 \u0431\u0435\u0440\u0435 \u043d\u0430 \u0441\u0435\u0431\u0435 \u0432\u0456\u0434\u043f\u043e\u0432\u0456\u0434\u0430\u043b\u044c\u043d\u0456\u0441\u0442\u044c \u0437\u0430 \u0432\u043b\u0430\u0441\u043d\u0443 \u0431\u0435\u0437\u043f\u0435\u043a\u0443 \u0442\u0430 \u0431\u0435\u0437\u043f\u0435\u043a\u0443 \u043c\u0435\u0448\u043a\u0430\u043d\u0446\u0456\u0432 \u0431\u0443\u0434\u0456\u0432\u043b\u0456.<\/p>\n\n\n\n<figure class=\"wp-block-image size-large is-resized\"><img loading=\"lazy\" decoding=\"async\" src=\"https:\/\/odk-ergon.pl\/wp-content\/uploads\/2022\/09\/3-3.jpeg\" alt=\"\u0437\u043e\u0431\u0440\u0430\u0436\u0435\u043d\u043d\u044f \u0437 \u043d\u0430\u0432\u0447\u0430\u043b\u044c\u043d\u0438\u043c \u043d\u0430\u043f\u0438\u0441\u043e\u043c\" width=\"800\" height=\"535\"\/><\/figure>\n\n\n\n<h2 class=\"wp-block-heading\"><strong>\u042f\u043a\u0430 \u043d\u0430\u0448\u0430 \u043c\u0435\u0442\u0430?<\/strong><\/h2>\n\n\n\n<p>\u041f\u0456\u0434 \u0447\u0430\u0441 \u043d\u0430\u0448\u043e\u0433\u043e \u043d\u0430\u0432\u0447\u0430\u043d\u043d\u044f \u0441\u0442\u0443\u0434\u0435\u043d\u0442\u0438 \u043e\u0442\u0440\u0438\u043c\u0430\u044e\u0442\u044c \u043f\u0440\u043e\u0444\u0435\u0441\u0456\u0439\u043d\u0443 \u043a\u0432\u0430\u043b\u0456\u0444\u0456\u043a\u0430\u0446\u0456\u044e, \u044f\u043a\u0430 \u0434\u043e\u0437\u0432\u043e\u043b\u0438\u0442\u044c \u0457\u043c \u043e\u043f\u0430\u043d\u0443\u0432\u0430\u0442\u0438 \u043d\u043e\u0432\u0443 \u043f\u0440\u043e\u0444\u0435\u0441\u0456\u044e. \u0426\u0435 \u0434\u0443\u0436\u0435 \u0432\u0430\u0436\u043b\u0438\u0432\u043e \u0434\u043b\u044f \u0442\u0438\u0445, \u0445\u0442\u043e \u0445\u043e\u0447\u0435 \u043f\u0440\u0430\u0446\u044e\u0432\u0430\u0442\u0438 \u0437 \u043a\u043e\u0442\u043b\u0430\u043c\u0438 \u0442\u0430 \u043f\u043b\u0438\u0442\u0430\u043c\u0438. \u041f\u0456\u0434 \u0447\u0430\u0441 \u043d\u0430\u0448\u0438\u0445 \u043d\u0430\u0432\u0447\u0430\u043b\u044c\u043d\u0438\u0445 \u043a\u0443\u0440\u0441\u0456\u0432 \u043c\u0438 \u0440\u043e\u0431\u0438\u043c\u043e \u0430\u043a\u0446\u0435\u043d\u0442 \u043d\u0430 \u0435\u0444\u0435\u043a\u0442\u0438\u0432\u043d\u043e\u0441\u0442\u0456 \u043d\u0430\u0432\u0447\u0430\u043d\u043d\u044f. \u041c\u0438 \u043f\u0440\u0430\u0433\u043d\u0435\u043c\u043e \u0434\u043e \u0442\u043e\u0433\u043e, \u0449\u043e\u0431 \u0443\u0447\u0430\u0441\u043d\u0438\u043a\u0438 \u043c\u043e\u0433\u043b\u0438 \u043b\u0435\u0433\u043a\u043e \u0437\u043d\u0430\u0439\u0442\u0438 \u0440\u043e\u0431\u043e\u0442\u0443 \u0442\u0430 \u0440\u0435\u0430\u043b\u0456\u0437\u0443\u0432\u0430\u0442\u0438 \u0441\u0435\u0431\u0435 \u0432 \u043f\u0440\u043e\u0444\u0435\u0441\u0456\u0439\u043d\u043e\u043c\u0443 \u043f\u043b\u0430\u043d\u0456. \u041d\u0430\u0448\u0456 \u0456\u043d\u0441\u0442\u0440\u0443\u043a\u0442\u043e\u0440\u0438 - \u0446\u0435 \u043f\u0440\u043e\u0444\u0435\u0441\u0456\u043e\u043d\u0430\u043b\u0438, \u044f\u043a\u0456 \u043f\u0435\u0440\u0435\u0434\u0430\u044e\u0442\u044c \u0437\u043d\u0430\u043d\u043d\u044f \u0432 \u0434\u043e\u0441\u0442\u0443\u043f\u043d\u0456\u0439 \u0444\u043e\u0440\u043c\u0456. \u0427\u0430\u0441\u0442\u0438\u043d\u0430 \u0437\u0430\u0432\u0434\u0430\u043d\u044c \u0432\u0456\u0434\u0431\u0443\u0432\u0430\u0454\u0442\u044c\u0441\u044f \u043d\u0430 \u043d\u0430\u0448\u0456\u0439 \u043f\u043b\u0430\u0442\u0444\u043e\u0440\u043c\u0456, \u0434\u0435 \u043c\u0438 \u043d\u0430\u0434\u0430\u0454\u043c\u043e \u043d\u0430\u0432\u0447\u0430\u043b\u044c\u043d\u0456 \u043c\u0430\u0442\u0435\u0440\u0456\u0430\u043b\u0438. <\/p>\n\n\n\n<p>\u0412\u0438 \u043e\u0442\u0440\u0438\u043c\u0430\u0454\u0442\u0435 \u043a\u0432\u0430\u043b\u0456\u0444\u0456\u043a\u0430\u0446\u0456\u044e, \u044f\u043a\u0430 \u0434\u043e\u0437\u0432\u043e\u043b\u0438\u0442\u044c \u0432\u0430\u043c \u0437\u0434\u0456\u0439\u0441\u043d\u044e\u0432\u0430\u0442\u0438 \u043e\u043f\u0435\u0440\u0430\u0442\u0438\u0432\u043d\u0443 \u0434\u0456\u044f\u043b\u044c\u043d\u0456\u0441\u0442\u044c \u0443 \u0441\u0444\u0435\u0440\u0430\u0445 \u0435\u043a\u0441\u043f\u043b\u0443\u0430\u0442\u0430\u0446\u0456\u0457, \u0442\u0435\u0445\u043d\u0456\u0447\u043d\u043e\u0433\u043e \u043e\u0431\u0441\u043b\u0443\u0433\u043e\u0432\u0443\u0432\u0430\u043d\u043d\u044f, \u0440\u0435\u043c\u043e\u043d\u0442\u0443 \u0442\u0430 \u043c\u043e\u043d\u0442\u0430\u0436\u0443 \u0442\u0435\u043f\u043b\u043e\u0432\u043e\u0433\u043e \u043e\u0431\u043b\u0430\u0434\u043d\u0430\u043d\u043d\u044f, \u0443\u0441\u0442\u0430\u043d\u043e\u0432\u043e\u043a \u0442\u0430 \u043c\u0435\u0440\u0435\u0436. \u041c\u0438 \u0446\u0456\u043d\u0443\u0454\u043c\u043e \u0437\u0430\u0434\u043e\u0432\u043e\u043b\u0435\u043d\u0456\u0441\u0442\u044c \u043d\u0430\u0448\u0438\u0445 \u0441\u043b\u0443\u0445\u0430\u0447\u0456\u0432, \u0442\u043e\u043c\u0443 \u0445\u043e\u0447\u0435\u043c\u043e \u043f\u0456\u0434\u043a\u0440\u0435\u0441\u043b\u0438\u0442\u0438, \u0449\u043e \u0437\u043d\u0430\u043d\u043d\u044f, \u044f\u043a\u0456 \u0432\u0438 \u043e\u0442\u0440\u0438\u043c\u0430\u0454\u0442\u0435 \u0432 \u0415\u0420\u0413\u041e\u041d, \u0432\u0456\u0434\u043f\u043e\u0432\u0456\u0434\u0430\u044e\u0442\u044c \u043d\u0430\u0439\u0432\u0438\u0449\u0438\u043c \u0441\u0442\u0430\u043d\u0434\u0430\u0440\u0442\u0430\u043c. \u041f\u0456\u0434 \u0447\u0430\u0441 \u043d\u0430\u0432\u0447\u0430\u043d\u043d\u044f \u043c\u0438 \u043d\u0430\u0434\u0430\u043c\u043e \u0432\u0430\u043c \u0432\u0441\u044e \u043d\u0435\u043e\u0431\u0445\u0456\u0434\u043d\u0443 \u0456\u043d\u0444\u043e\u0440\u043c\u0430\u0446\u0456\u044e, \u0449\u043e\u0431 \u0432\u0438 \u0437 \u043b\u0435\u0433\u043a\u0456\u0441\u0442\u044e \u0441\u043a\u043b\u0430\u043b\u0438 \u0456\u0441\u043f\u0438\u0442.<\/p>\n\n\n\n<h2 class=\"wp-block-heading\"><strong>\u0412\u0430\u0440\u0442\u0456\u0441\u0442\u044c \u043a\u0443\u0440\u0441\u0443<\/strong><\/h2>\n\n\n\n<p>\u0429\u043e\u0431 \u0434\u0456\u0437\u043d\u0430\u0442\u0438\u0441\u044f \u043f\u0440\u043e \u0432\u0438\u0442\u0440\u0430\u0442\u0438 <a href=\"https:\/\/odk-ergon.pl\/ua\/kontakt\/\">\u0437\u0432'\u044f\u0437\u0430\u0442\u0438\u0441\u044f \u0437 \u043d\u0430\u043c\u0438<\/a> \u0430\u0431\u043e \u0437\u0430\u0437\u0438\u0440\u043d\u0456\u0442\u044c \u043f\u0456\u0434 <a href=\"https:\/\/odk-ergon.pl\/ua\/cennik\/\">\u041f\u0440\u0430\u0439\u0441 \u043b\u0438\u0441\u0442<\/a> \u043d\u0430 \u043d\u0430\u0448\u043e\u043c\u0443 \u0441\u0430\u0439\u0442\u0456. \u041c\u0438 \u0432\u0456\u0434\u043e\u043c\u0456 \u0441\u0432\u043e\u0457\u043c\u0438 \u0434\u043e\u0441\u0442\u0443\u043f\u043d\u0438\u043c\u0438 \u0446\u0456\u043d\u0430\u043c\u0438, \u043f\u0440\u043e \u0449\u043e \u043c\u043e\u0436\u0443\u0442\u044c \u0441\u0432\u0456\u0434\u0447\u0438\u0442\u0438 \u043d\u0430\u0448\u0456 \u0447\u0438\u0441\u043b\u0435\u043d\u043d\u0456 \u0441\u0442\u0443\u0434\u0435\u043d\u0442\u0438.&nbsp;<\/p>\n\n\n\n<h2 class=\"wp-block-heading\"><strong>\u0414\u0435 \u043c\u0438 \u043f\u0440\u0430\u0446\u044e\u0454\u043c\u043e?&nbsp;<\/strong><\/h2>\n\n\n\n<p>\u041d\u0430\u0448 \u0433\u043e\u043b\u043e\u0432\u043d\u0438\u0439 \u043e\u0444\u0456\u0441 \u0437\u043d\u0430\u0445\u043e\u0434\u0438\u0442\u044c\u0441\u044f \u0443 \u0412\u0430\u0440\u0448\u0430\u0432\u0456, \u0430\u043b\u0435 \u043c\u0438 \u0442\u0430\u043a\u043e\u0436 \u043c\u0430\u0454\u043c\u043e \u0431\u0430\u0433\u0430\u0442\u043e \u0446\u0435\u043d\u0442\u0440\u0456\u0432 \u043f\u043e \u0432\u0441\u0456\u0439 \u041f\u043e\u043b\u044c\u0449\u0456. \u041a\u0440\u0456\u043c \u0442\u043e\u0433\u043e, \u043c\u0438 \u0442\u0430\u043a\u043e\u0436 \u043c\u043e\u0436\u0435\u043c\u043e \u0432\u0438\u0457\u0445\u0430\u0442\u0438 \u0434\u043e \u0432\u0430\u0441 \u0437\u0430 \u0437\u0430\u043f\u0438\u0442\u043e\u043c.&nbsp;&nbsp;<\/p>","protected":false},"excerpt":{"rendered":"<p>Je\u015bli szukasz pracy jako palacz piec\u00f3w i kot\u0142\u00f3w CO, to ten kurs jest dla Ciebie. Na rynku brakuje specjalist\u00f3w i s\u0105 oni pilnie poszukiwani. Je\u015bli uko\u0144czysz nasz kurs, bezproblemowo odnajdziesz si\u0119 na rynku pracy. Systemy CO stanowi\u0105 cz\u0119sto skomplikowane w obs\u0142udze urz\u0105dzenia o mocy powy\u017cej 50kW, kt\u00f3re ogrzewaj\u0105 r\u00f3\u017cne budynki, typu szko\u0142y, biurowce itp.&nbsp; Gdy chcesz obs\u0142ugiwa\u0107 te urz\u0105dzenia, konieczne jest odpowiednie przeszkolenie i zdanie egzaminu. Wtedy mo\u017cliwe jest zdobycie uprawnie\u0144. Dlatego, je\u015bli chcesz zdoby\u0107 uprawnienia, zr\u00f3b to z ERGON! Rozwijaj si\u0119 razem z nami i poszerzaj kwalifikacje.&nbsp; Czego si\u0119 nauczysz na naszym kursie?&nbsp; W ERGON stawiamy na jako\u015b\u0107 kszta\u0142cenia oraz aktywne uczestnictwo kursant\u00f3w na zaj\u0119ciach, Nasi wykwalifikowani wyk\u0142adowcy zadbaj\u0105 o twoj\u0105 nauk\u0119, tak aby wiedza, kt\u00f3r\u0105 przyswoisz, zosta\u0142a z Tob\u0105 na d\u0142ugo. Na kursie zdob\u0119dziesz wiedz\u0119 z zakresu:&nbsp; Jak wygl\u0105da egzamin?&nbsp; Egzamin sk\u0142ada si\u0119 z dw\u00f3ch cz\u0119\u015bci \u2013 teoretycznej i praktycznej. Zaj\u0119cia w O\u015brodku ERGON s\u0105 tak opracowane, aby ka\u017cdy z kursant\u00f3w zdoby\u0142 korzystny wynik egzaminu i otrzyma\u0142 certyfikat. Pozytywny wynik gwarantuje uzyskanie uprawnie\u0144, kt\u00f3re s\u0105 honorowane nie tylko w Polsce, ale te\u017c w UE. Warto pami\u0119ta\u0107, \u017ce je\u015bli przyst\u0119pujesz do egzaminu musisz ze sob\u0105 zabra\u0107 dow\u00f3d to\u017csamo\u015bci, odzie\u017c robocz\u0105 i odpowiednie \u015brodki ochrony indywidualnej.&nbsp; Kim jest palacz kot\u0142\u00f3w?&nbsp; Palacz kot\u0142\u00f3w znajdzie zatrudnienie w wielu o\u015brodkach publicznych, jak szko\u0142y czy szpitale oraz wielu innych miejscach u\u017cytku publicznego. Nale\u017cy pami\u0119ta\u0107, \u017ce praca spawacza jest niezwykle odpowiedzialna i wymaga odpowiednich uprawnie\u0144, kt\u00f3re mo\u017cesz zdoby\u0107 razem z nami.&nbsp;&nbsp; Wymagania do podj\u0119cia si\u0119 kursu Wystarczy, \u017ce:&nbsp; Dlaczego badania lekarskie s\u0105 wa\u017cne i potrzebne?&nbsp; To praca fizyczna, w kt\u00f3rej [&hellip;]<\/p>\n","protected":false},"author":1,"featured_media":2505,"parent":1567,"menu_order":0,"comment_status":"closed","ping_status":"closed","template":"","meta":{"sfsi_plus_gutenberg_text_before_share":"","sfsi_plus_gutenberg_show_text_before_share":"","sfsi_plus_gutenberg_icon_type":"","sfsi_plus_gutenberg_icon_alignemt":"","sfsi_plus_gutenburg_max_per_row":"","footnotes":""},"class_list":["post-2504","page","type-page","status-publish","has-post-thumbnail","hentry","has_thumb"],"aioseo_notices":[],"_links":{"self":[{"href":"https:\/\/odk-ergon.pl\/ua\/wp-json\/wp\/v2\/pages\/2504","targetHints":{"allow":["GET"]}}],"collection":[{"href":"https:\/\/odk-ergon.pl\/ua\/wp-json\/wp\/v2\/pages"}],"about":[{"href":"https:\/\/odk-ergon.pl\/ua\/wp-json\/wp\/v2\/types\/page"}],"author":[{"embeddable":true,"href":"https:\/\/odk-ergon.pl\/ua\/wp-json\/wp\/v2\/users\/1"}],"replies":[{"embeddable":true,"href":"https:\/\/odk-ergon.pl\/ua\/wp-json\/wp\/v2\/comments?post=2504"}],"version-history":[{"count":5,"href":"https:\/\/odk-ergon.pl\/ua\/wp-json\/wp\/v2\/pages\/2504\/revisions"}],"predecessor-version":[{"id":3175,"href":"https:\/\/odk-ergon.pl\/ua\/wp-json\/wp\/v2\/pages\/2504\/revisions\/3175"}],"up":[{"embeddable":true,"href":"https:\/\/odk-ergon.pl\/ua\/wp-json\/wp\/v2\/pages\/1567"}],"wp:featuredmedia":[{"embeddable":true,"href":"https:\/\/odk-ergon.pl\/ua\/wp-json\/wp\/v2\/media\/2505"}],"wp:attachment":[{"href":"https:\/\/odk-ergon.pl\/ua\/wp-json\/wp\/v2\/media?parent=2504"}],"curies":[{"name":"wp","href":"https:\/\/api.w.org\/{rel}","templated":true}]}}