{"id":2686,"date":"2023-03-24T15:40:54","date_gmt":"2023-03-24T14:40:54","guid":{"rendered":"https:\/\/odk-ergon.pl\/?page_id=2686"},"modified":"2023-03-24T23:30:17","modified_gmt":"2023-03-24T22:30:17","slug":"%d0%bd%d0%b0%d0%b2%d1%87%d0%b0%d0%bd%d0%bd%d1%8f-%d0%be%d0%bf%d0%b5%d1%80%d0%b0%d1%82%d0%be%d1%80%d1%96%d0%b2-%d1%81%d0%b0%d0%bc%d0%be%d1%85%d1%96%d0%b4%d0%bd%d0%b8%d1%85-%d1%82%d1%80%d0%b0%d0%ba","status":"publish","type":"page","link":"https:\/\/odk-ergon.pl\/ua\/szkolenia\/uprawnienia-udt-tdt\/szkolenia-dla-operatorow-zurawi-samojezdnych\/","title":{"rendered":"\u0422\u0440\u0435\u043d\u0456\u043d\u0433 \u0434\u043b\u044f \u043e\u043f\u0435\u0440\u0430\u0442\u043e\u0440\u0456\u0432 \u043c\u043e\u0431\u0456\u043b\u044c\u043d\u0438\u0445 \u043a\u0440\u0430\u043d\u0456\u0432"},"content":{"rendered":"\n<p>W o\u015brodku szkoleniowym ERGON prowadzimy szkolenia operator\u00f3w i konserwator\u00f3w na wiele r\u00f3\u017cnych maszyn i urz\u0105dze\u0144, a w tym na \u017curawie samojezdne. Opracowali\u015bmy szczeg\u00f3\u0142owy i efektywny program kurs\u00f3w, regulowanych przez Urz\u0105d Dozoru Technicznego. Podczas trwania szkolenia zdob\u0119dziesz wiedz\u0119 w zakresie budowy urz\u0105dzenia, jego bezpiecznej eksploatacji oraz prowadzenia niezb\u0119dnych dokumentacji konserwatorskich. Ca\u0142o\u015b\u0107 zwie\u0144czona jest egzaminem UDT. Dzi\u0119ki naszej wysokiej zdawalno\u015bci egzamin\u00f3w otrzymasz certyfikat UDT.&nbsp;<\/p>\n\n\n\n<h2 class=\"wp-block-heading\">Przebieg szkolenia<\/h2>\n\n\n\n<p>Opracowali\u015bmy proces szkoleniowy zgodny z wymogami UDT. Analogicznie do egzaminu pa\u0144stwowego, podzielili\u015bmy kurs na cz\u0119\u015b\u0107 teoretyczn\u0105 oraz cz\u0119\u015b\u0107 praktyczn\u0105. W ci\u0105gu trwania szkolenia mo\u017cesz skorzysta\u0107 z naszego bogatego zaplecza maszyn. Podczas uczestnictwa w blokach zaj\u0119ciowych zdob\u0119dziesz wiedz\u0119 z zakresu:&nbsp;<\/p>\n\n\n\n<ul class=\"wp-block-list\">\n<li>przepis\u00f3w Bezpiecze\u0144stwa i Higieny Pracy,&nbsp;<\/li>\n\n\n\n<li>konstrukcji i budowy \u017curawi,&nbsp;<\/li>\n\n\n\n<li>prowadzenia wymaganej dokumentacji technicznej maszyny,&nbsp;<\/li>\n\n\n\n<li>obs\u0142ugi maszyny i jej bezpiecznej eksploatacji,&nbsp;<\/li>\n\n\n\n<li>nauczysz si\u0119 porusza\u0107 maszyn\u0105 w obr\u0119bie placu manewrowego,&nbsp;<\/li>\n\n\n\n<li>wykonasz zadania zlecone przez naszych szkoleniowc\u00f3w.&nbsp;<\/li>\n<\/ul>\n\n\n\n<h2 class=\"wp-block-heading\">Egzamin na operatora\/konserwatora \u017curawi samojezdnych&nbsp;<\/h2>\n\n\n<div class=\"wp-block-image\">\n<figure class=\"alignleft size-full is-resized\"><a href=\"https:\/\/odk-ergon.pl\/wp-content\/uploads\/2023\/02\/zuraw-samojezdny.jpg\"><img loading=\"lazy\" decoding=\"async\" src=\"https:\/\/odk-ergon.pl\/wp-content\/uploads\/2023\/02\/zuraw-samojezdny.jpg\" alt=\"kursant podczas egzaminu\" class=\"wp-image-2689\" width=\"350\" height=\"263\" srcset=\"https:\/\/odk-ergon.pl\/wp-content\/uploads\/2023\/02\/zuraw-samojezdny.jpg 700w, https:\/\/odk-ergon.pl\/wp-content\/uploads\/2023\/02\/zuraw-samojezdny-300x225.jpg 300w, https:\/\/odk-ergon.pl\/wp-content\/uploads\/2023\/02\/zuraw-samojezdny-16x12.jpg 16w, https:\/\/odk-ergon.pl\/wp-content\/uploads\/2023\/02\/zuraw-samojezdny-640x480.jpg 640w, https:\/\/odk-ergon.pl\/wp-content\/uploads\/2023\/02\/zuraw-samojezdny-624x468.jpg 624w\" sizes=\"auto, (max-width: 350px) 100vw, 350px\" \/><\/a><\/figure>\n<\/div>\n\n\n<p>Egzamin operatora lub konserwatora \u017curawi samojezdnych rozpoczyna si\u0119 od cz\u0119\u015bci teoretycznej. Zawiera ona test pisemny z 15 pytaniami zamkni\u0119tymi, jednokrotnego wyboru. Poprawna odpowied\u017a na 11 z nich daje gwarancj\u0119 zaliczenia tej cz\u0119\u015bci. Nast\u0119pnie zostaniesz odprowadzony na plac manewrowy, gdzie pod nadzorem komisji UDT nale\u017cy wykaza\u0107 swoje umiej\u0119tno\u015bci jazdy, poruszania si\u0119 po placu manewrowym oraz bezpiecznej eksploatacji urz\u0105dzenia.&nbsp;<\/p>\n\n\n\n<p><\/p>\n\n\n\n<h2 class=\"wp-block-heading\">Wa\u017cno\u015b\u0107 uprawnie\u0144&nbsp;<\/h2>\n\n\n\n<p>Gdy kursant z powodzeniem uko\u0144czy szkolenie i egzamin UDT otrzymuje certyfikat uprawniaj\u0105cy do pracy operatora i konserwatora. Za\u015bwiadczenia UDT honorowane s\u0105 na terenie ca\u0142ej Unii Europejskiej. Wa\u017cno\u015b\u0107 dokument\u00f3w dla wszelkich \u017curawi wynosi od 3-5 lat, po czym nale\u017cy je regularnie odnawia\u0107.&nbsp;<\/p>\n\n\n\n<h2 class=\"wp-block-heading\">Adresaci kursu&nbsp;<\/h2>\n\n\n\n<p>By sta\u0107 si\u0119 uczestnikiem kursu, nale\u017cy spe\u0142ni\u0107 kilka warunk\u00f3w:&nbsp;<\/p>\n\n\n\n<ul class=\"wp-block-list\">\n<li>mie\u0107 uko\u0144czone 18 lat,&nbsp;<\/li>\n\n\n\n<li>nie mie\u0107 przeciwwskaza\u0144 do wykonywania zawodu,&nbsp;<\/li>\n\n\n\n<li>posiada\u0107 co najmniej wykszta\u0142cenie podstawowe,&nbsp;<\/li>\n\n\n\n<li>posiada\u0107 prawo jazdy kategorii B.&nbsp;<\/li>\n<\/ul>\n\n\n\n<h2 class=\"wp-block-heading\">Klasyfikacja \u017curawi&nbsp;<\/h2>\n\n\n\n<p>\u017burawie stanowi\u0105 du\u017c\u0105 cz\u0119\u015b\u0107 maszyn u\u017cytkowanych w przemy\u015ble budowlanym i transportowym. Klasyfikuje si\u0119 je przez wzgl\u0105d na: mechanizmy obrotowe, rodzaj podstawy, typ monta\u017cu, ograniczenia w ud\u017awigu oraz rodzaj nap\u0119du. W swojej kolekcji dysponujemy:&nbsp;<\/p>\n\n\n\n<ul class=\"wp-block-list\">\n<li>\u017curawiami przewo\u017anymi i przeno\u015bnymi,&nbsp;<\/li>\n\n\n\n<li>\u017curawiami samojezdnymi,&nbsp;<\/li>\n\n\n\n<li>\u017curawiami szynowymi,&nbsp;<\/li>\n\n\n\n<li>\u017curawiami wie\u017cowymi i szybkomontuj\u0105cymi,&nbsp;<\/li>\n\n\n\n<li>\u017curawiami kolejowymi i na pojazdach kolejowych,&nbsp;<\/li>\n\n\n\n<li>\u017curawiami pok\u0142adowymi,&nbsp;<\/li>\n\n\n\n<li>\u017curawiami p\u0142ywaj\u0105cymi.&nbsp;<\/li>\n<\/ul>\n\n\n\n<h2 class=\"wp-block-heading\">Zarobki operator\u00f3w i konserwator\u00f3w \u017curawi samojezdnych<\/h2>\n\n\n\n<p>Zarobki operator\u00f3w i konserwator\u00f3w \u017curawi samojezdnych s\u0105 zr\u00f3\u017cnicowane pod k\u0105tem do\u015bwiadczenia pracownik\u00f3w. Mediana wynagrodzenia, na rok 2022 kszta\u0142tuje si\u0119 na poziomie 3-4 tysi\u0119cy z\u0142otych brutto miesi\u0119cznie. Zarobki operator\u00f3w\/konserwator\u00f3w znacznie r\u00f3\u017cni\u0105 si\u0119 za granic\u0105 \u2013 s\u0105 kilka razy wi\u0119ksze.&nbsp;<\/p>\n\n\n\n<h2 class=\"wp-block-heading\">Gdzie prowadzimy szkolenia?<\/h2>\n\n\n<div class=\"wp-block-image\">\n<figure class=\"alignleft size-full is-resized\"><a href=\"https:\/\/odk-ergon.pl\/wp-content\/uploads\/2023\/02\/zuraw-samojezdny-3.jpg\"><img loading=\"lazy\" decoding=\"async\" src=\"https:\/\/odk-ergon.pl\/wp-content\/uploads\/2023\/02\/zuraw-samojezdny-3.jpg\" alt=\"egzamin praktyczny na \u017curawia\" class=\"wp-image-2688\" width=\"384\" height=\"512\" srcset=\"https:\/\/odk-ergon.pl\/wp-content\/uploads\/2023\/02\/zuraw-samojezdny-3.jpg 768w, https:\/\/odk-ergon.pl\/wp-content\/uploads\/2023\/02\/zuraw-samojezdny-3-225x300.jpg 225w, https:\/\/odk-ergon.pl\/wp-content\/uploads\/2023\/02\/zuraw-samojezdny-3-9x12.jpg 9w, https:\/\/odk-ergon.pl\/wp-content\/uploads\/2023\/02\/zuraw-samojezdny-3-624x832.jpg 624w\" sizes=\"auto, (max-width: 384px) 100vw, 384px\" \/><\/a><\/figure>\n<\/div>\n\n\n<p>Szkolenia przeprowadzamy w Warszawie. Wychodz\u0105c naprzeciw oczekiwaniom klient\u00f3w oferujemy r\u00f3wnie\u017c us\u0142ug\u0119 szkoleniow\u0105 z dojazdem do klienta. Dodatkowo prowadzimy szkolenia grupowe i pojedyncze.&nbsp;&nbsp;<\/p>\n\n\n\n<h2 class=\"wp-block-heading\">Pozosta\u0142e kursy w ofercie ERGON:<\/h2>\n\n\n\n<ul class=\"wp-block-list\">\n<li>operator \u017curawi,&nbsp;<\/li>\n\n\n\n<li><a href=\"https:\/\/odk-ergon.pl\/ua\/szkolenia\/uprawnienia-udt-tdt\/podesty-nozycowe\/\">operator podno\u015bnik\u00f3w no\u017cycowych<\/a> wolnobie\u017cnych,&nbsp;<\/li>\n\n\n\n<li><a href=\"https:\/\/odk-ergon.pl\/ua\/szkolenia\/uprawnienia-udt-tdt\/operator-podestow-ruchomych\/\">operator podest\u00f3w ruchomych<\/a>,&nbsp;<\/li>\n\n\n\n<li>uprawnienia UDT\/TDT\/WDT,&nbsp;<\/li>\n\n\n\n<li>obs\u0142uga urz\u0105dze\u0144 ci\u015bnieniowych,&nbsp;<\/li>\n\n\n\n<li>szkolenia z zakresu UDT,&nbsp;<\/li>\n\n\n\n<li>konserwacje Urz\u0105dze\u0144 Transportu Bliskiego,&nbsp;<\/li>\n\n\n\n<li>konserwator urz\u0105dze\u0144 dla os\u00f3b niepe\u0142nosprawnych,&nbsp;<\/li>\n\n\n\n<li>operator maszyn budowlanych,&nbsp;<\/li>\n\n\n\n<li>operator w\u00f3zk\u00f3w wid\u0142owych,&nbsp;<\/li>\n\n\n\n<li>operator podest\u00f3w ruchomych,&nbsp;<\/li>\n\n\n\n<li>monta\u017cysta po\u0142\u0105cze\u0144 ko\u0142nierzowych,&nbsp;<\/li>\n\n\n\n<li>w\u00f3zki wid\u0142owe \u2013 zdob\u0105d\u017a kwalifikacje na operatora,&nbsp;<\/li>\n\n\n\n<li>konserwator podno\u015bnik\u00f3w koszowych,&nbsp;<\/li>\n\n\n\n<li><a href=\"https:\/\/odk-ergon.pl\/ua\/szkolenia\/uprawnienia-udt-tdt\/podestow-ruchomych-masztowych\/\">operator podest\u00f3w ruchomych masztowych<\/a>,&nbsp;<\/li>\n\n\n\n<li>operator podest\u00f3w ruchomych,&nbsp;<\/li>\n\n\n\n<li><a href=\"https:\/\/odk-ergon.pl\/ua\/szkolenia\/uprawnienia-udt-tdt\/wiszace-podesty-ruchome\/\">operator podest\u00f3w ruchomych wisz\u0105cych<\/a>,&nbsp;<\/li>\n\n\n\n<li>operator podno\u015bnik\u00f3w koszowych,&nbsp;<\/li>\n\n\n\n<li>operator \u0142adowarek teleskopowych,&nbsp;<\/li>\n\n\n\n<li>operator wyci\u0105g\u00f3w towarowych,&nbsp;<\/li>\n\n\n\n<li>operator suwnicy,&nbsp;<\/li>\n\n\n\n<li>obs\u0142uga i konserwacja urz\u0105dze\u0144 wy\u0142adowczych i za\u0142adowczych,&nbsp;<\/li>\n\n\n\n<li>TDT uprawnienia,&nbsp;<\/li>\n\n\n\n<li>UNO \u2013 wykorzystanie, zagro\u017cenia i uprawnienia TDT,&nbsp;<\/li>\n\n\n\n<li>konserwator urz\u0105dze\u0144 UDT.&nbsp;<\/li>\n<\/ul>\n\n\n\n<h2 class=\"wp-block-heading\">Pytania i odpowiedzi<\/h2>\n\n\n\t\t<details\t\thelp class=\"sc_fs_faq sc_card    \"\n\t\topen\t\t>\n\t\t\t\t\t<summary>\n\t\t\t\t<h3>Jakie wymagania obowi\u0105zuj\u0105 dla przysz\u0142ych kursant\u00f3w? <\/h3>\t\t\t\t\t<\/summary>\n\t\t\t\t<div>\n\t\t\t\t\t\t<div class=\"sc_fs_faq__content\">\n\t\t\t\t\n\n<p>Przed przyst\u0105pieniem do szkolenia kursanci powinni: by\u0107 pe\u0142noletni, posiada\u0107 podstawowe wykszta\u0142cenie, mie\u0107 prawo jazdy kategorii B oraz co najmniej podstawowe wykszta\u0142cenie.&nbsp;<\/p>\n\n\t\t\t<\/div>\n\t\t<\/div>\n\t\t<\/details>\n\t\t\t\t<details\t\thelp class=\"sc_fs_faq sc_card    \"\n\t\t\t\t>\n\t\t\t\t\t<summary>\n\t\t\t\t<h3>Jakie s\u0105 zarobki operator\u00f3w i konserwator\u00f3w \u017curawi samojezdnych na rok 2022? <\/h3>\t\t\t\t\t<\/summary>\n\t\t\t\t<div>\n\t\t\t\t\t\t<div class=\"sc_fs_faq__content\">\n\t\t\t\t\n\n<p>Mediana zarobk\u00f3w kszta\u0142tuje si\u0119 na poziomie 3-4 tysi\u0119cy z\u0142otych brutto miesi\u0119cznie.&nbsp;<\/p>\n\n\t\t\t<\/div>\n\t\t<\/div>\n\t\t<\/details>\n\t\t\n<script type=\"application\/ld+json\">\n\t{\n\t\t\"@context\": \"https:\/\/schema.org\",\n\t\t\"@type\": \"FAQPage\",\n\t\t\"mainEntity\": [\n\t\t\t\t\t{\n\t\t\t\t\"@type\": \"Question\",\n\t\t\t\t\"name\": \"Jakie wymagania obowi\u0105zuj\u0105 dla przysz\u0142ych kursant\u00f3w? \",\n\t\t\t\t\"acceptedAnswer\": {\n\t\t\t\t\t\"@type\": \"Answer\",\n\t\t\t\t\t\"text\": \"<p>Przed przyst\u0105pieniem do szkolenia kursanci powinni: by\u0107 pe\u0142noletni, posiada\u0107 podstawowe wykszta\u0142cenie, mie\u0107 prawo jazdy kategorii B oraz co najmniej podstawowe wykszta\u0142cenie.&nbsp;<\/p>\"\n\t\t\t\t\t\t\t\t\t}\n\t\t\t}\n\t\t\t,\t\t\t\t{\n\t\t\t\t\"@type\": \"Question\",\n\t\t\t\t\"name\": \"Jakie s\u0105 zarobki operator\u00f3w i konserwator\u00f3w \u017curawi samojezdnych na rok 2022? \",\n\t\t\t\t\"acceptedAnswer\": {\n\t\t\t\t\t\"@type\": \"Answer\",\n\t\t\t\t\t\"text\": \"<p>Mediana zarobk\u00f3w kszta\u0142tuje si\u0119 na poziomie 3-4 tysi\u0119cy z\u0142otych brutto miesi\u0119cznie.&nbsp;<\/p>\"\n\t\t\t\t\t\t\t\t\t}\n\t\t\t}\n\t\t\t\t\t\t]\n\t}\n<\/script>\n","protected":false},"excerpt":{"rendered":"<p>W o\u015brodku szkoleniowym ERGON prowadzimy szkolenia operator\u00f3w i konserwator\u00f3w na wiele r\u00f3\u017cnych maszyn i urz\u0105dze\u0144, a w tym na \u017curawie samojezdne. Opracowali\u015bmy szczeg\u00f3\u0142owy i efektywny program kurs\u00f3w, regulowanych przez Urz\u0105d Dozoru Technicznego. Podczas trwania szkolenia zdob\u0119dziesz wiedz\u0119 w zakresie budowy urz\u0105dzenia, jego bezpiecznej eksploatacji oraz prowadzenia niezb\u0119dnych dokumentacji konserwatorskich. Ca\u0142o\u015b\u0107 zwie\u0144czona jest egzaminem UDT. Dzi\u0119ki naszej wysokiej zdawalno\u015bci egzamin\u00f3w otrzymasz certyfikat UDT.&nbsp; Przebieg szkolenia Opracowali\u015bmy proces szkoleniowy zgodny z wymogami UDT. Analogicznie do egzaminu pa\u0144stwowego, podzielili\u015bmy kurs na cz\u0119\u015b\u0107 teoretyczn\u0105 oraz cz\u0119\u015b\u0107 praktyczn\u0105. W ci\u0105gu trwania szkolenia mo\u017cesz skorzysta\u0107 z naszego bogatego zaplecza maszyn. Podczas uczestnictwa w blokach zaj\u0119ciowych zdob\u0119dziesz wiedz\u0119 z zakresu:&nbsp; Egzamin na operatora\/konserwatora \u017curawi samojezdnych&nbsp; Egzamin operatora lub konserwatora \u017curawi samojezdnych rozpoczyna si\u0119 od cz\u0119\u015bci teoretycznej. Zawiera ona test pisemny z 15 pytaniami zamkni\u0119tymi, jednokrotnego wyboru. Poprawna odpowied\u017a na 11 z nich daje gwarancj\u0119 zaliczenia tej cz\u0119\u015bci. Nast\u0119pnie zostaniesz odprowadzony na plac manewrowy, gdzie pod nadzorem komisji UDT nale\u017cy wykaza\u0107 swoje umiej\u0119tno\u015bci jazdy, poruszania si\u0119 po placu manewrowym oraz bezpiecznej eksploatacji urz\u0105dzenia.&nbsp; Wa\u017cno\u015b\u0107 uprawnie\u0144&nbsp; Gdy kursant z powodzeniem uko\u0144czy szkolenie i egzamin UDT otrzymuje certyfikat uprawniaj\u0105cy do pracy operatora i konserwatora. Za\u015bwiadczenia UDT honorowane s\u0105 na terenie ca\u0142ej Unii Europejskiej. Wa\u017cno\u015b\u0107 dokument\u00f3w dla wszelkich \u017curawi wynosi od 3-5 lat, po czym nale\u017cy je regularnie odnawia\u0107.&nbsp; Adresaci kursu&nbsp; By sta\u0107 si\u0119 uczestnikiem kursu, nale\u017cy spe\u0142ni\u0107 kilka warunk\u00f3w:&nbsp; Klasyfikacja \u017curawi&nbsp; \u017burawie stanowi\u0105 du\u017c\u0105 cz\u0119\u015b\u0107 maszyn u\u017cytkowanych w przemy\u015ble budowlanym i transportowym. Klasyfikuje si\u0119 je przez wzgl\u0105d na: mechanizmy obrotowe, rodzaj podstawy, typ monta\u017cu, ograniczenia w ud\u017awigu oraz rodzaj nap\u0119du. W swojej kolekcji dysponujemy:&nbsp; Zarobki [&hellip;]<\/p>\n","protected":false},"author":1,"featured_media":2687,"parent":1828,"menu_order":0,"comment_status":"closed","ping_status":"closed","template":"","meta":{"sfsi_plus_gutenberg_text_before_share":"","sfsi_plus_gutenberg_show_text_before_share":"","sfsi_plus_gutenberg_icon_type":"","sfsi_plus_gutenberg_icon_alignemt":"","sfsi_plus_gutenburg_max_per_row":"","footnotes":""},"class_list":["post-2686","page","type-page","status-publish","has-post-thumbnail","hentry","has_thumb"],"aioseo_notices":[],"_links":{"self":[{"href":"https:\/\/odk-ergon.pl\/ua\/wp-json\/wp\/v2\/pages\/2686","targetHints":{"allow":["GET"]}}],"collection":[{"href":"https:\/\/odk-ergon.pl\/ua\/wp-json\/wp\/v2\/pages"}],"about":[{"href":"https:\/\/odk-ergon.pl\/ua\/wp-json\/wp\/v2\/types\/page"}],"author":[{"embeddable":true,"href":"https:\/\/odk-ergon.pl\/ua\/wp-json\/wp\/v2\/users\/1"}],"replies":[{"embeddable":true,"href":"https:\/\/odk-ergon.pl\/ua\/wp-json\/wp\/v2\/comments?post=2686"}],"version-history":[{"count":5,"href":"https:\/\/odk-ergon.pl\/ua\/wp-json\/wp\/v2\/pages\/2686\/revisions"}],"predecessor-version":[{"id":3385,"href":"https:\/\/odk-ergon.pl\/ua\/wp-json\/wp\/v2\/pages\/2686\/revisions\/3385"}],"up":[{"embeddable":true,"href":"https:\/\/odk-ergon.pl\/ua\/wp-json\/wp\/v2\/pages\/1828"}],"wp:featuredmedia":[{"embeddable":true,"href":"https:\/\/odk-ergon.pl\/ua\/wp-json\/wp\/v2\/media\/2687"}],"wp:attachment":[{"href":"https:\/\/odk-ergon.pl\/ua\/wp-json\/wp\/v2\/media?parent=2686"}],"curies":[{"name":"wp","href":"https:\/\/api.w.org\/{rel}","templated":true}]}}