{"id":2754,"date":"2023-03-24T16:56:45","date_gmt":"2023-03-24T15:56:45","guid":{"rendered":"https:\/\/odk-ergon.pl\/?page_id=2754"},"modified":"2023-03-25T00:49:09","modified_gmt":"2023-03-24T23:49:09","slug":"%d0%b1%d0%b0%d1%88%d1%82%d0%be%d0%b2%d1%96-%d0%ba%d1%80%d0%b0%d0%bd%d0%b8-%d1%88%d0%b2%d0%b8%d0%b4%d0%ba%d0%be%d0%bc%d0%be%d0%bd%d1%82%d0%be%d0%b2%d0%b0%d0%bd%d1%96","status":"publish","type":"page","link":"https:\/\/odk-ergon.pl\/ua\/szkolenia\/uprawnienia-udt-tdt\/zurawie-wiezowe-szybkomontujace\/","title":{"rendered":"\u041a\u0443\u0440\u0441 \u0434\u043b\u044f \u0431\u0430\u0448\u0442\u043e\u0432\u0438\u0445 \u0456 \u0448\u0432\u0438\u0434\u043a\u0456\u0441\u043d\u0438\u0445 \u043a\u0440\u0430\u043d\u0456\u0432"},"content":{"rendered":"\n<p>O\u015brodek szkoleniowy ERGON od ponad 15 lat zajmuje si\u0119 przeprowadzaniem szkole\u0144 z obs\u0142ugi i konserwacji urz\u0105dze\u0144 transportu bliskiego. Oferujemy szkolenie na operatora i\/lub konserwatora \u017curawi szybkomontuj\u0105cych.&nbsp;<\/p>\n\n\n\n<h2 class=\"wp-block-heading\"><strong>Na jakie kategorie mo\u017cemy podzieli\u0107 \u017curawia wie\u017cowego?<\/strong>&nbsp;<\/h2>\n\n\n\n<p>\u017burawie wie\u017cowe dzielimy na kilka kategorii, takich jak:&nbsp;<\/p>\n\n\n\n<ul class=\"wp-block-list\">\n<li>na spos\u00f3b monta\u017cu \u2013 przejezdne i stacjonarne,&nbsp;<\/li>\n\n\n\n<li>na typ wysi\u0119gnika \u2013 wychylne i wspornikowe,&nbsp;<\/li>\n\n\n\n<li>na rodzaj monta\u017cu \u2013 szybkomontuj\u0105ce i sk\u0142adane w cz\u0119\u015bciach,&nbsp;<\/li>\n\n\n\n<li>na mechanizmy zastosowane \u2013 dolne oraz g\u00f3rno obrotowe.&nbsp;&nbsp;<\/li>\n<\/ul>\n\n\n\n<p>Ka\u017cdy \u017curaw oraz inne urz\u0105dzenia techniczne podlegaj\u0105 dozorowi technicznemu. Je\u015bli chcemy rozpocz\u0105\u0107 prac\u0119 z \u017curawiem szybkomontuj\u0105cym, a tak\u017ce wie\u017cowym, musimy posiada\u0107 uprawnienia wydawane przez UDT. Kwalifikacje tycz\u0105 si\u0119 zar\u00f3wno konserwator\u00f3w jak i operator\u00f3w.&nbsp;<\/p>\n\n\n\n<h2 class=\"wp-block-heading\"><strong>Nasz program kursu<\/strong>&nbsp;<\/h2>\n\n\n\n<p>Program powsta\u0142, by&nbsp;uczestnicy szkolenia mogli uzyska\u0107 odpowiedni\u0105 wiedz\u0119 z zakresu teorii i praktyki. Nasze szkolenie przeprowadzane jest przez wyspecjalizowanych wyk\u0142adowc\u00f3w, kt\u00f3rzy poprowadz\u0105 Pa\u0144stwa przez ca\u0142y okres trwania nauki.&nbsp;<\/p>\n\n\n<div class=\"wp-block-image\">\n<figure class=\"alignleft size-full is-resized\"><a href=\"https:\/\/odk-ergon.pl\/wp-content\/uploads\/2023\/03\/szybko.jpg\"><img loading=\"lazy\" decoding=\"async\" src=\"https:\/\/odk-ergon.pl\/wp-content\/uploads\/2023\/03\/szybko.jpg\" alt=\"\u017curaw wie\u017cowy z ci\u0119\u017ckim elementem\" class=\"wp-image-2756\" width=\"301\" height=\"450\" srcset=\"https:\/\/odk-ergon.pl\/wp-content\/uploads\/2023\/03\/szybko.jpg 601w, https:\/\/odk-ergon.pl\/wp-content\/uploads\/2023\/03\/szybko-200x300.jpg 200w, https:\/\/odk-ergon.pl\/wp-content\/uploads\/2023\/03\/szybko-8x12.jpg 8w\" sizes=\"auto, (max-width: 301px) 100vw, 301px\" \/><\/a><\/figure>\n<\/div>\n\n\n<p>Podczas kursu uczestnicy dowiedz\u0105 si\u0119 na temat \u017curawia wie\u017cowego i szybkomontuj\u0105cego, takich informacji jak:&nbsp;<\/p>\n\n\n\n<ul class=\"wp-block-list\">\n<li>konstrukcja, funkcje i dzia\u0142anie \u017curawia,&nbsp;<\/li>\n\n\n\n<li>jakie obowi\u0105zki musi spe\u0142nia\u0107 konserwator i operator,&nbsp;<\/li>\n\n\n\n<li>bezpieczna eksploatacja urz\u0105dzenia,&nbsp;<\/li>\n\n\n\n<li>zasady BHP,&nbsp;<\/li>\n\n\n\n<li>doz\u00f3r techniczny,&nbsp;<\/li>\n\n\n\n<li>umiej\u0119tna ocena stanu technicznego \u017curawia,&nbsp;<\/li>\n\n\n\n<li>w jaki spos\u00f3b radzi\u0107 sobie z usterkami,&nbsp;<\/li>\n\n\n\n<li>odpowiednie przeprowadzenie konserwacji \u2013 dotyczy konserwatora,&nbsp;<\/li>\n\n\n\n<li>jak kontrolowa\u0107 \u017curawia w odpowiedni spos\u00f3b.&nbsp;<\/li>\n<\/ul>\n\n\n\n<p>Po zaj\u0119ciach wyk\u0142adowych, odbywaj\u0105 si\u0119 zaj\u0119cia praktyczne, podczas kt\u00f3rych kursant jest uczony jak bezpiecznie pracowa\u0107 z urz\u0105dzeniem. Stawiamy na profesjonalne wyszkolenie naszych podopiecznych, dzi\u0119ki naszej wykwalifikowanej kadrze.&nbsp;&nbsp;<\/p>\n\n\n\n<h2 class=\"wp-block-heading\"><strong>Jak uzyska\u0107 uprawnienia na \u017curawia?<\/strong><\/h2>\n\n\n\n<p>Uzyskanie takich kwalifikacji nie nale\u017cy do najtrudniejszych, na pocz\u0105tku nale\u017cy odby\u0107 kurs w celu przyuczenia, odno\u015bnie \u017curawia wie\u017cowego i szybkomontuj\u0105cego. Po uko\u0144czonym kursie musimy stawi\u0107 si\u0119 przed komisj\u0105 UDT i rozpocz\u0105\u0107 egzamin pisemny sprawdzaj\u0105cy wiedz\u0119 na temat wybranego urz\u0105dzenia. Je\u015bli zaliczymy egzamin sk\u0142adaj\u0105cy si\u0119 z wiedzy teoretycznej, nale\u017cy przyst\u0105pi\u0107 do kolejnego egzaminu, osoba zdaj\u0105ca musi wykaza\u0107 si\u0119 pozyskanymi na kursie umiej\u0119tno\u015bciami pracy z maszyn\u0105.&nbsp;&nbsp;<\/p>\n\n\n\n<p>Jak uda nam si\u0119 zaliczy\u0107 oba egzaminy, nast\u0105pi moment wydania nam dokumentu uprawniaj\u0105cego do pracy z \u017curawiem. Czas trwania okresu przez jaki dokument jest wa\u017cny, wynosi 5 lat. Istnieje mo\u017cliwo\u015b\u0107 wyd\u0142u\u017cenia tego okresu, poprzez z\u0142o\u017cenie wniosku, lecz aby zosta\u0142 uznany, trzeba przepracowa\u0107 na \u017curawiu co najmniej 3 lata od momentu wydania dokumentu.&nbsp;<\/p>\n\n\n\n<h2 class=\"wp-block-heading\">&nbsp;<br><strong>Zastosowanie \u017curawia wie\u017cowego<\/strong>&nbsp;<\/h2>\n\n\n\n<p>\u017buraw wie\u017cowy jest niczym innym jak d\u017awignic\u0105, kt\u00f3ra z\u0142o\u017cona jest z wie\u017cy umieszczonej na stacjonarnym lub ruchomym podwoziu oraz z wysi\u0119gnika wychylnego albo poziomego. Zastosowanie znalaz\u0142 w pracach budowlanych, a dok\u0142adnie przy budowie mieszka\u0144 lub pracach przemys\u0142owych. Jego dzia\u0142anie opiera si\u0119 na transporcie materia\u0142\u00f3w oraz na monta\u017cu element\u00f3w ci\u0119\u017ckich. Du\u017c\u0105 zalet\u0105 tego urz\u0105dzenia jest wysi\u0119gnik, a dok\u0142adnie jego d\u0142ugo\u015b\u0107, a tak\u017ce ilo\u015b\u0107 nap\u0119d\u00f3w jakich u\u017cywa, kt\u00f3re odpowiadaj\u0105 za wykonywane czynno\u015bci.&nbsp;<\/p>\n\n\n\n<h2 class=\"wp-block-heading\"><strong>Gdzie szkolimy?<\/strong>&nbsp;<\/h2>\n\n\n<div class=\"wp-block-image\">\n<figure class=\"alignleft size-large is-resized\"><a href=\"https:\/\/odk-ergon.pl\/wp-content\/uploads\/2023\/03\/szybko-3.jpg\"><img loading=\"lazy\" decoding=\"async\" src=\"https:\/\/odk-ergon.pl\/wp-content\/uploads\/2023\/03\/szybko-3-1024x506.jpg\" alt=\"onserwator \u017curawia szybkomontuj\u0105cego\" class=\"wp-image-2757\" width=\"512\" height=\"253\" srcset=\"https:\/\/odk-ergon.pl\/wp-content\/uploads\/2023\/03\/szybko-3-1024x506.jpg 1024w, https:\/\/odk-ergon.pl\/wp-content\/uploads\/2023\/03\/szybko-3-300x148.jpg 300w, https:\/\/odk-ergon.pl\/wp-content\/uploads\/2023\/03\/szybko-3-768x380.jpg 768w, https:\/\/odk-ergon.pl\/wp-content\/uploads\/2023\/03\/szybko-3-18x9.jpg 18w, https:\/\/odk-ergon.pl\/wp-content\/uploads\/2023\/03\/szybko-3-624x308.jpg 624w, https:\/\/odk-ergon.pl\/wp-content\/uploads\/2023\/03\/szybko-3.jpg 1200w\" sizes=\"auto, (max-width: 512px) 100vw, 512px\" \/><\/a><\/figure>\n<\/div>\n\n\n<p>Szkolenia przeprowadzamy na terenie ca\u0142ej Polski, posiadamy o\u015brodki szkoleniowe w wi\u0119kszych miastach na terenie ca\u0142ego kraju. Dla naszych klient\u00f3w jeste\u015bmy wstanie przyjecha\u0107 nawet pod wskazany adres i przeprowadzi\u0107 szkolenie w siedzibie klienta.&nbsp;&nbsp;<\/p>\n\n\n\n<p><\/p>\n\n\n\n<h2 class=\"wp-block-heading\"><strong>Inne nasze szkolenia<\/strong>&nbsp;<\/h2>\n\n\n\n<p>Oferujemy tak\u017ce kursy szkol\u0105ce na inne typy urz\u0105dze\u0144 technicznych, do tej grupy zaliczamy:&nbsp;<\/p>\n\n\n\n<ul class=\"wp-block-list\">\n<li>w\u00f3zki wid\u0142owe,&nbsp;<\/li>\n\n\n\n<li>\u0142adowarki teleskopowe,&nbsp;<\/li>\n\n\n\n<li><a href=\"https:\/\/odk-ergon.pl\/ua\/szkolenia\/uprawnienia-udt-tdt\/podeste-ruchome\/\">podesty ruchome<\/a>,&nbsp;<\/li>\n\n\n\n<li>wszystkie rodzaje \u017curawi,&nbsp;<\/li>\n\n\n\n<li>suwnice,&nbsp;<\/li>\n\n\n\n<li>wci\u0105garki i wci\u0105gniki.&nbsp;&nbsp;<\/li>\n<\/ul>\n\n\n\n<p>Je\u015bli zainteresowa\u0142o Ci\u0119 nasze szkolenie to zapraszamy do kontaktu z nami.&nbsp;&nbsp;<\/p>\n\n\n\n<h2 class=\"wp-block-heading\">Pytania i odpowiedzi<\/h2>\n\n\n\t\t<details\t\thelp class=\"sc_fs_faq sc_card    \"\n\t\topen\t\t>\n\t\t\t\t\t<summary>\n\t\t\t\t<h3>Jak zdoby\u0107 uprawnienia na \u017curawia wie\u017cowego? <\/h3>\t\t\t\t\t<\/summary>\n\t\t\t\t<div>\n\t\t\t\t\t\t<div class=\"sc_fs_faq__content\">\n\t\t\t\t\n\n<p>Je\u015bli chcemy zdoby\u0107 uprawnienia na \u017curawia wie\u017cowego i szybkomontuj\u0105cego, nale\u017cy odby\u0107 kurs, kt\u00f3ry przygotuje uczestnika do pracy z maszyn\u0105. Po zako\u0144czonym kursie trzeba przyst\u0105pi\u0107 do egzaminu pa\u0144stwowego, a po jego zaliczeniu zdob\u0119dziemy <a href=\"https:\/\/odk-ergon.pl\/ua\/szkolenia\/szkolenia-na-suwnice\/uprawnienia\/\">uprawnienia UDT<\/a> na t\u0119 maszyn\u0119.&nbsp;<\/p>\n\n\t\t\t<\/div>\n\t\t<\/div>\n\t\t<\/details>\n\t\t\t\t<details\t\thelp class=\"sc_fs_faq sc_card    \"\n\t\t\t\t>\n\t\t\t\t\t<summary>\n\t\t\t\t<h3>Czego dowiem si\u0119 na kursie operatora \u017curawia szybkomontuj\u0105cego? <\/h3>\t\t\t\t\t<\/summary>\n\t\t\t\t<div>\n\t\t\t\t\t\t<div class=\"sc_fs_faq__content\">\n\t\t\t\t\n\n<p>Podczas trwania kursu dowiedzie\u0107 mo\u017cesz si\u0119 na temat \u017curawia wie\u017cowego oraz szybkomontuj\u0105cego wiadomo\u015bci jak: zasady BHP, informacji o konstrukcji maszyn, informacji o dozorze technicznym oraz wiele innych wa\u017cnych stwierdze\u0144.&nbsp;<\/p>\n\n\t\t\t<\/div>\n\t\t<\/div>\n\t\t<\/details>\n\t\t\t\t<details\t\thelp class=\"sc_fs_faq sc_card    \"\n\t\t\t\t>\n\t\t\t\t\t<summary>\n\t\t\t\t<h3>Kto jest jednostk\u0105 egzaminacyjn\u0105, podczas egzaminu na operatora \u017curawi wie\u017cowych? <\/h3>\t\t\t\t\t<\/summary>\n\t\t\t\t<div>\n\t\t\t\t\t\t<div class=\"sc_fs_faq__content\">\n\t\t\t\t\n\n<p>Podczas egzaminu pa\u0144stwowego na operatora \u017curawi wie\u017cowych, jednostk\u0105 egzaminacyjn\u0105 jest Urz\u0105d Dozoru Technicznego.&nbsp;<\/p>\n\n\t\t\t<\/div>\n\t\t<\/div>\n\t\t<\/details>\n\t\t\t\t<details\t\thelp class=\"sc_fs_faq sc_card    \"\n\t\t\t\t>\n\t\t\t\t\t<summary>\n\t\t\t\t<h3>Ile lat s\u0105 wa\u017cne uprawnienia operatora \u017curawi szybkomontuj\u0105cych? <\/h3>\t\t\t\t\t<\/summary>\n\t\t\t\t<div>\n\t\t\t\t\t\t<div class=\"sc_fs_faq__content\">\n\t\t\t\t\n\n<p>Uprawnienia operatora UDT \u017curawi szybkomontuj\u0105cych s\u0105 wa\u017cne przez 5 lat.&nbsp;&nbsp;<\/p>\n\n\t\t\t<\/div>\n\t\t<\/div>\n\t\t<\/details>\n\t\t\n<script type=\"application\/ld+json\">\n\t{\n\t\t\"@context\": \"https:\/\/schema.org\",\n\t\t\"@type\": \"FAQPage\",\n\t\t\"mainEntity\": [\n\t\t\t\t\t{\n\t\t\t\t\"@type\": \"Question\",\n\t\t\t\t\"name\": \"Jak zdoby\u0107 uprawnienia na \u017curawia wie\u017cowego? \",\n\t\t\t\t\"acceptedAnswer\": {\n\t\t\t\t\t\"@type\": \"Answer\",\n\t\t\t\t\t\"text\": \"<p>Je\u015bli chcemy zdoby\u0107 uprawnienia na \u017curawia wie\u017cowego i szybkomontuj\u0105cego, nale\u017cy odby\u0107 kurs, kt\u00f3ry przygotuje uczestnika do pracy z maszyn\u0105. Po zako\u0144czonym kursie trzeba przyst\u0105pi\u0107 do egzaminu pa\u0144stwowego, a po jego zaliczeniu zdob\u0119dziemy uprawnienia UDT na t\u0119 maszyn\u0119.&nbsp;<\/p>\"\n\t\t\t\t\t\t\t\t\t}\n\t\t\t}\n\t\t\t,\t\t\t\t{\n\t\t\t\t\"@type\": \"Question\",\n\t\t\t\t\"name\": \"Czego dowiem si\u0119 na kursie operatora \u017curawia szybkomontuj\u0105cego? \",\n\t\t\t\t\"acceptedAnswer\": {\n\t\t\t\t\t\"@type\": \"Answer\",\n\t\t\t\t\t\"text\": \"<p>Podczas trwania kursu dowiedzie\u0107 mo\u017cesz si\u0119 na temat \u017curawia wie\u017cowego oraz szybkomontuj\u0105cego wiadomo\u015bci jak: zasady BHP, informacji o konstrukcji maszyn, informacji o dozorze technicznym oraz wiele innych wa\u017cnych stwierdze\u0144.&nbsp;<\/p>\"\n\t\t\t\t\t\t\t\t\t}\n\t\t\t}\n\t\t\t,\t\t\t\t{\n\t\t\t\t\"@type\": \"Question\",\n\t\t\t\t\"name\": \"Kto jest jednostk\u0105 egzaminacyjn\u0105, podczas egzaminu na operatora \u017curawi wie\u017cowych? \",\n\t\t\t\t\"acceptedAnswer\": {\n\t\t\t\t\t\"@type\": \"Answer\",\n\t\t\t\t\t\"text\": \"<p>Podczas egzaminu pa\u0144stwowego na operatora \u017curawi wie\u017cowych, jednostk\u0105 egzaminacyjn\u0105 jest Urz\u0105d Dozoru Technicznego.&nbsp;<\/p>\"\n\t\t\t\t\t\t\t\t\t}\n\t\t\t}\n\t\t\t,\t\t\t\t{\n\t\t\t\t\"@type\": \"Question\",\n\t\t\t\t\"name\": \"Ile lat s\u0105 wa\u017cne uprawnienia operatora \u017curawi szybkomontuj\u0105cych? \",\n\t\t\t\t\"acceptedAnswer\": {\n\t\t\t\t\t\"@type\": \"Answer\",\n\t\t\t\t\t\"text\": \"<p>Uprawnienia operatora UDT \u017curawi szybkomontuj\u0105cych s\u0105 wa\u017cne przez 5 lat.&nbsp;&nbsp;<\/p>\"\n\t\t\t\t\t\t\t\t\t}\n\t\t\t}\n\t\t\t\t\t\t]\n\t}\n<\/script>\n","protected":false},"excerpt":{"rendered":"<p>O\u015brodek szkoleniowy ERGON od ponad 15 lat zajmuje si\u0119 przeprowadzaniem szkole\u0144 z obs\u0142ugi i konserwacji urz\u0105dze\u0144 transportu bliskiego. Oferujemy szkolenie na operatora i\/lub konserwatora \u017curawi szybkomontuj\u0105cych.&nbsp; Na jakie kategorie mo\u017cemy podzieli\u0107 \u017curawia wie\u017cowego?&nbsp; \u017burawie wie\u017cowe dzielimy na kilka kategorii, takich jak:&nbsp; Ka\u017cdy \u017curaw oraz inne urz\u0105dzenia techniczne podlegaj\u0105 dozorowi technicznemu. Je\u015bli chcemy rozpocz\u0105\u0107 prac\u0119 z \u017curawiem szybkomontuj\u0105cym, a tak\u017ce wie\u017cowym, musimy posiada\u0107 uprawnienia wydawane przez UDT. Kwalifikacje tycz\u0105 si\u0119 zar\u00f3wno konserwator\u00f3w jak i operator\u00f3w.&nbsp; Nasz program kursu&nbsp; Program powsta\u0142, by&nbsp;uczestnicy szkolenia mogli uzyska\u0107 odpowiedni\u0105 wiedz\u0119 z zakresu teorii i praktyki. Nasze szkolenie przeprowadzane jest przez wyspecjalizowanych wyk\u0142adowc\u00f3w, kt\u00f3rzy poprowadz\u0105 Pa\u0144stwa przez ca\u0142y okres trwania nauki.&nbsp; Podczas kursu uczestnicy dowiedz\u0105 si\u0119 na temat \u017curawia wie\u017cowego i szybkomontuj\u0105cego, takich informacji jak:&nbsp; Po zaj\u0119ciach wyk\u0142adowych, odbywaj\u0105 si\u0119 zaj\u0119cia praktyczne, podczas kt\u00f3rych kursant jest uczony jak bezpiecznie pracowa\u0107 z urz\u0105dzeniem. Stawiamy na profesjonalne wyszkolenie naszych podopiecznych, dzi\u0119ki naszej wykwalifikowanej kadrze.&nbsp;&nbsp; Jak uzyska\u0107 uprawnienia na \u017curawia? Uzyskanie takich kwalifikacji nie nale\u017cy do najtrudniejszych, na pocz\u0105tku nale\u017cy odby\u0107 kurs w celu przyuczenia, odno\u015bnie \u017curawia wie\u017cowego i szybkomontuj\u0105cego. Po uko\u0144czonym kursie musimy stawi\u0107 si\u0119 przed komisj\u0105 UDT i rozpocz\u0105\u0107 egzamin pisemny sprawdzaj\u0105cy wiedz\u0119 na temat wybranego urz\u0105dzenia. Je\u015bli zaliczymy egzamin sk\u0142adaj\u0105cy si\u0119 z wiedzy teoretycznej, nale\u017cy przyst\u0105pi\u0107 do kolejnego egzaminu, osoba zdaj\u0105ca musi wykaza\u0107 si\u0119 pozyskanymi na kursie umiej\u0119tno\u015bciami pracy z maszyn\u0105.&nbsp;&nbsp; Jak uda nam si\u0119 zaliczy\u0107 oba egzaminy, nast\u0105pi moment wydania nam dokumentu uprawniaj\u0105cego do pracy z \u017curawiem. Czas trwania okresu przez jaki dokument jest wa\u017cny, wynosi 5 lat. Istnieje mo\u017cliwo\u015b\u0107 wyd\u0142u\u017cenia tego okresu, poprzez z\u0142o\u017cenie wniosku, lecz aby zosta\u0142 uznany, [&hellip;]<\/p>\n","protected":false},"author":1,"featured_media":2755,"parent":1828,"menu_order":0,"comment_status":"closed","ping_status":"closed","template":"","meta":{"sfsi_plus_gutenberg_text_before_share":"","sfsi_plus_gutenberg_show_text_before_share":"","sfsi_plus_gutenberg_icon_type":"","sfsi_plus_gutenberg_icon_alignemt":"","sfsi_plus_gutenburg_max_per_row":"","footnotes":""},"class_list":["post-2754","page","type-page","status-publish","has-post-thumbnail","hentry","has_thumb"],"aioseo_notices":[],"_links":{"self":[{"href":"https:\/\/odk-ergon.pl\/ua\/wp-json\/wp\/v2\/pages\/2754","targetHints":{"allow":["GET"]}}],"collection":[{"href":"https:\/\/odk-ergon.pl\/ua\/wp-json\/wp\/v2\/pages"}],"about":[{"href":"https:\/\/odk-ergon.pl\/ua\/wp-json\/wp\/v2\/types\/page"}],"author":[{"embeddable":true,"href":"https:\/\/odk-ergon.pl\/ua\/wp-json\/wp\/v2\/users\/1"}],"replies":[{"embeddable":true,"href":"https:\/\/odk-ergon.pl\/ua\/wp-json\/wp\/v2\/comments?post=2754"}],"version-history":[{"count":5,"href":"https:\/\/odk-ergon.pl\/ua\/wp-json\/wp\/v2\/pages\/2754\/revisions"}],"predecessor-version":[{"id":3420,"href":"https:\/\/odk-ergon.pl\/ua\/wp-json\/wp\/v2\/pages\/2754\/revisions\/3420"}],"up":[{"embeddable":true,"href":"https:\/\/odk-ergon.pl\/ua\/wp-json\/wp\/v2\/pages\/1828"}],"wp:featuredmedia":[{"embeddable":true,"href":"https:\/\/odk-ergon.pl\/ua\/wp-json\/wp\/v2\/media\/2755"}],"wp:attachment":[{"href":"https:\/\/odk-ergon.pl\/ua\/wp-json\/wp\/v2\/media?parent=2754"}],"curies":[{"name":"wp","href":"https:\/\/api.w.org\/{rel}","templated":true}]}}