{"id":2859,"date":"2023-03-24T15:08:46","date_gmt":"2023-03-24T14:08:46","guid":{"rendered":"https:\/\/odk-ergon.pl\/?page_id=2859"},"modified":"2023-03-26T20:18:20","modified_gmt":"2023-03-26T18:18:20","slug":"%d0%be%d0%bf%d0%b5%d1%80%d0%b0%d1%82%d0%be%d1%80%d0%b8-%d1%82%d0%b0-%d1%82%d0%b5%d1%85%d0%bd%d1%96%d1%87%d0%bd%d1%96-%d0%bf%d1%80%d0%b0%d1%86%d1%96%d0%b2%d0%bd%d0%b8%d0%ba%d0%b8-%d0%bc%d0%b0%d0%bd","status":"publish","type":"page","link":"https:\/\/odk-ergon.pl\/ua\/szkolenia\/uprawnienia-udt-tdt\/operatorow-i-konserwatorow-manitou\/","title":{"rendered":"\u041a\u0432\u0430\u043b\u0456\u0444\u0456\u043a\u0430\u0446\u0456\u044f Manitou - \u043a\u0443\u0440\u0441\u0438 \u043e\u043f\u0435\u0440\u0430\u0442\u043e\u0440\u0430 \u0442\u0430 \u0442\u0435\u0445\u043d\u0456\u0447\u043d\u043e\u0433\u043e \u043e\u0431\u0441\u043b\u0443\u0433\u043e\u0432\u0443\u0432\u0430\u043d\u043d\u044f"},"content":{"rendered":"\n<p>\u0141adowarki teleskopowe to inaczej wszechstronne w\u00f3zki wid\u0142owe do podnoszenia \u0142adunk\u00f3w z wysuwanymi ramionami, kt\u00f3re mo\u017cna sk\u0142ada\u0107, aby dostosowa\u0107 zasi\u0119g i wysoko\u015b\u0107 podnoszenia.&nbsp;<\/p>\n\n\n\n<p>ERGON pomo\u017ce Ci odby\u0107 szkolenie kwalifikuj\u0105ce do zawodu operatora \u0142adowarek, po kt\u00f3rym trzymasz certyfikat umo\u017cliwiaj\u0105cy prac\u0119 z tymi urz\u0105dzeniami.&nbsp;<\/p>\n\n\n\n<h2 class=\"wp-block-heading\">&nbsp;<br><strong>Konserwacja&nbsp;<\/strong>&nbsp;<\/h2>\n\n\n\n<p>Kurs konserwatora to kolejna mo\u017cliwo\u015b\u0107 rozwoju umiej\u0119tno\u015bci, zaraz po szkoleniu operatorskim UDT. Zg\u0142\u0119bisz mn\u00f3stwo zagadnie\u0144 teoretycznych oraz praktycznych pod okiem do\u015bwiadczonego konserwatora maszyn. Jego specjalizacj\u0105 jest konserwacja nie tylko \u0142adowarek teleskopowych, ale te\u017c innych w\u00f3zk\u00f3w wid\u0142owych, suwnic, d\u017awig\u00f3w, podest\u00f3w, \u017curawi samojezdnych. Szkolenia odbywaj\u0105 si\u0119 w dogodnym dla uczestnika terminie.&nbsp;<\/p>\n\n\n\n<h3 class=\"wp-block-heading\"><strong>Szkolenia konserwatorskie, jakie mo\u017cna u nas odby\u0107:<\/strong>&nbsp;<\/h3>\n\n\n\n<ul class=\"wp-block-list\">\n<li>suwnice i wci\u0105garki,&nbsp;<\/li>\n\n\n\n<li>\u017curawie samochodowe,&nbsp;<\/li>\n\n\n\n<li>podesty ruchome,&nbsp;<\/li>\n\n\n\n<li>w\u00f3zki jezdniowe z nap\u0119dem mechanicznym.&nbsp;<\/li>\n<\/ul>\n\n\n\n<p>Ka\u017cdy kurs ma osobny program i daje uprawnienia do prac na stanowisku konserwatora z danym urz\u0105dzeniem w kategorii Transportu Bliskiego. Obejmuje teoretyczne i praktyczne przygotowanie do egzaminu UDT. Po otrzymaniu wyniku pozytywnego kursant dostaje legitymacje UDT konserwatora konkretnego urz\u0105dzenia.&nbsp;<\/p>\n\n\n\n<figure class=\"wp-block-image size-full is-resized\"><a href=\"https:\/\/odk-ergon.pl\/wp-content\/uploads\/2023\/03\/Manitou-3.jpg\"><img loading=\"lazy\" decoding=\"async\" src=\"https:\/\/odk-ergon.pl\/wp-content\/uploads\/2023\/03\/Manitou-3.jpg\" alt=\"konserwacja \u0142adowarki teleskopowej\" class=\"wp-image-2861\" width=\"512\" height=\"384\" srcset=\"https:\/\/odk-ergon.pl\/wp-content\/uploads\/2023\/03\/Manitou-3.jpg 1024w, https:\/\/odk-ergon.pl\/wp-content\/uploads\/2023\/03\/Manitou-3-300x225.jpg 300w, https:\/\/odk-ergon.pl\/wp-content\/uploads\/2023\/03\/Manitou-3-768x576.jpg 768w, https:\/\/odk-ergon.pl\/wp-content\/uploads\/2023\/03\/Manitou-3-16x12.jpg 16w, https:\/\/odk-ergon.pl\/wp-content\/uploads\/2023\/03\/Manitou-3-640x480.jpg 640w, https:\/\/odk-ergon.pl\/wp-content\/uploads\/2023\/03\/Manitou-3-624x468.jpg 624w\" sizes=\"auto, (max-width: 512px) 100vw, 512px\" \/><\/a><\/figure>\n\n\n\n<h2 class=\"wp-block-heading\"><strong>Wymagania dla kandydat\u00f3w:<\/strong>&nbsp;<\/h2>\n\n\n\n<ul class=\"wp-block-list\">\n<li>uko\u0144czenie 18 roku \u017cycia,&nbsp;<\/li>\n\n\n\n<li>brak przeciwwskaza\u0144 zdrowotnych do pracy na stanowisku konserwatora.&nbsp;<\/li>\n<\/ul>\n\n\n\n<p>Program szkolenia to przede wszystkim praktyka, ale tak\u017ce du\u017co wiedzy teoretycznej omawianej przez praktykuj\u0105cego konserwatora.&nbsp;&nbsp;<\/p>\n\n\n\n<h2 class=\"wp-block-heading\"><strong>Na kursie:<\/strong><strong><\/strong>&nbsp;<\/h2>\n\n\n\n<ul class=\"wp-block-list\">\n<li>dowiesz si\u0119 czym jest i zajmuje si\u0119 UDT,&nbsp;<\/li>\n\n\n\n<li>poznasz dokumentacj\u0119 techniczn\u0105 urz\u0105dzenia, na kt\u00f3re robisz szkolenie,&nbsp;<\/li>\n\n\n\n<li>poznasz normy dotycz\u0105ce urz\u0105dze\u0144 i warunki techniczne dozoru,&nbsp;<\/li>\n\n\n\n<li>poznasz przepisy BHP,&nbsp;<\/li>\n\n\n\n<li>zapoznasz si\u0119 z obowi\u0105zkami i uprawnieniami konserwatora,&nbsp;<\/li>\n\n\n\n<li>poznasz zasady konserwacji, u\u017cycia olej\u00f3w i smar\u00f3w oraz eksploatacji i czyszczenia.&nbsp;<\/li>\n<\/ul>\n\n\n\n<p>Poza szkoleniami na operator\u00f3w i konserwator\u00f3w \u0142adowarek teleskopowych, ERGON oferuje tak\u017ce serwis wszystkich wymienionych powy\u017cej urz\u0105dze\u0144. Nie musisz szuka\u0107 innej firmy \u2013 nauczymy Ci\u0119 wszystkiego, czego potrzebujesz, a w razie potrzeby naprawimy Tw\u00f3j sprz\u0119t.&nbsp;&nbsp;<\/p>\n\n\n\n<figure class=\"wp-block-image size-large is-resized\"><a href=\"https:\/\/odk-ergon.pl\/wp-content\/uploads\/2023\/03\/Manitou-scaled.jpg\"><img loading=\"lazy\" decoding=\"async\" src=\"https:\/\/odk-ergon.pl\/wp-content\/uploads\/2023\/03\/Manitou-1024x680.jpg\" alt=\"kurs na konserwatora w\u00f3zka wid\u0142owego\" class=\"wp-image-2862\" width=\"512\" height=\"340\" srcset=\"https:\/\/odk-ergon.pl\/wp-content\/uploads\/2023\/03\/Manitou-1024x680.jpg 1024w, https:\/\/odk-ergon.pl\/wp-content\/uploads\/2023\/03\/Manitou-300x199.jpg 300w, https:\/\/odk-ergon.pl\/wp-content\/uploads\/2023\/03\/Manitou-768x510.jpg 768w, https:\/\/odk-ergon.pl\/wp-content\/uploads\/2023\/03\/Manitou-1536x1020.jpg 1536w, https:\/\/odk-ergon.pl\/wp-content\/uploads\/2023\/03\/Manitou-2048x1360.jpg 2048w, https:\/\/odk-ergon.pl\/wp-content\/uploads\/2023\/03\/Manitou-18x12.jpg 18w, https:\/\/odk-ergon.pl\/wp-content\/uploads\/2023\/03\/Manitou-624x414.jpg 624w\" sizes=\"auto, (max-width: 512px) 100vw, 512px\" \/><\/a><\/figure>\n\n\n\n<p>\u0141adowarki Manitou MT, MLT, MRT spe\u0142niaj\u0105 wszelkie \u0142adunkowe potrzeby bran\u017cy budowlanej. Niezale\u017cnie od terenu i warunk\u00f3w pomog\u0105 w pracy, gdzie koniecznie jest przenoszenie ci\u0119\u017ckich \u0142adunk\u00f3w. S\u0105 \u0142atwe w obs\u0142udze, ekonomiczne, wielofunkcyjne i bezpieczne, co zwi\u0119ksza wydajno\u015b\u0107 pracy i u\u0142atwia j\u0105.&nbsp;<\/p>\n\n\n\n<h2 class=\"wp-block-heading\"><strong>\u0141adowarki budowlane Manitou oferuj\u0105 nast\u0119puj\u0105ce funkcje:<\/strong>&nbsp;<\/h2>\n\n\n\n<ul class=\"wp-block-list\">\n<li>wszechstronno\u015b\u0107 dzi\u0119ki wymiennemu osprz\u0119towi,&nbsp;<\/li>\n\n\n\n<li>\u0142atwy dost\u0119p do kabiny,&nbsp;<\/li>\n\n\n\n<li>doskona\u0142a zwrotno\u015b\u0107,&nbsp;<\/li>\n\n\n\n<li>solidno\u015b\u0107 wykonania, wi\u0119ksza odporno\u015b\u0107 na wstrz\u0105sy,&nbsp;<\/li>\n\n\n\n<li>komfort i ergonomia. Widoczno\u015b\u0107 z kabiny \u2013 360 stopni.&nbsp;<\/li>\n<\/ul>\n\n\n\n<p>Z nami nauczysz si\u0119 wszystkiego o tych urz\u0105dzeniach. Poznasz teori\u0119 i praktyk\u0119, co pozwoli Ci podej\u015b\u0107 do egzaminu UDT, po kt\u00f3rym otrzymasz certyfikat umo\u017cliwiaj\u0105cy prac\u0119 jako operator. &nbsp;<br>\u0141adowarka sama w sobie jest niezwykle przydatnym urz\u0105dzeniem w wielu pracach na budowie, po dodatkowym zamontowaniu wysi\u0119gnika, mo\u017cna si\u0119 ni\u0105 dosta\u0107 w trudno dost\u0119pne miejsca, gdzie nie wjedzie si\u0119 w\u00f3zkiem wid\u0142owym.&nbsp;&nbsp;<\/p>\n\n\n\n<h2 class=\"wp-block-heading\">Producenci \u0142adowarek teleskopowych:&nbsp;<\/h2>\n\n\n\n<ul class=\"wp-block-list\">\n<li>Comblift,&nbsp;<\/li>\n\n\n\n<li>Hangcha,&nbsp;&nbsp;<\/li>\n\n\n\n<li>Linde,&nbsp;&nbsp;<\/li>\n\n\n\n<li>Manitou,&nbsp;<\/li>\n\n\n\n<li>Doosan,&nbsp;<\/li>\n\n\n\n<li>Dieci,&nbsp;<\/li>\n\n\n\n<li>Nissan,&nbsp;&nbsp;<\/li>\n\n\n\n<li>Toyota,&nbsp;<\/li>\n\n\n\n<li>JCB,&nbsp;<\/li>\n\n\n\n<li>Hyster,&nbsp;<\/li>\n\n\n\n<li>Kalmar,&nbsp;<\/li>\n\n\n\n<li>Jungheinrich,&nbsp;<\/li>\n\n\n\n<li>Mitsubishi,&nbsp;<\/li>\n\n\n\n<li>Yale.&nbsp;<\/li>\n<\/ul>\n\n\n\n<h2 class=\"wp-block-heading\">Pytania i odpowiedzi<\/h2>\n\n\n\t\t<details\t\thelp class=\"sc_fs_faq sc_card    \"\n\t\topen\t\t>\n\t\t\t\t\t<summary>\n\t\t\t\t<h3>Jakie s\u0105 cechy \u0142adowarek Manitou?<\/h3>\t\t\t\t\t<\/summary>\n\t\t\t\t<div>\n\t\t\t\t\t\t<div class=\"sc_fs_faq__content\">\n\t\t\t\t\n\n<p>\u0141adowarki budowlane Manitou charakteryzuj\u0105 si\u0119 m.in. \u0142atwym dost\u0119pem do kabiny, mo\u017cliwo\u015bci\u0105 obrotu o 360 stopni oraz odporno\u015bci\u0105 na wstrz\u0105sy.<\/p>\n\n\t\t\t<\/div>\n\t\t<\/div>\n\t\t<\/details>\n\t\t\t\t<details\t\thelp class=\"sc_fs_faq sc_card    \"\n\t\t\t\t>\n\t\t\t\t\t<summary>\n\t\t\t\t<h3>Czy oferujecie szkolenia dla konserwator\u00f3w?<\/h3>\t\t\t\t\t<\/summary>\n\t\t\t\t<div>\n\t\t\t\t\t\t<div class=\"sc_fs_faq__content\">\n\t\t\t\t\n\n<p>Nasza firma ma w ofercie szkolenia dla operator\u00f3w oraz konserwator\u00f3w. Po odbyciu kursu zdaje si\u0119 egzamin daj\u0105cy uprawnienia.&nbsp;<\/p>\n\n\t\t\t<\/div>\n\t\t<\/div>\n\t\t<\/details>\n\t\t\t\t<details\t\thelp class=\"sc_fs_faq sc_card    \"\n\t\t\t\t>\n\t\t\t\t\t<summary>\n\t\t\t\t<h3>Czy oferujecie serwis urz\u0105dze\u0144? <\/h3>\t\t\t\t\t<\/summary>\n\t\t\t\t<div>\n\t\t\t\t\t\t<div class=\"sc_fs_faq__content\">\n\t\t\t\t\n\n<p>Tak, oferujemy serwis urz\u0105dze\u0144 technicznych, np. zwy\u017cek, podest\u00f3w ruchomych, \u0142adowarek teleskopowych czy w\u00f3zk\u00f3w wid\u0142owych. W swojej ofercie posiadamy tak\u017ce us\u0142ugi z zakresu doradztwa przy zakupie oraz konserwacji. ERGON to lider w bran\u017cy szkoleniowej z obs\u0142ugi urz\u0105dze\u0144.&nbsp;<\/p>\n\n\t\t\t<\/div>\n\t\t<\/div>\n\t\t<\/details>\n\t\t\n<script type=\"application\/ld+json\">\n\t{\n\t\t\"@context\": \"https:\/\/schema.org\",\n\t\t\"@type\": \"FAQPage\",\n\t\t\"mainEntity\": [\n\t\t\t\t\t{\n\t\t\t\t\"@type\": \"Question\",\n\t\t\t\t\"name\": \"Jakie s\u0105 cechy \u0142adowarek Manitou?\",\n\t\t\t\t\"acceptedAnswer\": {\n\t\t\t\t\t\"@type\": \"Answer\",\n\t\t\t\t\t\"text\": \"<p>\u0141adowarki budowlane Manitou charakteryzuj\u0105 si\u0119 m.in. \u0142atwym dost\u0119pem do kabiny, mo\u017cliwo\u015bci\u0105 obrotu o 360 stopni oraz odporno\u015bci\u0105 na wstrz\u0105sy.<\/p>\"\n\t\t\t\t\t\t\t\t\t}\n\t\t\t}\n\t\t\t,\t\t\t\t{\n\t\t\t\t\"@type\": \"Question\",\n\t\t\t\t\"name\": \"Czy oferujecie szkolenia dla konserwator\u00f3w?\",\n\t\t\t\t\"acceptedAnswer\": {\n\t\t\t\t\t\"@type\": \"Answer\",\n\t\t\t\t\t\"text\": \"<p>Nasza firma ma w ofercie szkolenia dla operator\u00f3w oraz konserwator\u00f3w. Po odbyciu kursu zdaje si\u0119 egzamin daj\u0105cy uprawnienia.&nbsp;<\/p>\"\n\t\t\t\t\t\t\t\t\t}\n\t\t\t}\n\t\t\t,\t\t\t\t{\n\t\t\t\t\"@type\": \"Question\",\n\t\t\t\t\"name\": \"Czy oferujecie serwis urz\u0105dze\u0144? \",\n\t\t\t\t\"acceptedAnswer\": {\n\t\t\t\t\t\"@type\": \"Answer\",\n\t\t\t\t\t\"text\": \"<p>Tak, oferujemy serwis urz\u0105dze\u0144 technicznych, np. zwy\u017cek, podest\u00f3w ruchomych, \u0142adowarek teleskopowych czy w\u00f3zk\u00f3w wid\u0142owych. W swojej ofercie posiadamy tak\u017ce us\u0142ugi z zakresu doradztwa przy zakupie oraz konserwacji. ERGON to lider w bran\u017cy szkoleniowej z obs\u0142ugi urz\u0105dze\u0144.&nbsp;<\/p>\"\n\t\t\t\t\t\t\t\t\t}\n\t\t\t}\n\t\t\t\t\t\t]\n\t}\n<\/script>\n","protected":false},"excerpt":{"rendered":"<p>\u0141adowarki teleskopowe to inaczej wszechstronne w\u00f3zki wid\u0142owe do podnoszenia \u0142adunk\u00f3w z wysuwanymi ramionami, kt\u00f3re mo\u017cna sk\u0142ada\u0107, aby dostosowa\u0107 zasi\u0119g i wysoko\u015b\u0107 podnoszenia.&nbsp; ERGON pomo\u017ce Ci odby\u0107 szkolenie kwalifikuj\u0105ce do zawodu operatora \u0142adowarek, po kt\u00f3rym trzymasz certyfikat umo\u017cliwiaj\u0105cy prac\u0119 z tymi urz\u0105dzeniami.&nbsp; &nbsp;Konserwacja&nbsp;&nbsp; Kurs konserwatora to kolejna mo\u017cliwo\u015b\u0107 rozwoju umiej\u0119tno\u015bci, zaraz po szkoleniu operatorskim UDT. Zg\u0142\u0119bisz mn\u00f3stwo zagadnie\u0144 teoretycznych oraz praktycznych pod okiem do\u015bwiadczonego konserwatora maszyn. Jego specjalizacj\u0105 jest konserwacja nie tylko \u0142adowarek teleskopowych, ale te\u017c innych w\u00f3zk\u00f3w wid\u0142owych, suwnic, d\u017awig\u00f3w, podest\u00f3w, \u017curawi samojezdnych. Szkolenia odbywaj\u0105 si\u0119 w dogodnym dla uczestnika terminie.&nbsp; Szkolenia konserwatorskie, jakie mo\u017cna u nas odby\u0107:&nbsp; Ka\u017cdy kurs ma osobny program i daje uprawnienia do prac na stanowisku konserwatora z danym urz\u0105dzeniem w kategorii Transportu Bliskiego. Obejmuje teoretyczne i praktyczne przygotowanie do egzaminu UDT. Po otrzymaniu wyniku pozytywnego kursant dostaje legitymacje UDT konserwatora konkretnego urz\u0105dzenia.&nbsp; Wymagania dla kandydat\u00f3w:&nbsp; Program szkolenia to przede wszystkim praktyka, ale tak\u017ce du\u017co wiedzy teoretycznej omawianej przez praktykuj\u0105cego konserwatora.&nbsp;&nbsp; Na kursie:&nbsp; Poza szkoleniami na operator\u00f3w i konserwator\u00f3w \u0142adowarek teleskopowych, ERGON oferuje tak\u017ce serwis wszystkich wymienionych powy\u017cej urz\u0105dze\u0144. Nie musisz szuka\u0107 innej firmy \u2013 nauczymy Ci\u0119 wszystkiego, czego potrzebujesz, a w razie potrzeby naprawimy Tw\u00f3j sprz\u0119t.&nbsp;&nbsp; \u0141adowarki Manitou MT, MLT, MRT spe\u0142niaj\u0105 wszelkie \u0142adunkowe potrzeby bran\u017cy budowlanej. Niezale\u017cnie od terenu i warunk\u00f3w pomog\u0105 w pracy, gdzie koniecznie jest przenoszenie ci\u0119\u017ckich \u0142adunk\u00f3w. S\u0105 \u0142atwe w obs\u0142udze, ekonomiczne, wielofunkcyjne i bezpieczne, co zwi\u0119ksza wydajno\u015b\u0107 pracy i u\u0142atwia j\u0105.&nbsp; \u0141adowarki budowlane Manitou oferuj\u0105 nast\u0119puj\u0105ce funkcje:&nbsp; Z nami nauczysz si\u0119 wszystkiego o tych urz\u0105dzeniach. Poznasz teori\u0119 i praktyk\u0119, co pozwoli Ci podej\u015b\u0107 do egzaminu [&hellip;]<\/p>\n","protected":false},"author":1,"featured_media":2860,"parent":1828,"menu_order":0,"comment_status":"closed","ping_status":"closed","template":"","meta":{"sfsi_plus_gutenberg_text_before_share":"","sfsi_plus_gutenberg_show_text_before_share":"","sfsi_plus_gutenberg_icon_type":"","sfsi_plus_gutenberg_icon_alignemt":"","sfsi_plus_gutenburg_max_per_row":"","footnotes":""},"class_list":["post-2859","page","type-page","status-publish","has-post-thumbnail","hentry","has_thumb"],"aioseo_notices":[],"_links":{"self":[{"href":"https:\/\/odk-ergon.pl\/ua\/wp-json\/wp\/v2\/pages\/2859","targetHints":{"allow":["GET"]}}],"collection":[{"href":"https:\/\/odk-ergon.pl\/ua\/wp-json\/wp\/v2\/pages"}],"about":[{"href":"https:\/\/odk-ergon.pl\/ua\/wp-json\/wp\/v2\/types\/page"}],"author":[{"embeddable":true,"href":"https:\/\/odk-ergon.pl\/ua\/wp-json\/wp\/v2\/users\/1"}],"replies":[{"embeddable":true,"href":"https:\/\/odk-ergon.pl\/ua\/wp-json\/wp\/v2\/comments?post=2859"}],"version-history":[{"count":3,"href":"https:\/\/odk-ergon.pl\/ua\/wp-json\/wp\/v2\/pages\/2859\/revisions"}],"predecessor-version":[{"id":3271,"href":"https:\/\/odk-ergon.pl\/ua\/wp-json\/wp\/v2\/pages\/2859\/revisions\/3271"}],"up":[{"embeddable":true,"href":"https:\/\/odk-ergon.pl\/ua\/wp-json\/wp\/v2\/pages\/1828"}],"wp:featuredmedia":[{"embeddable":true,"href":"https:\/\/odk-ergon.pl\/ua\/wp-json\/wp\/v2\/media\/2860"}],"wp:attachment":[{"href":"https:\/\/odk-ergon.pl\/ua\/wp-json\/wp\/v2\/media?parent=2859"}],"curies":[{"name":"wp","href":"https:\/\/api.w.org\/{rel}","templated":true}]}}