{"id":2934,"date":"2023-03-24T13:46:56","date_gmt":"2023-03-24T12:46:56","guid":{"rendered":"https:\/\/odk-ergon.pl\/?page_id=2934"},"modified":"2023-03-25T01:46:54","modified_gmt":"2023-03-25T00:46:54","slug":"%d0%b5%d0%ba%d1%81%d0%bf%d0%bb%d1%83%d0%b0%d1%82%d0%b0%d1%86%d1%96%d1%8f-%d1%82%d0%b0-%d0%be%d0%b1%d1%81%d0%bb%d1%83%d0%b3%d0%be%d0%b2%d1%83%d0%b2%d0%b0%d0%bd%d0%bd%d1%8f-%d1%81%d1%82%d0%b0%d1%86","status":"publish","type":"page","link":"https:\/\/odk-ergon.pl\/ua\/szkolenia\/uprawnienia-udt-tdt\/operat-i-konserwator-zurawi-stacjonarnych\/","title":{"rendered":"\u041d\u0430\u0432\u0447\u0430\u043d\u043d\u044f \u0434\u043b\u044f \u043e\u043f\u0435\u0440\u0430\u0442\u043e\u0440\u0456\u0432 \u0442\u0430 \u043e\u0431\u0441\u043b\u0443\u0433\u043e\u0432\u0443\u044e\u0447\u043e\u0433\u043e \u043f\u0435\u0440\u0441\u043e\u043d\u0430\u043b\u0443 \u0441\u0442\u0430\u0446\u0456\u043e\u043d\u0430\u0440\u043d\u0438\u0445 \u043a\u0440\u0430\u043d\u0456\u0432"},"content":{"rendered":"\n<p>\u017burawie stacjonarne, inaczej warsztatowe, to d\u017awignice, czyli urz\u0105dzenia u\u017cywane do przenoszenia ci\u0119\u017ckich \u0142adunk\u00f3w na ograniczonym obszarze. Wysi\u0119gnik, kt\u00f3ry si\u0119 obraca i podnosi \u0142adunki, czyli rami\u0119, mo\u017ce by\u0107 przymocowany do s\u0142upa lub \u015bciany. Wykonuje si\u0119 nim zwykle obr\u00f3t 360 stopni, czasem mniejszy. Inn\u0105, charakterystyczn\u0105 rzecz\u0105, jest rodzaj ci\u0119gna no\u015bnego, kt\u00f3re w \u017curawiach stacjonarnych mo\u017ce by\u0107 linowe lub \u0142a\u0144cuchowe.&nbsp;<\/p>\n\n\n\n<h2 class=\"wp-block-heading\"><strong>Doz\u00f3r techniczny<\/strong>&nbsp;<\/h2>\n\n\n\n<p>Jak wiele innych i podobnych maszyn, tak i \u017curawie stacjonarne podlegaj\u0105 dozorowi technicznemu. \u017beby wi\u0119c m\u00f3c zosta\u0107 operatorem czy konserwatorem trzeba zdoby\u0107 uprawnienia. Z wymogu posiadania specjalistycznych kwalifikacji s\u0105 zwolnione osoby pracuj\u0105ce z \u017curawiami:&nbsp;<\/p>\n\n\n\n<ul class=\"wp-block-list\">\n<li>z nap\u0119dem r\u0119cznym,&nbsp;<\/li>\n\n\n\n<li>z nap\u0119dem elektrycznym jednofazowym \u2013 ud\u017awig do 1000kg,&nbsp;<\/li>\n\n\n\n<li>z ud\u017awigiem do 250kg, bez urz\u0105dze\u0144 u\u017cywanych do transportu ludzi.&nbsp;<\/li>\n<\/ul>\n\n\n\n<p>Uprawnienia s\u0105 wydawane przez nast\u0119puj\u0105ce organy: UDT \u2013 Urz\u0105d Dozoru Technicznego, TDT \u2013 Transportowy Doz\u00f3r Techniczny oraz WDT \u2013 Wojskowy Doz\u00f3r Techniczny. To, kt\u00f3ra z tych jednostek powinna wyda\u0107 uprawnienia, zale\u017cne jest od tego, na jakim terenie znajduje si\u0119 maszyna, na kt\u00f3r\u0105 s\u0105 potrzebne. &nbsp;<br>Istotne jest, \u017ce wydawane uprawnienia s\u0105 wzajemnie uznawane przez wymienione jednostki. Aby je natomiast zdoby\u0107, nale\u017cy odby\u0107 szkolenie, jakie oferuje nasz o\u015brodek.&nbsp;&nbsp;<\/p>\n\n\n\n<h2 class=\"wp-block-heading\"><strong>Nasze szkolenia<\/strong>&nbsp;<\/h2>\n\n\n\n<p>Ramowy program kursu, kt\u00f3ry dzieli si\u0119 na teori\u0119 oraz praktyk\u0119, obejmuje:&nbsp;&nbsp;<\/p>\n\n\n<div class=\"wp-block-image\">\n<figure class=\"alignleft size-large is-resized\"><a href=\"https:\/\/odk-ergon.pl\/wp-content\/uploads\/2023\/03\/stacjonarny-2.jpg\"><img loading=\"lazy\" decoding=\"async\" src=\"https:\/\/odk-ergon.pl\/wp-content\/uploads\/2023\/03\/stacjonarny-2-768x1024.jpg\" alt=\"szkolenie z obs\u0142ugi \u017curawia stacjonarnego  \" class=\"wp-image-2936\" width=\"384\" height=\"512\" srcset=\"https:\/\/odk-ergon.pl\/wp-content\/uploads\/2023\/03\/stacjonarny-2-768x1024.jpg 768w, https:\/\/odk-ergon.pl\/wp-content\/uploads\/2023\/03\/stacjonarny-2-225x300.jpg 225w, https:\/\/odk-ergon.pl\/wp-content\/uploads\/2023\/03\/stacjonarny-2-9x12.jpg 9w, https:\/\/odk-ergon.pl\/wp-content\/uploads\/2023\/03\/stacjonarny-2-624x832.jpg 624w, https:\/\/odk-ergon.pl\/wp-content\/uploads\/2023\/03\/stacjonarny-2.jpg 840w\" sizes=\"auto, (max-width: 384px) 100vw, 384px\" \/><\/a><\/figure>\n<\/div>\n\n\n<ul class=\"wp-block-list\">\n<li>om\u00f3wienie wymaga\u0144 kwalifikacyjnych od kandydat\u00f3w,&nbsp;&nbsp;<\/li>\n\n\n\n<li>wszystko o \u017curawiach: budowa, funkcje, podzia\u0142,&nbsp;<\/li>\n\n\n\n<li>poznanie maszyn, jakie podlegaj\u0105 pod doz\u00f3r techniczny,&nbsp;&nbsp;<\/li>\n\n\n\n<li>budow\u0119 i dzia\u0142anie mechanizm\u00f3w,&nbsp;<\/li>\n\n\n\n<li>nauk\u0119 obs\u0142ugi \u2013 w teorii i praktyce,&nbsp;&nbsp;<\/li>\n\n\n\n<li>prac\u0119 w szczeg\u00f3lnych warunkach,&nbsp;&nbsp;<\/li>\n\n\n\n<li>urz\u0105dzenia zabezpieczaj\u0105ce,&nbsp;&nbsp;<\/li>\n\n\n\n<li>wyposa\u017cenie \u017curawi,&nbsp;<\/li>\n\n\n\n<li>przyrz\u0105dy sterownicze,&nbsp;<\/li>\n\n\n\n<li>BHP,&nbsp;<\/li>\n\n\n\n<li>post\u0119powanie przy awariach, uszkodzeniach oraz wypadkach,&nbsp;<\/li>\n\n\n\n<li>podzia\u0142 i zastosowanie chwytak\u00f3w, hak\u00f3w i innych doczepnych mechanizm\u00f3w,&nbsp;<\/li>\n\n\n\n<li>u\u017cycie smar\u00f3w i olej\u00f3w konserwacyjnych, zapobieganie awariom i wypadkom, sposoby konserwacji oraz utrzymania maszyny w dobrym stanie technicznym, a tym samym bezpieczn\u0105 \u2013 wyk\u0142ady dla przysz\u0142ych konserwator\u00f3w, nieobowi\u0105zkowe dla operator\u00f3w.&nbsp;<\/li>\n<\/ul>\n\n\n\n<p><\/p>\n\n\n\n<h2 class=\"wp-block-heading\"><strong>Egzamin<\/strong>&nbsp;<\/h2>\n\n\n\n<p>Nast\u0119pnie po uko\u0144czeniu szkolenia, uczestnik podchodzi do egzaminu zdawanego przed komisj\u0105 UDT, kt\u00f3rego pozytywny wynik oznacza utrzymanie uprawnie\u0144 na okres 5&nbsp; lat od daty zdania egzaminu. Po tym czasie mo\u017cna wyst\u0105pi\u0107 do UDT o przed\u0142u\u017cenie, spe\u0142niaj\u0105c uprzednio warunek wykonywania pracy minimum 3 lata przez czas 5 lat wa\u017cno\u015bci uprawnie\u0144.&nbsp;&nbsp;<\/p>\n\n\n\n<h2 class=\"wp-block-heading\">Aby natomiast podej\u015b\u0107 do kursu, nale\u017cy spe\u0142ni\u0107 par\u0119 wymaga\u0144:&nbsp;&nbsp;<\/h2>\n\n\n\n<ul class=\"wp-block-list\">\n<li>mie\u0107 uko\u0144czone 18 lat,&nbsp;<\/li>\n\n\n\n<li>posiada\u0107 co najmniej podstawowe wykszta\u0142cenie,&nbsp;<\/li>\n\n\n\n<li>posiada\u0107 za\u015bwiadczenie lekarskie o braku zdrowotnych przeciwwskaza\u0144 do pracy na stanowisku.&nbsp;&nbsp;<\/li>\n<\/ul>\n\n\n\n<p>Zale\u017cnie od upodoba\u0144 i potrzeb klienta, szkolenia mog\u0105 odbywa\u0107 si\u0119 u niego, lub u nas w o\u015brodku. Egzamin natomiast jest u klienta, na docelowej maszynie, na kt\u00f3r\u0105 robione s\u0105 uprawnienia. Pomagamy z wszystkimi formalno\u015bciami niezb\u0119dnymi do zapisu. Masz jakiekolwiek pytania, nie jeste\u015b czego\u015b pewny? Zapraszamy do kontaktu.&nbsp;&nbsp;<\/p>\n\n\n\n<p><\/p>\n\n\n\n<h2 class=\"wp-block-heading\">Pytania i odpowiedzi<\/h2>\n\n\n\t\t<details\t\thelp class=\"sc_fs_faq sc_card    \"\n\t\topen\t\t>\n\t\t\t\t\t<summary>\n\t\t\t\t<h3>Czym s\u0105 \u017curawie stacjonarne? <\/h3>\t\t\t\t\t<\/summary>\n\t\t\t\t<div>\n\t\t\t\t\t\t<div class=\"sc_fs_faq__content\">\n\t\t\t\t\n\n<p>\u017burawie stacjonarne, inaczej warsztatowe, to maszyny d\u017awigowe s\u0142u\u017c\u0105ce do przenoszenia ci\u0119\u017ckich \u0142adunk\u00f3w na pewnym, ograniczonym obszarze. Cz\u0119sto spotykany jest w warsztatach produkcyjnych jako wyposa\u017cenie stanowiska pracy.&nbsp;<\/p>\n\n\t\t\t<\/div>\n\t\t<\/div>\n\t\t<\/details>\n\t\t\t\t<details\t\thelp class=\"sc_fs_faq sc_card    \"\n\t\t\t\t>\n\t\t\t\t\t<summary>\n\t\t\t\t<h3>Czy na wszystkie \u017curawie potrzeba uprawnie\u0144?<\/h3>\t\t\t\t\t<\/summary>\n\t\t\t\t<div>\n\t\t\t\t\t\t<div class=\"sc_fs_faq__content\">\n\t\t\t\t\n\n<p>S\u0105 pewne typy \u017curawi, kt\u00f3re nie wymagaj\u0105 uprawnie\u0144. Zaliczamy do nich urz\u0105dzenia z nap\u0119dem r\u0119cznym, elektrycznym jednofazowym (ud\u017awig do 1000kg), oraz takie z ud\u017awigiem do 250kg, pod warunkiem, \u017ce nie s\u0105 to \u017curawie do transportu ludzi.&nbsp;<\/p>\n\n\t\t\t<\/div>\n\t\t<\/div>\n\t\t<\/details>\n\t\t\t\t<details\t\thelp class=\"sc_fs_faq sc_card    \"\n\t\t\t\t>\n\t\t\t\t\t<summary>\n\t\t\t\t<h3>Jak d\u0142ugo wa\u017cne s\u0105 uprawnienia? <\/h3>\t\t\t\t\t<\/summary>\n\t\t\t\t<div>\n\t\t\t\t\t\t<div class=\"sc_fs_faq__content\">\n\t\t\t\t\n\n<p>Uprawnienia na \u017curawie stacjonarne s\u0105 wa\u017cne 5 lat od dnia zdania egzaminu. Jest r\u00f3wnie\u017c mo\u017cliwo\u015b\u0107 ich przed\u0142u\u017cenia.<\/p>\n\n\t\t\t<\/div>\n\t\t<\/div>\n\t\t<\/details>\n\t\t\n<script type=\"application\/ld+json\">\n\t{\n\t\t\"@context\": \"https:\/\/schema.org\",\n\t\t\"@type\": \"FAQPage\",\n\t\t\"mainEntity\": [\n\t\t\t\t\t{\n\t\t\t\t\"@type\": \"Question\",\n\t\t\t\t\"name\": \"Czym s\u0105 \u017curawie stacjonarne? \",\n\t\t\t\t\"acceptedAnswer\": {\n\t\t\t\t\t\"@type\": \"Answer\",\n\t\t\t\t\t\"text\": \"<p>\u017burawie stacjonarne, inaczej warsztatowe, to maszyny d\u017awigowe s\u0142u\u017c\u0105ce do przenoszenia ci\u0119\u017ckich \u0142adunk\u00f3w na pewnym, ograniczonym obszarze. Cz\u0119sto spotykany jest w warsztatach produkcyjnych jako wyposa\u017cenie stanowiska pracy.&nbsp;<\/p>\"\n\t\t\t\t\t\t\t\t\t}\n\t\t\t}\n\t\t\t,\t\t\t\t{\n\t\t\t\t\"@type\": \"Question\",\n\t\t\t\t\"name\": \"Czy na wszystkie \u017curawie potrzeba uprawnie\u0144?\",\n\t\t\t\t\"acceptedAnswer\": {\n\t\t\t\t\t\"@type\": \"Answer\",\n\t\t\t\t\t\"text\": \"<p>S\u0105 pewne typy \u017curawi, kt\u00f3re nie wymagaj\u0105 uprawnie\u0144. Zaliczamy do nich urz\u0105dzenia z nap\u0119dem r\u0119cznym, elektrycznym jednofazowym (ud\u017awig do 1000kg), oraz takie z ud\u017awigiem do 250kg, pod warunkiem, \u017ce nie s\u0105 to \u017curawie do transportu ludzi.&nbsp;<\/p>\"\n\t\t\t\t\t\t\t\t\t}\n\t\t\t}\n\t\t\t,\t\t\t\t{\n\t\t\t\t\"@type\": \"Question\",\n\t\t\t\t\"name\": \"Jak d\u0142ugo wa\u017cne s\u0105 uprawnienia? \",\n\t\t\t\t\"acceptedAnswer\": {\n\t\t\t\t\t\"@type\": \"Answer\",\n\t\t\t\t\t\"text\": \"<p>Uprawnienia na \u017curawie stacjonarne s\u0105 wa\u017cne 5 lat od dnia zdania egzaminu. Jest r\u00f3wnie\u017c mo\u017cliwo\u015b\u0107 ich przed\u0142u\u017cenia.<\/p>\"\n\t\t\t\t\t\t\t\t\t}\n\t\t\t}\n\t\t\t\t\t\t]\n\t}\n<\/script>\n","protected":false},"excerpt":{"rendered":"<p>\u017burawie stacjonarne, inaczej warsztatowe, to d\u017awignice, czyli urz\u0105dzenia u\u017cywane do przenoszenia ci\u0119\u017ckich \u0142adunk\u00f3w na ograniczonym obszarze. Wysi\u0119gnik, kt\u00f3ry si\u0119 obraca i podnosi \u0142adunki, czyli rami\u0119, mo\u017ce by\u0107 przymocowany do s\u0142upa lub \u015bciany. Wykonuje si\u0119 nim zwykle obr\u00f3t 360 stopni, czasem mniejszy. Inn\u0105, charakterystyczn\u0105 rzecz\u0105, jest rodzaj ci\u0119gna no\u015bnego, kt\u00f3re w \u017curawiach stacjonarnych mo\u017ce by\u0107 linowe lub \u0142a\u0144cuchowe.&nbsp; Doz\u00f3r techniczny&nbsp; Jak wiele innych i podobnych maszyn, tak i \u017curawie stacjonarne podlegaj\u0105 dozorowi technicznemu. \u017beby wi\u0119c m\u00f3c zosta\u0107 operatorem czy konserwatorem trzeba zdoby\u0107 uprawnienia. Z wymogu posiadania specjalistycznych kwalifikacji s\u0105 zwolnione osoby pracuj\u0105ce z \u017curawiami:&nbsp; Uprawnienia s\u0105 wydawane przez nast\u0119puj\u0105ce organy: UDT \u2013 Urz\u0105d Dozoru Technicznego, TDT \u2013 Transportowy Doz\u00f3r Techniczny oraz WDT \u2013 Wojskowy Doz\u00f3r Techniczny. To, kt\u00f3ra z tych jednostek powinna wyda\u0107 uprawnienia, zale\u017cne jest od tego, na jakim terenie znajduje si\u0119 maszyna, na kt\u00f3r\u0105 s\u0105 potrzebne. &nbsp;Istotne jest, \u017ce wydawane uprawnienia s\u0105 wzajemnie uznawane przez wymienione jednostki. Aby je natomiast zdoby\u0107, nale\u017cy odby\u0107 szkolenie, jakie oferuje nasz o\u015brodek.&nbsp;&nbsp; Nasze szkolenia&nbsp; Ramowy program kursu, kt\u00f3ry dzieli si\u0119 na teori\u0119 oraz praktyk\u0119, obejmuje:&nbsp;&nbsp; Egzamin&nbsp; Nast\u0119pnie po uko\u0144czeniu szkolenia, uczestnik podchodzi do egzaminu zdawanego przed komisj\u0105 UDT, kt\u00f3rego pozytywny wynik oznacza utrzymanie uprawnie\u0144 na okres 5&nbsp; lat od daty zdania egzaminu. Po tym czasie mo\u017cna wyst\u0105pi\u0107 do UDT o przed\u0142u\u017cenie, spe\u0142niaj\u0105c uprzednio warunek wykonywania pracy minimum 3 lata przez czas 5 lat wa\u017cno\u015bci uprawnie\u0144.&nbsp;&nbsp; Aby natomiast podej\u015b\u0107 do kursu, nale\u017cy spe\u0142ni\u0107 par\u0119 wymaga\u0144:&nbsp;&nbsp; Zale\u017cnie od upodoba\u0144 i potrzeb klienta, szkolenia mog\u0105 odbywa\u0107 si\u0119 u niego, lub u nas w o\u015brodku. Egzamin natomiast jest u klienta, na docelowej [&hellip;]<\/p>\n","protected":false},"author":1,"featured_media":2935,"parent":1828,"menu_order":0,"comment_status":"closed","ping_status":"closed","template":"","meta":{"sfsi_plus_gutenberg_text_before_share":"","sfsi_plus_gutenberg_show_text_before_share":"","sfsi_plus_gutenberg_icon_type":"","sfsi_plus_gutenberg_icon_alignemt":"","sfsi_plus_gutenburg_max_per_row":"","footnotes":""},"class_list":["post-2934","page","type-page","status-publish","has-post-thumbnail","hentry","has_thumb"],"aioseo_notices":[],"_links":{"self":[{"href":"https:\/\/odk-ergon.pl\/ua\/wp-json\/wp\/v2\/pages\/2934","targetHints":{"allow":["GET"]}}],"collection":[{"href":"https:\/\/odk-ergon.pl\/ua\/wp-json\/wp\/v2\/pages"}],"about":[{"href":"https:\/\/odk-ergon.pl\/ua\/wp-json\/wp\/v2\/types\/page"}],"author":[{"embeddable":true,"href":"https:\/\/odk-ergon.pl\/ua\/wp-json\/wp\/v2\/users\/1"}],"replies":[{"embeddable":true,"href":"https:\/\/odk-ergon.pl\/ua\/wp-json\/wp\/v2\/comments?post=2934"}],"version-history":[{"count":3,"href":"https:\/\/odk-ergon.pl\/ua\/wp-json\/wp\/v2\/pages\/2934\/revisions"}],"predecessor-version":[{"id":3284,"href":"https:\/\/odk-ergon.pl\/ua\/wp-json\/wp\/v2\/pages\/2934\/revisions\/3284"}],"up":[{"embeddable":true,"href":"https:\/\/odk-ergon.pl\/ua\/wp-json\/wp\/v2\/pages\/1828"}],"wp:featuredmedia":[{"embeddable":true,"href":"https:\/\/odk-ergon.pl\/ua\/wp-json\/wp\/v2\/media\/2935"}],"wp:attachment":[{"href":"https:\/\/odk-ergon.pl\/ua\/wp-json\/wp\/v2\/media?parent=2934"}],"curies":[{"name":"wp","href":"https:\/\/api.w.org\/{rel}","templated":true}]}}