{"id":2938,"date":"2023-03-24T14:20:52","date_gmt":"2023-03-24T13:20:52","guid":{"rendered":"https:\/\/odk-ergon.pl\/?page_id=2938"},"modified":"2023-03-25T01:03:04","modified_gmt":"2023-03-25T00:03:04","slug":"%d0%bd%d0%b0%d0%b2%d1%87%d0%b0%d0%bd%d0%bd%d1%8f-%d0%b7%d0%b2%d0%b0%d1%80%d1%8e%d0%b2%d0%b0%d0%bd%d0%bd%d1%8f","status":"publish","type":"page","link":"https:\/\/odk-ergon.pl\/ua\/szkolenia\/spawanie\/szkolenia-spawalnicze\/","title":{"rendered":"\u041b\u0430\u0441\u043a\u0430\u0432\u043e \u043f\u0440\u043e\u0441\u0438\u043c\u043e \u043d\u0430 \u043d\u0430\u0432\u0447\u0430\u043d\u043d\u044f \u0437\u0432\u0430\u0440\u044e\u0432\u0430\u043d\u043d\u044e"},"content":{"rendered":"\n<p>Pe\u0142ne szkolenie sk\u0142ada si\u0119 z kursu teoretycznego i praktycznego. Podczas pierwszej cz\u0119\u015bci nasi do\u015bwiadczeni instruktorzy wyja\u015bni\u0105 Ci wszystko, co powiniene\u015b wiedzie\u0107. Nast\u0119pnie wykorzystasz zdobyt\u0105 wiedz\u0119 podczas \u0107wicze\u0144, a ca\u0142o\u015b\u0107 zako\u0144czy si\u0119 egzaminem.&nbsp;<\/p>\n\n\n\n<p>Je\u015bli nie jeste\u015b pewny, jaki kurs wybra\u0107 \u2013 nie martw si\u0119, po zapoznaniu si\u0119 z nasz\u0105 ofert\u0105 i\/lub rozmowie ze specjalist\u0105, kt\u00f3ry obja\u015bni wszystkie w\u0105tpliwo\u015bci, b\u0119dziesz w stanie wybra\u0107 odpowiedni\u0105, w\u0142a\u015bciw\u0105 dla Twojej pracy.&nbsp;<\/p>\n\n\n\n<h2 class=\"wp-block-heading\"><strong>Rodzaje kurs\u00f3w w naszej ofercie:<\/strong><strong><\/strong>&nbsp;<\/h2>\n\n\n\n<ul class=\"wp-block-list\">\n<li>MAG&nbsp;<\/li>\n<\/ul>\n\n\n\n<p>Odbywa si\u0119 przy pomocy \u0142uku elektrycznego, kt\u00f3ry tworzy si\u0119 mi\u0119dzy elektrod\u0105 topliw\u0105, a spawanym materia\u0142em. Ta metoda jest wykorzystywana do \u0142\u0105czenia stali niestopowej, niskostopowej oraz wysokostopowej.&nbsp;<\/p>\n\n\n\n<ul class=\"wp-block-list\">\n<li>TIG&nbsp;<\/li>\n<\/ul>\n\n\n\n<p>Jest to spawanie \u0142ukowe elektrod\u0105 nietopliw\u0105 w os\u0142onie gazowej. \u0141\u0105czenie otrzymuje si\u0119 dzi\u0119ki stopieniu metalu element\u00f3w, kt\u00f3re maj\u0105 by\u0107 po\u0142\u0105czone oraz dodatkowego materia\u0142u w temperaturze \u0142uku elektrycznego.&nbsp;&nbsp;<\/p>\n\n\n\n<ul class=\"wp-block-list\">\n<li>Metoda elektryczna 111&nbsp;<\/li>\n<\/ul>\n\n\n\n<p>Jest to spawanie \u0142ukowe r\u0119czne przy pomocy elektrody otulonej. Odpowiednie po\u0142\u0105czenie powstaje podczas stopienia topliwej elektrody oraz materia\u0142u spawanego w temperaturze \u0142uku elektrycznego.&nbsp;&nbsp;<\/p>\n\n\n\n<ul class=\"wp-block-list\">\n<li>Metoda gazowa 311&nbsp;<\/li>\n<\/ul>\n\n\n\n<p>Jest to spawanie za pomoc\u0105 nagrzanego p\u0142omienia i stapianie brzeg\u00f3w materia\u0142\u00f3w \u0142\u0105czonych oraz dodawanego spoiwa. P\u0142omie\u0144 powstaje przy spalaniu si\u0119 gazu palnego w tlenie lub powietrzu.&nbsp;&nbsp;<\/p>\n\n\n\n<figure class=\"wp-block-image size-large is-resized\"><a href=\"https:\/\/odk-ergon.pl\/wp-content\/uploads\/2023\/03\/spawanie-3-1.jpg\"><img loading=\"lazy\" decoding=\"async\" src=\"https:\/\/odk-ergon.pl\/wp-content\/uploads\/2023\/03\/spawanie-3-1-1024x1024.jpg\" alt=\"spawanie przy u\u017cyciu metody gazowej 311\" class=\"wp-image-2940\" width=\"512\" height=\"512\" srcset=\"https:\/\/odk-ergon.pl\/wp-content\/uploads\/2023\/03\/spawanie-3-1-1024x1024.jpg 1024w, https:\/\/odk-ergon.pl\/wp-content\/uploads\/2023\/03\/spawanie-3-1-300x300.jpg 300w, https:\/\/odk-ergon.pl\/wp-content\/uploads\/2023\/03\/spawanie-3-1-768x768.jpg 768w, https:\/\/odk-ergon.pl\/wp-content\/uploads\/2023\/03\/spawanie-3-1-1536x1536.jpg 1536w, https:\/\/odk-ergon.pl\/wp-content\/uploads\/2023\/03\/spawanie-3-1-12x12.jpg 12w, https:\/\/odk-ergon.pl\/wp-content\/uploads\/2023\/03\/spawanie-3-1-624x624.jpg 624w, https:\/\/odk-ergon.pl\/wp-content\/uploads\/2023\/03\/spawanie-3-1.jpg 1928w\" sizes=\"auto, (max-width: 512px) 100vw, 512px\" \/><\/a><\/figure>\n\n\n\n<p>Mo\u017cesz zrobi\u0107 tak\u017ce \u0142\u0105czone kursy i pozna\u0107 tajniki wi\u0119cej ni\u017c jednej metody.&nbsp;<\/p>\n\n\n\n<h2 class=\"wp-block-heading\"><strong>Wymogi, jakie musi spe\u0142ni\u0107 uczestnik szkolenia:<\/strong><strong><\/strong>&nbsp;<\/h2>\n\n\n\n<ul class=\"wp-block-list\">\n<li>uko\u0144czone 18 lat,&nbsp;<\/li>\n\n\n\n<li>minimum podstawowe wykszta\u0142cenie,&nbsp;<\/li>\n\n\n\n<li>za\u015bwiadczenie lekarskie o braku przeciwwskaza\u0144 do pracy na stanowisku.&nbsp;<\/li>\n<\/ul>\n\n\n\n<p>Je\u015bli chcesz zdoby\u0107 uprawnienia spawalnicze, musisz odby\u0107 szkolenie zako\u0144czone egzaminem.&nbsp;<br><a href=\"https:\/\/odk-ergon.pl\/ua\/cennik\/\">Cena<\/a> kursu obejmuje szkolenie teoretyczne i praktyczne, egzamin z certyfikatem oraz ksi\u0105\u017ceczk\u0119 spawacza.&nbsp;<br>Dbamy o zdrowie i bezpiecze\u0144stwo naszych kursant\u00f3w, dlatego ka\u017cdy zostaje wyposa\u017cony w odzie\u017c i sprz\u0119t ochronny oraz materia\u0142y szkoleniowe. &nbsp;<\/p>\n\n\n\n<h2 class=\"wp-block-heading\"><strong>Metody spawania, a \u0142\u0105czenie materia\u0142\u00f3w<\/strong>&nbsp;<\/h2>\n\n\n\n<p>MAG: Stosowana do wysokiej jako\u015bci \u0142\u0105czenia wszystkich metali, kt\u00f3re mo\u017cna \u0142\u0105czy\u0107 przy u\u017cyciu spawania \u0142ukowego. Zaliczamy tu stal w\u0119glow\u0105 i niskostopow\u0105, stal odporn\u0105 na korozj\u0119, aluminium, mied\u017a, nikiel oraz ich stopy. Przy tej metodzie mamy do czynienia z r\u00f3\u017cnorodno\u015bci\u0105 sposobu spawania, co nadaje jej uniwersalno\u015bci stosowania zar\u00f3wno w warunkach warsztatowych, jak i monta\u017cowych w dowolnej pozycji.&nbsp;<\/p>\n\n\n\n<p>TIG: Stosowana do prawie wszystkich gatunk\u00f3w stali o szerokim zakresie grubo\u015bci. Zaliczamy tu cienkie blachy, rury cienko\u015bcienne o ma\u0142ej \u015brednicy stosowane w przemy\u015ble rowerowym, motorniczym, lotniczym, ale te\u017c spo\u017cywczym i chemicznym. Technika szczeg\u00f3lnie u\u017cywana w miejscach, gdzie istotna jest wysoka jako\u015b\u0107, czysto\u015b\u0107 oraz wytrzyma\u0142o\u015b\u0107 \u0142\u0105czenia.&nbsp;&nbsp;<\/p>\n\n\n\n<p>Metoda elektryczna 111: Inaczej zgrzewanie r\u0119czne lub elektrochemiczne jest jedn\u0105 z najstarszych metod spawania. Stosowana do \u0142\u0105czenia blach, rur ze stali niskostopowe, staliwa oraz \u017celiwa.&nbsp;<\/p>\n\n\n\n<p>Metoda gazowa 311: Stosowana do spawania blach oraz rur ze \u015bcianami o grubo\u015bci nie wi\u0119kszej ni\u017c 6mm. U\u017cywana do instalacji rurowych, kot\u0142\u00f3w oraz w technologii ogrzewania, ciep\u0142ownictwa i wentylacji.&nbsp;&nbsp;<\/p>\n\n\n\n<figure class=\"wp-block-image size-large is-resized\"><a href=\"https:\/\/odk-ergon.pl\/wp-content\/uploads\/2023\/03\/spawanie-2-1.jpg\"><img loading=\"lazy\" decoding=\"async\" src=\"https:\/\/odk-ergon.pl\/wp-content\/uploads\/2023\/03\/spawanie-2-1-1024x683.jpg\" alt=\"spawanie metod\u0105 gazow\u0105\" class=\"wp-image-2941\" width=\"512\" height=\"342\" srcset=\"https:\/\/odk-ergon.pl\/wp-content\/uploads\/2023\/03\/spawanie-2-1-1024x683.jpg 1024w, https:\/\/odk-ergon.pl\/wp-content\/uploads\/2023\/03\/spawanie-2-1-300x200.jpg 300w, https:\/\/odk-ergon.pl\/wp-content\/uploads\/2023\/03\/spawanie-2-1-768x512.jpg 768w, https:\/\/odk-ergon.pl\/wp-content\/uploads\/2023\/03\/spawanie-2-1-18x12.jpg 18w, https:\/\/odk-ergon.pl\/wp-content\/uploads\/2023\/03\/spawanie-2-1-624x416.jpg 624w, https:\/\/odk-ergon.pl\/wp-content\/uploads\/2023\/03\/spawanie-2-1.jpg 1182w\" sizes=\"auto, (max-width: 512px) 100vw, 512px\" \/><\/a><\/figure>\n\n\n\n<h2 class=\"wp-block-heading\"><strong>Wa\u017cno\u015b\u0107 uprawnie\u0144<\/strong><strong><\/strong>&nbsp;<\/h2>\n\n\n\n<p>Kurs wa\u017cny jest bezterminowo, natomiast certyfikat potwierdzaj\u0105cy kwalifikacje musi by\u0107 odnawiany co 2 lata. Aby odnowi\u0107 certyfikat trzeba ponownie zda\u0107 egzamin.&nbsp;<br>Co wa\u017cne, aby zachowa\u0107 wa\u017cno\u015b\u0107 uprawnie\u0144, nie wolno mie\u0107 d\u0142u\u017cszej jak 6 miesi\u0119cy przerwy w wykonywaniu zawodu.&nbsp;<\/p>\n\n\n\n<p>Wybra\u0142e\u015b ju\u017c odpowiednie szkolenie? A mo\u017ce masz dodatkowe pytania? Zapraszamy do kontaktu z nami.&nbsp;<\/p>\n\n\n\n<h2 class=\"wp-block-heading\">Pytania i odpowiedzi <\/h2>\n\n\n\t\t<details\t\thelp class=\"sc_fs_faq sc_card    \"\n\t\topen\t\t>\n\t\t\t\t\t<summary>\n\t\t\t\t<h3>Jakie kursy oferujecie?<\/h3>\t\t\t\t\t<\/summary>\n\t\t\t\t<div>\n\t\t\t\t\t\t<div class=\"sc_fs_faq__content\">\n\t\t\t\t\n\n<p>Oferujemy: MAG, TIG, metod\u0119 elektryczn\u0105 111 oraz metod\u0119 gazow\u0105 311.<\/p>\n\n\t\t\t<\/div>\n\t\t<\/div>\n\t\t<\/details>\n\t\t\t\t<details\t\thelp class=\"sc_fs_faq sc_card    \"\n\t\t\t\t>\n\t\t\t\t\t<summary>\n\t\t\t\t<h3>Jak d\u0142ugo s\u0105 wa\u017cne uprawnienia?<\/h3>\t\t\t\t\t<\/summary>\n\t\t\t\t<div>\n\t\t\t\t\t\t<div class=\"sc_fs_faq__content\">\n\t\t\t\t\n\n<p>Kurs jest wa\u017cny bezterminowo, certyfikat musi by\u0107 odnawiany co dwa lata oraz je\u015bli przerwa w wykonywaniu zawodu by\u0142a d\u0142u\u017csza ni\u017c sze\u015b\u0107 miesi\u0119cy.<\/p>\n\n\t\t\t<\/div>\n\t\t<\/div>\n\t\t<\/details>\n\t\t\t\t<details\t\thelp class=\"sc_fs_faq sc_card    \"\n\t\t\t\t>\n\t\t\t\t\t<summary>\n\t\t\t\t<h3>Czy po kursie otrzymam certyfikat?<\/h3>\t\t\t\t\t<\/summary>\n\t\t\t\t<div>\n\t\t\t\t\t\t<div class=\"sc_fs_faq__content\">\n\t\t\t\t\n\n<p>Wszystkie nasze kursy ko\u0144cz\u0105 si\u0119 egzaminem, a po jego pozytywnym zdaniu wydajemy certyfikat.<\/p>\n\n\t\t\t<\/div>\n\t\t<\/div>\n\t\t<\/details>\n\t\t\n<script type=\"application\/ld+json\">\n\t{\n\t\t\"@context\": \"https:\/\/schema.org\",\n\t\t\"@type\": \"FAQPage\",\n\t\t\"mainEntity\": [\n\t\t\t\t\t{\n\t\t\t\t\"@type\": \"Question\",\n\t\t\t\t\"name\": \"Jakie kursy oferujecie?\",\n\t\t\t\t\"acceptedAnswer\": {\n\t\t\t\t\t\"@type\": \"Answer\",\n\t\t\t\t\t\"text\": \"<p>Oferujemy: MAG, TIG, metod\u0119 elektryczn\u0105 111 oraz metod\u0119 gazow\u0105 311.<\/p>\"\n\t\t\t\t\t\t\t\t\t}\n\t\t\t}\n\t\t\t,\t\t\t\t{\n\t\t\t\t\"@type\": \"Question\",\n\t\t\t\t\"name\": \"Jak d\u0142ugo s\u0105 wa\u017cne uprawnienia?\",\n\t\t\t\t\"acceptedAnswer\": {\n\t\t\t\t\t\"@type\": \"Answer\",\n\t\t\t\t\t\"text\": \"<p>Kurs jest wa\u017cny bezterminowo, certyfikat musi by\u0107 odnawiany co dwa lata oraz je\u015bli przerwa w wykonywaniu zawodu by\u0142a d\u0142u\u017csza ni\u017c sze\u015b\u0107 miesi\u0119cy.<\/p>\"\n\t\t\t\t\t\t\t\t\t}\n\t\t\t}\n\t\t\t,\t\t\t\t{\n\t\t\t\t\"@type\": \"Question\",\n\t\t\t\t\"name\": \"Czy po kursie otrzymam certyfikat?\",\n\t\t\t\t\"acceptedAnswer\": {\n\t\t\t\t\t\"@type\": \"Answer\",\n\t\t\t\t\t\"text\": \"<p>Wszystkie nasze kursy ko\u0144cz\u0105 si\u0119 egzaminem, a po jego pozytywnym zdaniu wydajemy certyfikat.<\/p>\"\n\t\t\t\t\t\t\t\t\t}\n\t\t\t}\n\t\t\t\t\t\t]\n\t}\n<\/script>\n","protected":false},"excerpt":{"rendered":"<p>Pe\u0142ne szkolenie sk\u0142ada si\u0119 z kursu teoretycznego i praktycznego. Podczas pierwszej cz\u0119\u015bci nasi do\u015bwiadczeni instruktorzy wyja\u015bni\u0105 Ci wszystko, co powiniene\u015b wiedzie\u0107. Nast\u0119pnie wykorzystasz zdobyt\u0105 wiedz\u0119 podczas \u0107wicze\u0144, a ca\u0142o\u015b\u0107 zako\u0144czy si\u0119 egzaminem.&nbsp; Je\u015bli nie jeste\u015b pewny, jaki kurs wybra\u0107 \u2013 nie martw si\u0119, po zapoznaniu si\u0119 z nasz\u0105 ofert\u0105 i\/lub rozmowie ze specjalist\u0105, kt\u00f3ry obja\u015bni wszystkie w\u0105tpliwo\u015bci, b\u0119dziesz w stanie wybra\u0107 odpowiedni\u0105, w\u0142a\u015bciw\u0105 dla Twojej pracy.&nbsp; Rodzaje kurs\u00f3w w naszej ofercie:&nbsp; Odbywa si\u0119 przy pomocy \u0142uku elektrycznego, kt\u00f3ry tworzy si\u0119 mi\u0119dzy elektrod\u0105 topliw\u0105, a spawanym materia\u0142em. Ta metoda jest wykorzystywana do \u0142\u0105czenia stali niestopowej, niskostopowej oraz wysokostopowej.&nbsp; Jest to spawanie \u0142ukowe elektrod\u0105 nietopliw\u0105 w os\u0142onie gazowej. \u0141\u0105czenie otrzymuje si\u0119 dzi\u0119ki stopieniu metalu element\u00f3w, kt\u00f3re maj\u0105 by\u0107 po\u0142\u0105czone oraz dodatkowego materia\u0142u w temperaturze \u0142uku elektrycznego.&nbsp;&nbsp; Jest to spawanie \u0142ukowe r\u0119czne przy pomocy elektrody otulonej. Odpowiednie po\u0142\u0105czenie powstaje podczas stopienia topliwej elektrody oraz materia\u0142u spawanego w temperaturze \u0142uku elektrycznego.&nbsp;&nbsp; Jest to spawanie za pomoc\u0105 nagrzanego p\u0142omienia i stapianie brzeg\u00f3w materia\u0142\u00f3w \u0142\u0105czonych oraz dodawanego spoiwa. P\u0142omie\u0144 powstaje przy spalaniu si\u0119 gazu palnego w tlenie lub powietrzu.&nbsp;&nbsp; Mo\u017cesz zrobi\u0107 tak\u017ce \u0142\u0105czone kursy i pozna\u0107 tajniki wi\u0119cej ni\u017c jednej metody.&nbsp; Wymogi, jakie musi spe\u0142ni\u0107 uczestnik szkolenia:&nbsp; Je\u015bli chcesz zdoby\u0107 uprawnienia spawalnicze, musisz odby\u0107 szkolenie zako\u0144czone egzaminem.&nbsp;Cena kursu obejmuje szkolenie teoretyczne i praktyczne, egzamin z certyfikatem oraz ksi\u0105\u017ceczk\u0119 spawacza.&nbsp;Dbamy o zdrowie i bezpiecze\u0144stwo naszych kursant\u00f3w, dlatego ka\u017cdy zostaje wyposa\u017cony w odzie\u017c i sprz\u0119t ochronny oraz materia\u0142y szkoleniowe. &nbsp; Metody spawania, a \u0142\u0105czenie materia\u0142\u00f3w&nbsp; MAG: Stosowana do wysokiej jako\u015bci \u0142\u0105czenia wszystkich metali, kt\u00f3re mo\u017cna \u0142\u0105czy\u0107 przy u\u017cyciu spawania \u0142ukowego. Zaliczamy tu stal [&hellip;]<\/p>\n","protected":false},"author":1,"featured_media":2939,"parent":2137,"menu_order":0,"comment_status":"closed","ping_status":"closed","template":"","meta":{"sfsi_plus_gutenberg_text_before_share":"","sfsi_plus_gutenberg_show_text_before_share":"","sfsi_plus_gutenberg_icon_type":"","sfsi_plus_gutenberg_icon_alignemt":"","sfsi_plus_gutenburg_max_per_row":"","footnotes":""},"class_list":["post-2938","page","type-page","status-publish","has-post-thumbnail","hentry","has_thumb"],"aioseo_notices":[],"_links":{"self":[{"href":"https:\/\/odk-ergon.pl\/ua\/wp-json\/wp\/v2\/pages\/2938","targetHints":{"allow":["GET"]}}],"collection":[{"href":"https:\/\/odk-ergon.pl\/ua\/wp-json\/wp\/v2\/pages"}],"about":[{"href":"https:\/\/odk-ergon.pl\/ua\/wp-json\/wp\/v2\/types\/page"}],"author":[{"embeddable":true,"href":"https:\/\/odk-ergon.pl\/ua\/wp-json\/wp\/v2\/users\/1"}],"replies":[{"embeddable":true,"href":"https:\/\/odk-ergon.pl\/ua\/wp-json\/wp\/v2\/comments?post=2938"}],"version-history":[{"count":4,"href":"https:\/\/odk-ergon.pl\/ua\/wp-json\/wp\/v2\/pages\/2938\/revisions"}],"predecessor-version":[{"id":3426,"href":"https:\/\/odk-ergon.pl\/ua\/wp-json\/wp\/v2\/pages\/2938\/revisions\/3426"}],"up":[{"embeddable":true,"href":"https:\/\/odk-ergon.pl\/ua\/wp-json\/wp\/v2\/pages\/2137"}],"wp:featuredmedia":[{"embeddable":true,"href":"https:\/\/odk-ergon.pl\/ua\/wp-json\/wp\/v2\/media\/2939"}],"wp:attachment":[{"href":"https:\/\/odk-ergon.pl\/ua\/wp-json\/wp\/v2\/media?parent=2938"}],"curies":[{"name":"wp","href":"https:\/\/api.w.org\/{rel}","templated":true}]}}