{"id":2976,"date":"2023-03-24T15:10:25","date_gmt":"2023-03-24T14:10:25","guid":{"rendered":"https:\/\/odk-ergon.pl\/?page_id=2976"},"modified":"2023-03-25T00:35:41","modified_gmt":"2023-03-24T23:35:41","slug":"%d0%ba%d1%80%d0%b0%d0%bd%d0%be%d0%b2%d0%b0-%d1%82%d0%b0-%d0%b2%d0%b0%d0%bd%d1%82%d0%b0%d0%b6%d0%be%d0%bf%d1%96%d0%b4%d0%b9%d0%be%d0%bc%d0%bd%d0%b0-%d1%82%d0%b5%d1%85%d0%bd%d1%96%d0%ba%d0%b0","status":"publish","type":"page","link":"https:\/\/odk-ergon.pl\/ua\/zakres-uslug\/naprawa-urzadzen-udt\/maszyn-dzwigowych-i-podnosnikowych\/","title":{"rendered":"\u0420\u0435\u043c\u043e\u043d\u0442, \u043e\u0431\u0441\u043b\u0443\u0433\u043e\u0432\u0443\u0432\u0430\u043d\u043d\u044f \u0442\u0430 \u043f\u0440\u043e\u0434\u0430\u0436 \u043f\u0456\u0434\u0439\u043e\u043c\u043d\u043e-\u0442\u0440\u0430\u043d\u0441\u043f\u043e\u0440\u0442\u043d\u043e\u0433\u043e \u043e\u0431\u043b\u0430\u0434\u043d\u0430\u043d\u043d\u044f"},"content":{"rendered":"\n<p>Je\u015bli masz jakiekolwiek problemy z prac\u0105 swojej maszyny d\u017awigowej czy podno\u015bnikowej, zapraszamy do naszego serwisu. Naprawimy wszelkie usterki tak szybko, jak to mo\u017cliwe. Je\u015bli z jakiego\u015b powodu serwis potrwa d\u0142u\u017cej, a potrzebujesz maszyny do pracy, wypo\u017cyczmy zast\u0119pcz\u0105, w pe\u0142ni sprawn\u0105. &nbsp;<br>Ponadto pomagamy z wszelkimi formalno\u015bciami wymagaj\u0105cymi kontaktu z Urz\u0119dem Dozoru Technicznego.&nbsp;<\/p>\n\n\n\n<h2 class=\"wp-block-heading\"><strong>Nasze us\u0142ugi<\/strong>&nbsp;<\/h2>\n\n\n\n<p>Jeste\u015bmy firm\u0105 z wieloletnim do\u015bwiadczeniem w serwisowaniu oraz konserwacji urz\u0105dze\u0144 podlegaj\u0105cych pod UDT i mamy dobrze wykwalifikowan\u0105 kadr\u0119 pracownicz\u0105, kt\u00f3rzy s\u0142u\u017cy pomoc\u0105. Mie\u015bcimy si\u0119 w Warszawie, jednak na \u017cyczenie klienta jeste\u015bmy w stanie dojecha\u0107 do dowolnego miasta w Polsce, aby zaj\u0105\u0107 si\u0119 maszyn\u0105.&nbsp;<\/p>\n\n\n\n<h3 class=\"wp-block-heading\">Nasze us\u0142ugi obejmuj\u0105 nast\u0119puj\u0105ce urz\u0105dzenia:&nbsp;<\/h3>\n\n\n\n<figure class=\"wp-block-image size-full is-resized\"><a href=\"https:\/\/odk-ergon.pl\/wp-content\/uploads\/2023\/03\/UDT.jpg\"><img loading=\"lazy\" decoding=\"async\" src=\"https:\/\/odk-ergon.pl\/wp-content\/uploads\/2023\/03\/UDT.jpg\" alt=\"wymiana cz\u0119\u015bci w w\u00f3zku wid\u0142owym \" class=\"wp-image-2979\" width=\"512\" height=\"384\" srcset=\"https:\/\/odk-ergon.pl\/wp-content\/uploads\/2023\/03\/UDT.jpg 1024w, https:\/\/odk-ergon.pl\/wp-content\/uploads\/2023\/03\/UDT-300x225.jpg 300w, https:\/\/odk-ergon.pl\/wp-content\/uploads\/2023\/03\/UDT-768x576.jpg 768w, https:\/\/odk-ergon.pl\/wp-content\/uploads\/2023\/03\/UDT-16x12.jpg 16w, https:\/\/odk-ergon.pl\/wp-content\/uploads\/2023\/03\/UDT-640x480.jpg 640w, https:\/\/odk-ergon.pl\/wp-content\/uploads\/2023\/03\/UDT-624x468.jpg 624w\" sizes=\"auto, (max-width: 512px) 100vw, 512px\" \/><\/a><\/figure>\n\n\n\n<ul class=\"wp-block-list\">\n<li>w\u00f3zki wid\u0142owe i \u0142adowarki teleskopowe,&nbsp;<\/li>\n\n\n\n<li>suwnice,&nbsp;&nbsp;<\/li>\n\n\n\n<li>\u017curawie HDS,&nbsp;<\/li>\n\n\n\n<li><a href=\"https:\/\/odk-ergon.pl\/ua\/szkolenia\/uprawnienia-udt-tdt\/podeste-ruchome\/\">podesty ruchome<\/a>, w tym podno\u015bniki koszowe i no\u017cycowe,&nbsp;<\/li>\n<\/ul>\n\n\n\n<p>Oferujemy zar\u00f3wno serwis stacjonarny, jak i mobilny. Je\u015bli nie mo\u017cesz przywie\u017a\u0107 do nas maszyny, nasz technik przyjedzie do Ciebie i zajmie si\u0119 napraw\u0105 czy konserwacj\u0105.&nbsp;&nbsp;<\/p>\n\n\n\n<h2 class=\"wp-block-heading\"><strong>Ocena stanu technicznego i konserwacja<\/strong>&nbsp;<\/h2>\n\n\n\n<p>Dostosowujemy si\u0119 do Twoich potrzeb. Je\u015bli Twoja maszyna pracuje ju\u017c przez d\u0142u\u017cszy czas lub kupi\u0142e\u015b u\u017cywan\u0105 i chcesz wiedzie\u0107, na ile jest sprawna, nasi technicy oceni\u0105 stan urz\u0105dzenia. Zajmujemy si\u0119 pe\u0142n\u0105 konserwacj\u0105, aby urz\u0105dzenie by\u0142o w pe\u0142ni zdatne do pracy oraz bezpieczne. Niekiedy oferujemy modernizacje, kt\u00f3ra polepszy jako\u015b\u0107 pracy.&nbsp;&nbsp;<\/p>\n\n\n\n<h2 class=\"wp-block-heading\"><strong>Modernizacja<\/strong>&nbsp;<\/h2>\n\n\n\n<p>Modernizacja zar\u00f3wno suwnic, jak i innych urz\u0105dze\u0144 d\u017awigowych to wymiana uk\u0142ad\u00f3w zasilania, sterowania oraz mechaniki do aktualnych potrzeb klienta lub zmian w wymaganiach UDT. Modernizacja dotyczy nie tylko wymiany uk\u0142adu sterowania na nowocze\u015bniejszy, ale te\u017c nap\u0119d\u00f3w&nbsp; oraz&nbsp; element\u00f3w automatyki.&nbsp;<br>Unowocze\u015bnianie suwnic, w\u00f3zk\u00f3w wid\u0142owych oraz innych urz\u0105dze\u0144 z naszej oferty daje wiele korzy\u015bci, jak zmniejszenie awaryjno\u015bci maszyn, lepsza mobilno\u015b\u0107, a tym samym, lepsze i sprawniejsze operowanie \u0142adunkiem oraz, co bardzo wa\u017cne, wi\u0119ksze bezpiecze\u0144stwo podczas pracy.&nbsp;<\/p>\n\n\n\n<h2 class=\"wp-block-heading\"><strong>Doradztwo<\/strong>&nbsp;<\/h2>\n\n\n\n<figure class=\"wp-block-image size-large is-resized\"><a href=\"https:\/\/odk-ergon.pl\/wp-content\/uploads\/2023\/03\/UDT-4-scaled.jpg\"><img loading=\"lazy\" decoding=\"async\" src=\"https:\/\/odk-ergon.pl\/wp-content\/uploads\/2023\/03\/UDT-4-1024x736.jpg\" alt=\"\u017curaw przewo\u017any na drodze\" class=\"wp-image-2980\" width=\"512\" height=\"368\" srcset=\"https:\/\/odk-ergon.pl\/wp-content\/uploads\/2023\/03\/UDT-4-1024x736.jpg 1024w, https:\/\/odk-ergon.pl\/wp-content\/uploads\/2023\/03\/UDT-4-300x216.jpg 300w, https:\/\/odk-ergon.pl\/wp-content\/uploads\/2023\/03\/UDT-4-768x552.jpg 768w, https:\/\/odk-ergon.pl\/wp-content\/uploads\/2023\/03\/UDT-4-1536x1104.jpg 1536w, https:\/\/odk-ergon.pl\/wp-content\/uploads\/2023\/03\/UDT-4-2048x1471.jpg 2048w, https:\/\/odk-ergon.pl\/wp-content\/uploads\/2023\/03\/UDT-4-18x12.jpg 18w, https:\/\/odk-ergon.pl\/wp-content\/uploads\/2023\/03\/UDT-4-624x448.jpg 624w\" sizes=\"auto, (max-width: 512px) 100vw, 512px\" \/><\/a><\/figure>\n\n\n\n<p>Doradzimy, jaka maszyna b\u0119dzie najlepsza do charakteru Twojej pracy oraz wybierzemy urz\u0105dzenie w pe\u0142ni funkcjonalne.&nbsp; &nbsp;<br>W przypadku w\u00f3zk\u00f3w wid\u0142owych i podno\u015bnik\u00f3w no\u017cycowych jest u nas mo\u017cliwo\u015b\u0107 wypo\u017cyczenia maszyny zast\u0119pczej, je\u015bli konserwacja urz\u0105dzenia b\u0119dzie wymaga\u0142a d\u0142u\u017cszego czasu.&nbsp;<\/p>\n\n\n\n<h2 class=\"wp-block-heading\"><strong>Pomoc z UDT<\/strong>&nbsp;<\/h2>\n\n\n\n<p>Wiemy, \u017ce rejestracja urz\u0105dze\u0144 d\u017awigowych to sporo formalno\u015bci, kt\u00f3re bywaj\u0105 skomplikowane lub nie zawsze mamy na nie czas. O nic si\u0119 nie martw, nasza firma pomo\u017ce Ci w za\u0142atwieniu niezb\u0119dnej dokumentacji oraz kontakcie z Urz\u0119dem Dozoru Technicznego.&nbsp;&nbsp;&nbsp;<\/p>\n\n\n\n<p>Je\u015bli masz jakiekolwiek pytania, zadzwo\u0144 do nas lub napisz. Odpowiadamy najszybciej, jak to mo\u017cliwe &#8211; wiemy przecie\u017c, \u017ce zale\u017cy Ci na czasie.&nbsp;&nbsp;<\/p>\n\n\n\n<h2 class=\"wp-block-heading\">Pytania i odpowiedzi<\/h2>\n\n\n\t\t<details\t\thelp class=\"sc_fs_faq sc_card    \"\n\t\topen\t\t>\n\t\t\t\t\t<summary>\n\t\t\t\t<h3>Czy asystujecie podczas procesu rejestracji UDT? <\/h3>\t\t\t\t\t<\/summary>\n\t\t\t\t<div>\n\t\t\t\t\t\t<div class=\"sc_fs_faq__content\">\n\t\t\t\t\n\n<p>Wiemy, \u017ce rejestracja w UDT to skomplikowany i czasoch\u0142onny proces, dlatego pomagamy zar\u00f3wno w zebraniu dokumentacji, jak i kontakcie z UDT.<\/p>\n\n\t\t\t<\/div>\n\t\t<\/div>\n\t\t<\/details>\n\t\t\t\t<details\t\thelp class=\"sc_fs_faq sc_card    \"\n\t\t\t\t>\n\t\t\t\t\t<summary>\n\t\t\t\t<h3>Czy serwisujecie suwnice?<\/h3>\t\t\t\t\t<\/summary>\n\t\t\t\t<div>\n\t\t\t\t\t\t<div class=\"sc_fs_faq__content\">\n\t\t\t\t\n\n<p><a href=\"https:\/\/odk-ergon.pl\/ua\/cennik\/\">Oferta<\/a> naszego serwisu obejmuje suwnice, w\u00f3zki wid\u0142owe, \u0142adowarki teleskopowe, \u017curawie HDS oraz podno\u015bniki.<\/p>\n\n\t\t\t<\/div>\n\t\t<\/div>\n\t\t<\/details>\n\t\t\t\t<details\t\thelp class=\"sc_fs_faq sc_card    \"\n\t\t\t\t>\n\t\t\t\t\t<summary>\n\t\t\t\t<h3>Czy wasz serwis dzia\u0142a wy\u0142\u0105cznie stacjonarnie?<\/h3>\t\t\t\t\t<\/summary>\n\t\t\t\t<div>\n\t\t\t\t\t\t<div class=\"sc_fs_faq__content\">\n\t\t\t\t\n\n<p>Oferujemy naprawy stacjonarne oraz mobilne. Je\u015bli nie mo\u017cesz przywie\u017a\u0107 do nas urz\u0105dzenia, nasz pracownik przyjedzie do Ciebie i zajmie si\u0119 napraw\u0105 drobnych usterek. Wi\u0119ksze awarie naprawiamy w naszej siedzibie.&nbsp;<\/p>\n\n\t\t\t<\/div>\n\t\t<\/div>\n\t\t<\/details>\n\t\t\n<script type=\"application\/ld+json\">\n\t{\n\t\t\"@context\": \"https:\/\/schema.org\",\n\t\t\"@type\": \"FAQPage\",\n\t\t\"mainEntity\": [\n\t\t\t\t\t{\n\t\t\t\t\"@type\": \"Question\",\n\t\t\t\t\"name\": \"Czy asystujecie podczas procesu rejestracji UDT? \",\n\t\t\t\t\"acceptedAnswer\": {\n\t\t\t\t\t\"@type\": \"Answer\",\n\t\t\t\t\t\"text\": \"<p>Wiemy, \u017ce rejestracja w UDT to skomplikowany i czasoch\u0142onny proces, dlatego pomagamy zar\u00f3wno w zebraniu dokumentacji, jak i kontakcie z UDT.<\/p>\"\n\t\t\t\t\t\t\t\t\t}\n\t\t\t}\n\t\t\t,\t\t\t\t{\n\t\t\t\t\"@type\": \"Question\",\n\t\t\t\t\"name\": \"Czy serwisujecie suwnice?\",\n\t\t\t\t\"acceptedAnswer\": {\n\t\t\t\t\t\"@type\": \"Answer\",\n\t\t\t\t\t\"text\": \"<p>Oferta naszego serwisu obejmuje suwnice, w\u00f3zki wid\u0142owe, \u0142adowarki teleskopowe, \u017curawie HDS oraz podno\u015bniki.<\/p>\"\n\t\t\t\t\t\t\t\t\t}\n\t\t\t}\n\t\t\t,\t\t\t\t{\n\t\t\t\t\"@type\": \"Question\",\n\t\t\t\t\"name\": \"Czy wasz serwis dzia\u0142a wy\u0142\u0105cznie stacjonarnie?\",\n\t\t\t\t\"acceptedAnswer\": {\n\t\t\t\t\t\"@type\": \"Answer\",\n\t\t\t\t\t\"text\": \"<p>Oferujemy naprawy stacjonarne oraz mobilne. Je\u015bli nie mo\u017cesz przywie\u017a\u0107 do nas urz\u0105dzenia, nasz pracownik przyjedzie do Ciebie i zajmie si\u0119 napraw\u0105 drobnych usterek. Wi\u0119ksze awarie naprawiamy w naszej siedzibie.&nbsp;<\/p>\"\n\t\t\t\t\t\t\t\t\t}\n\t\t\t}\n\t\t\t\t\t\t]\n\t}\n<\/script>\n","protected":false},"excerpt":{"rendered":"<p>Je\u015bli masz jakiekolwiek problemy z prac\u0105 swojej maszyny d\u017awigowej czy podno\u015bnikowej, zapraszamy do naszego serwisu. Naprawimy wszelkie usterki tak szybko, jak to mo\u017cliwe. Je\u015bli z jakiego\u015b powodu serwis potrwa d\u0142u\u017cej, a potrzebujesz maszyny do pracy, wypo\u017cyczmy zast\u0119pcz\u0105, w pe\u0142ni sprawn\u0105. &nbsp;Ponadto pomagamy z wszelkimi formalno\u015bciami wymagaj\u0105cymi kontaktu z Urz\u0119dem Dozoru Technicznego.&nbsp; Nasze us\u0142ugi&nbsp; Jeste\u015bmy firm\u0105 z wieloletnim do\u015bwiadczeniem w serwisowaniu oraz konserwacji urz\u0105dze\u0144 podlegaj\u0105cych pod UDT i mamy dobrze wykwalifikowan\u0105 kadr\u0119 pracownicz\u0105, kt\u00f3rzy s\u0142u\u017cy pomoc\u0105. Mie\u015bcimy si\u0119 w Warszawie, jednak na \u017cyczenie klienta jeste\u015bmy w stanie dojecha\u0107 do dowolnego miasta w Polsce, aby zaj\u0105\u0107 si\u0119 maszyn\u0105.&nbsp; Nasze us\u0142ugi obejmuj\u0105 nast\u0119puj\u0105ce urz\u0105dzenia:&nbsp; Oferujemy zar\u00f3wno serwis stacjonarny, jak i mobilny. Je\u015bli nie mo\u017cesz przywie\u017a\u0107 do nas maszyny, nasz technik przyjedzie do Ciebie i zajmie si\u0119 napraw\u0105 czy konserwacj\u0105.&nbsp;&nbsp; Ocena stanu technicznego i konserwacja&nbsp; Dostosowujemy si\u0119 do Twoich potrzeb. Je\u015bli Twoja maszyna pracuje ju\u017c przez d\u0142u\u017cszy czas lub kupi\u0142e\u015b u\u017cywan\u0105 i chcesz wiedzie\u0107, na ile jest sprawna, nasi technicy oceni\u0105 stan urz\u0105dzenia. Zajmujemy si\u0119 pe\u0142n\u0105 konserwacj\u0105, aby urz\u0105dzenie by\u0142o w pe\u0142ni zdatne do pracy oraz bezpieczne. Niekiedy oferujemy modernizacje, kt\u00f3ra polepszy jako\u015b\u0107 pracy.&nbsp;&nbsp; Modernizacja&nbsp; Modernizacja zar\u00f3wno suwnic, jak i innych urz\u0105dze\u0144 d\u017awigowych to wymiana uk\u0142ad\u00f3w zasilania, sterowania oraz mechaniki do aktualnych potrzeb klienta lub zmian w wymaganiach UDT. Modernizacja dotyczy nie tylko wymiany uk\u0142adu sterowania na nowocze\u015bniejszy, ale te\u017c nap\u0119d\u00f3w&nbsp; oraz&nbsp; element\u00f3w automatyki.&nbsp;Unowocze\u015bnianie suwnic, w\u00f3zk\u00f3w wid\u0142owych oraz innych urz\u0105dze\u0144 z naszej oferty daje wiele korzy\u015bci, jak zmniejszenie awaryjno\u015bci maszyn, lepsza mobilno\u015b\u0107, a tym samym, lepsze i sprawniejsze operowanie \u0142adunkiem oraz, co bardzo wa\u017cne, wi\u0119ksze bezpiecze\u0144stwo podczas pracy.&nbsp; Doradztwo&nbsp; [&hellip;]<\/p>\n","protected":false},"author":1,"featured_media":2978,"parent":3403,"menu_order":0,"comment_status":"closed","ping_status":"closed","template":"","meta":{"sfsi_plus_gutenberg_text_before_share":"","sfsi_plus_gutenberg_show_text_before_share":"","sfsi_plus_gutenberg_icon_type":"","sfsi_plus_gutenberg_icon_alignemt":"","sfsi_plus_gutenburg_max_per_row":"","footnotes":""},"class_list":["post-2976","page","type-page","status-publish","has-post-thumbnail","hentry","has_thumb"],"aioseo_notices":[],"_links":{"self":[{"href":"https:\/\/odk-ergon.pl\/ua\/wp-json\/wp\/v2\/pages\/2976","targetHints":{"allow":["GET"]}}],"collection":[{"href":"https:\/\/odk-ergon.pl\/ua\/wp-json\/wp\/v2\/pages"}],"about":[{"href":"https:\/\/odk-ergon.pl\/ua\/wp-json\/wp\/v2\/types\/page"}],"author":[{"embeddable":true,"href":"https:\/\/odk-ergon.pl\/ua\/wp-json\/wp\/v2\/users\/1"}],"replies":[{"embeddable":true,"href":"https:\/\/odk-ergon.pl\/ua\/wp-json\/wp\/v2\/comments?post=2976"}],"version-history":[{"count":4,"href":"https:\/\/odk-ergon.pl\/ua\/wp-json\/wp\/v2\/pages\/2976\/revisions"}],"predecessor-version":[{"id":3414,"href":"https:\/\/odk-ergon.pl\/ua\/wp-json\/wp\/v2\/pages\/2976\/revisions\/3414"}],"up":[{"embeddable":true,"href":"https:\/\/odk-ergon.pl\/ua\/wp-json\/wp\/v2\/pages\/3403"}],"wp:featuredmedia":[{"embeddable":true,"href":"https:\/\/odk-ergon.pl\/ua\/wp-json\/wp\/v2\/media\/2978"}],"wp:attachment":[{"href":"https:\/\/odk-ergon.pl\/ua\/wp-json\/wp\/v2\/media?parent=2976"}],"curies":[{"name":"wp","href":"https:\/\/api.w.org\/{rel}","templated":true}]}}