{"id":2982,"date":"2023-03-24T15:13:26","date_gmt":"2023-03-24T14:13:26","guid":{"rendered":"https:\/\/odk-ergon.pl\/?page_id=2982"},"modified":"2023-03-25T00:34:50","modified_gmt":"2023-03-24T23:34:50","slug":"bhp-%d0%bf%d1%80%d0%b0%d1%86%d0%b5%d0%b4%d0%b0%d0%b2%d1%86%d1%96-%d1%82%d0%b0-%d1%80%d0%be%d0%b1%d0%be%d1%82%d0%be%d0%b4%d0%b0%d0%b2%d1%86%d1%96","status":"publish","type":"page","link":"https:\/\/odk-ergon.pl\/ua\/szkolenia\/szkolenia-bhp-warszawa\/bhp-pracodawcow-i-pracownikow\/","title":{"rendered":"\u041e\u0445\u043e\u0440\u043e\u043d\u0430 \u043f\u0440\u0430\u0446\u0456 - \u043d\u0430\u0432\u0447\u0430\u043d\u043d\u044f \u0434\u043b\u044f \u0440\u043e\u0431\u043e\u0442\u043e\u0434\u0430\u0432\u0446\u0456\u0432 \u0442\u0430 \u043f\u0440\u0430\u0446\u0456\u0432\u043d\u0438\u043a\u0456\u0432"},"content":{"rendered":"\n<p><a href=\"https:\/\/odk-ergon.pl\/ua\/szkolenia\/szkolenia-bhp-warszawa\/\">Szkolenia BHP<\/a> powinny by\u0107 organizowane przez pracodawc\u0119 lub jednostk\u0119 przez niego wskazan\u0105, uprawnion\u0105 do udzielania przeszkolenia. &nbsp;<br>Pracodawca powinien te\u017c powtarza\u0107 je co jaki\u015b czas w okresie wykonywania pracy, aby przypomina\u0107 i utrwala\u0107 wiedz\u0119 na temat bezpiecze\u0144stwa i higieny pracy, co r\u00f3wnie\u017c jest uzale\u017cnione od jej specyfiki. Cz\u0119stotliwo\u015b\u0107 powinna by\u0107 dostosowana do bran\u017cy.&nbsp;<\/p>\n\n\n\n<h2 class=\"wp-block-heading\"><strong>Szkolenia<\/strong><strong>,<\/strong><strong> a epidemie i pandemie<\/strong>&nbsp;<\/h2>\n\n\n\n<p>W okresach epidemii lub stan\u00f3w zagro\u017cenia epidemiologicznego jest dopuszczalne, aby szkolenia takie odbywa\u0142y si\u0119 online na ile pozwala na to stanowisko pracy.&nbsp;&nbsp;<\/p>\n\n\n\n<p>Szkolenie musi odby\u0107 si\u0119 stacjonarnie w przypadku:&nbsp;<\/p>\n\n\n\n<ul class=\"wp-block-list\">\n<li>pracownika na stanowisku robotniczym,&nbsp;<\/li>\n\n\n\n<li>pracownika na stanowisku, gdzie istnieje zagro\u017cenie dzia\u0142aniem czynnik\u00f3w niebezpiecznych,&nbsp;<\/li>\n\n\n\n<li>pracownika, kt\u00f3ry zmienia stanowisko pracy,&nbsp;<\/li>\n\n\n\n<li>ucznia lub studenta, kt\u00f3ry odbywa praktyk\u0119.&nbsp;<\/li>\n<\/ul>\n\n\n\n<h2 class=\"wp-block-heading\"><strong>Rodzaje szkole\u0144<\/strong>&nbsp;<\/h2>\n\n\n\n<p>Przepisy BHP przewiduj\u0105 dwa typy szkole\u0144:&nbsp;<\/p>\n\n\n\n<ul class=\"wp-block-list\">\n<li>wst\u0119pne,&nbsp;<\/li>\n\n\n\n<li>okresowe.&nbsp;<\/li>\n<\/ul>\n\n\n\n<p>Szkolenie wst\u0119pne powinno odbywa\u0107 si\u0119 przed rozpocz\u0119ciem przez pracownika jego obowi\u0105zk\u00f3w, szkolenie okresowe \u2013 ma za zadanie aktualizowa\u0107 i gruntowa\u0107 nabyt\u0105 ju\u017c wiedz\u0119 oraz zaznajamia\u0107&nbsp; z nowymi rozwi\u0105zaniami, je\u015bli takowe si\u0119 pojawi\u0105.&nbsp;<\/p>\n\n\n\n<p>Zar\u00f3wno wst\u0119pne, jak i okresowe, powinny odbywa\u0107 si\u0119 w godzinach pracy i na koszt pracodawcy. Po tym, jak pracownik zapozna si\u0119 z zasadami bezpiecze\u0144stwa obowi\u0105zuj\u0105cymi w zak\u0142adzie pracy, zobowi\u0105zany jest potwierdzi\u0107 ten fakt w\u0142asnor\u0119cznym podpisem.&nbsp;<\/p>\n\n\n\n<p>Szkolenie BHP nie jest wymagane jedynie w przypadku, kiedy pracownik zmienia miejsce pracy, ale nadal pozostaje na tym samym stanowisku.&nbsp;<\/p>\n\n\n\n<figure class=\"wp-block-image size-large is-resized\"><a href=\"https:\/\/odk-ergon.pl\/wp-content\/uploads\/2023\/03\/BHP-2.jpeg\"><img loading=\"lazy\" decoding=\"async\" src=\"https:\/\/odk-ergon.pl\/wp-content\/uploads\/2023\/03\/BHP-2-1024x683.jpeg\" alt=\"szkolenie BHP online \" class=\"wp-image-2984\" width=\"512\" height=\"342\" srcset=\"https:\/\/odk-ergon.pl\/wp-content\/uploads\/2023\/03\/BHP-2-1024x683.jpeg 1024w, https:\/\/odk-ergon.pl\/wp-content\/uploads\/2023\/03\/BHP-2-300x200.jpeg 300w, https:\/\/odk-ergon.pl\/wp-content\/uploads\/2023\/03\/BHP-2-768x512.jpeg 768w, https:\/\/odk-ergon.pl\/wp-content\/uploads\/2023\/03\/BHP-2-1536x1025.jpeg 1536w, https:\/\/odk-ergon.pl\/wp-content\/uploads\/2023\/03\/BHP-2-18x12.jpeg 18w, https:\/\/odk-ergon.pl\/wp-content\/uploads\/2023\/03\/BHP-2-624x416.jpeg 624w, https:\/\/odk-ergon.pl\/wp-content\/uploads\/2023\/03\/BHP-2.jpeg 1680w\" sizes=\"auto, (max-width: 512px) 100vw, 512px\" \/><\/a><\/figure>\n\n\n\n<h2 class=\"wp-block-heading\"><strong>Szkolenia dla pracownik\u00f3w administracyjno<\/strong>&#8211;<strong>biurowych<\/strong>&nbsp;<\/h2>\n\n\n\n<p>Na podstawie nowych przepis\u00f3w, szkolenia BHP nie musz\u0105 odbywa\u0107 pracownicy administracyjno-biurowi zatrudnieni w firmach, gdzie ustanowiono najwy\u017cej trzeci\u0105 kategori\u0119 ryzyka. W tych grupach wyst\u0119puj\u0105 najmniej szkodliwe dla zdrowia czynniki oraz najni\u017cszy wska\u017anik wypadk\u00f3w.&nbsp;<\/p>\n\n\n\n<h3 class=\"wp-block-heading\">Dzia\u0142alno\u015bci z nie wy\u017csz\u0105, jak trzeci\u0105 kategori\u0105 ryzyka:&nbsp;<\/h3>\n\n\n\n<ul class=\"wp-block-list\">\n<li>produkcja odzie\u017cy i sk\u00f3r,&nbsp;<\/li>\n\n\n\n<li>poligrafia,&nbsp;<\/li>\n\n\n\n<li>produkcja komputer\u00f3w i wszelkiej elektroniki,&nbsp;<\/li>\n\n\n\n<li>handel detaliczny, z wy\u0142\u0105czeniem handlu samochodami,&nbsp;&nbsp;<\/li>\n\n\n\n<li>lotnictwo,&nbsp;<\/li>\n\n\n\n<li>informacja i komunikacja,&nbsp;&nbsp;<\/li>\n\n\n\n<li>dzia\u0142alno\u015b\u0107 detektywistyczna i ochroniarska,&nbsp;<\/li>\n\n\n\n<li>edukacja,&nbsp;<\/li>\n\n\n\n<li>dzia\u0142alno\u015b\u0107 kulturowa i rozrywkowa,&nbsp;<\/li>\n\n\n\n<li>dzia\u0142alno\u015b\u0107 naukowa,&nbsp;&nbsp;<\/li>\n\n\n\n<li>finanse i ubezpieczenia oraz nieruchomo\u015bci,&nbsp;<\/li>\n\n\n\n<li>gastronomia,&nbsp;<\/li>\n\n\n\n<li>administracyjna obs\u0142uga klienta.&nbsp;&nbsp;<\/li>\n<\/ul>\n\n\n\n<h2 class=\"wp-block-heading\"><strong>S\u0142u\u017cba BHP w zak\u0142adzie pracy&nbsp;<\/strong>&nbsp;<\/h2>\n\n\n\n<p>Istnienie s\u0142u\u017cby BHP w pracy jest zale\u017cne od liczby zatrudnianych pracownik\u00f3w. Je\u015bli jest ich powy\u017cej stu \u2013 pracodawca ma obowi\u0105zek takow\u0105 powo\u0142a\u0107. Je\u015bli natomiast w firmie pracuje mniej jak sto os\u00f3b, jest on zobowi\u0105zany do wyznaczenia jednej osoby, kt\u00f3ra b\u0119dzie wykonywa\u0107 zadania nale\u017c\u0105ce do s\u0142u\u017cby.&nbsp;<br>Sam pracodawca r\u00f3wnie\u017c mo\u017ce pe\u0142ni\u0107 t\u0119 rol\u0119, pod warunkiem, \u017ce sam przejdzie odpowiednie szkolenie, a w swojej firmie nie zatrudnia wi\u0119cej, jak dwudziestu os\u00f3b.&nbsp;<\/p>\n\n\n\n<figure class=\"wp-block-image size-large is-resized\"><a href=\"https:\/\/odk-ergon.pl\/wp-content\/uploads\/2023\/03\/BHP-4.jpg\"><img loading=\"lazy\" decoding=\"async\" src=\"https:\/\/odk-ergon.pl\/wp-content\/uploads\/2023\/03\/BHP-4-1024x683.jpg\" alt=\"pierwsza pomoc w zak\u0142adzie pracy \" class=\"wp-image-2985\" width=\"512\" height=\"342\" srcset=\"https:\/\/odk-ergon.pl\/wp-content\/uploads\/2023\/03\/BHP-4-1024x683.jpg 1024w, https:\/\/odk-ergon.pl\/wp-content\/uploads\/2023\/03\/BHP-4-300x200.jpg 300w, https:\/\/odk-ergon.pl\/wp-content\/uploads\/2023\/03\/BHP-4-768x512.jpg 768w, https:\/\/odk-ergon.pl\/wp-content\/uploads\/2023\/03\/BHP-4-18x12.jpg 18w, https:\/\/odk-ergon.pl\/wp-content\/uploads\/2023\/03\/BHP-4-624x416.jpg 624w, https:\/\/odk-ergon.pl\/wp-content\/uploads\/2023\/03\/BHP-4.jpg 1125w\" sizes=\"auto, (max-width: 512px) 100vw, 512px\" \/><\/a><\/figure>\n\n\n\n<h2 class=\"wp-block-heading\"><strong>Zakres pierwszej pomocy w zak\u0142adzie pracy<\/strong>&nbsp;<\/h2>\n\n\n\n<p>Czy w zak\u0142adzie pracy jest konieczno\u015b\u0107, aby umie\u0107 wykona\u0107 pierwsz\u0105 pomoc? Kodeks pracy nak\u0142ada na pracodawc\u0119 obowi\u0105zek wyznaczenia osoby odpowiedzialnej za udzielanie pierwszej pomocy, a tak\u017ce dzia\u0142anie w zakresie zwalczania po\u017car\u00f3w oraz ewakuacji pracownik\u00f3w.&nbsp;<br>Zakres tych dzia\u0142a\u0144 musi by\u0107 dostosowany do miejsca pracy. W przypadku, kiedy firma zatrudnia osoby wy\u0142\u0105cznie m\u0142odociane lub niepe\u0142nosprawne, wszystkie te funkcje mo\u017ce wykonywa\u0107 pracodawca.&nbsp;&nbsp;<\/p>\n\n\n\n<p>W kwestii tego, czy jaka\u015b szczeg\u00f3lna osoba powinna by\u0107 odpowiedzialna za udzielanie pierwszej pomocy lub bycie szkoleniowcem, nie ma specjalnych przepis\u00f3w. Wa\u017cnym jest, aby kto\u015b taki by\u0142 kompetentny, a wiedza, jak\u0105 nab\u0119dzie oraz przeka\u017ce dostosowana do miejsca i specyfiki pracy.&nbsp;<\/p>\n\n\n\n<h2 class=\"wp-block-heading\"><strong>Szkolenia w naszym o\u015brodku<\/strong>&nbsp;<\/h2>\n\n\n\n<p>Zapraszamy na organizowane przez nas w ca\u0142ej Polsce szkolenia otwarte i zamkni\u0119te z zakresu BHP.&nbsp;<\/p>\n\n\n\n<p><a href=\"https:\/\/odk-ergon.pl\/ua\/kontakt\/\">Skontaktuj si\u0119 z nami<\/a>.&nbsp;<\/p>\n\n\n\n<h2 class=\"wp-block-heading\">Pytania i odpowiedzi<\/h2>\n\n\n\t\t<details\t\thelp class=\"sc_fs_faq sc_card    \"\n\t\topen\t\t>\n\t\t\t\t\t<summary>\n\t\t\t\t<h3> Czym jest s\u0142u\u017cba BHP w zak\u0142adzie pracy?<\/h3>\t\t\t\t\t<\/summary>\n\t\t\t\t<div>\n\t\t\t\t\t\t<div class=\"sc_fs_faq__content\">\n\t\t\t\t\n\n<p>To wyznaczona grupa os\u00f3b, kt\u00f3rej zadaniem jest przeprowadzenie szkole\u0144 z zakresu BHP dla pracownik\u00f3w oraz kontrola ich przestrzegania. To tak\u017ce osoby, kt\u00f3re jednocze\u015bnie odpowiedzialne s\u0105 za pierwsz\u0105 pomoc i w\u0142a\u015bciw\u0105 ewakuacj\u0119 pracownik\u00f3w w razie wypadku.<\/p>\n\n\t\t\t<\/div>\n\t\t<\/div>\n\t\t<\/details>\n\t\t\t\t<details\t\thelp class=\"sc_fs_faq sc_card    \"\n\t\t\t\t>\n\t\t\t\t\t<summary>\n\t\t\t\t<h3>Jakie s\u0105 typy szkole\u0144?<\/h3>\t\t\t\t\t<\/summary>\n\t\t\t\t<div>\n\t\t\t\t\t\t<div class=\"sc_fs_faq__content\">\n\t\t\t\t\n\n<p>Szkolenia dzielimy na dwa rodzaje: wst\u0119pne, kt\u00f3re pracownik musi odby\u0107 przed rozpocz\u0119ciem pracy oraz okresowe, kt\u00f3re powinny odbywa\u0107 si\u0119 regularnie celem utrwalenia wiedzy oraz poznania nowych zagadnie\u0144 zwi\u0105zanych z bezpiecze\u0144stwem.&nbsp;<\/p>\n\n\t\t\t<\/div>\n\t\t<\/div>\n\t\t<\/details>\n\t\t\n<script type=\"application\/ld+json\">\n\t{\n\t\t\"@context\": \"https:\/\/schema.org\",\n\t\t\"@type\": \"FAQPage\",\n\t\t\"mainEntity\": [\n\t\t\t\t\t{\n\t\t\t\t\"@type\": \"Question\",\n\t\t\t\t\"name\": \" Czym jest s\u0142u\u017cba BHP w zak\u0142adzie pracy?\",\n\t\t\t\t\"acceptedAnswer\": {\n\t\t\t\t\t\"@type\": \"Answer\",\n\t\t\t\t\t\"text\": \"<p>To wyznaczona grupa os\u00f3b, kt\u00f3rej zadaniem jest przeprowadzenie szkole\u0144 z zakresu BHP dla pracownik\u00f3w oraz kontrola ich przestrzegania. To tak\u017ce osoby, kt\u00f3re jednocze\u015bnie odpowiedzialne s\u0105 za pierwsz\u0105 pomoc i w\u0142a\u015bciw\u0105 ewakuacj\u0119 pracownik\u00f3w w razie wypadku.<\/p>\"\n\t\t\t\t\t\t\t\t\t}\n\t\t\t}\n\t\t\t,\t\t\t\t{\n\t\t\t\t\"@type\": \"Question\",\n\t\t\t\t\"name\": \"Jakie s\u0105 typy szkole\u0144?\",\n\t\t\t\t\"acceptedAnswer\": {\n\t\t\t\t\t\"@type\": \"Answer\",\n\t\t\t\t\t\"text\": \"<p>Szkolenia dzielimy na dwa rodzaje: wst\u0119pne, kt\u00f3re pracownik musi odby\u0107 przed rozpocz\u0119ciem pracy oraz okresowe, kt\u00f3re powinny odbywa\u0107 si\u0119 regularnie celem utrwalenia wiedzy oraz poznania nowych zagadnie\u0144 zwi\u0105zanych z bezpiecze\u0144stwem.&nbsp;<\/p>\"\n\t\t\t\t\t\t\t\t\t}\n\t\t\t}\n\t\t\t\t\t\t]\n\t}\n<\/script>\n","protected":false},"excerpt":{"rendered":"<p>Szkolenia BHP powinny by\u0107 organizowane przez pracodawc\u0119 lub jednostk\u0119 przez niego wskazan\u0105, uprawnion\u0105 do udzielania przeszkolenia. &nbsp;Pracodawca powinien te\u017c powtarza\u0107 je co jaki\u015b czas w okresie wykonywania pracy, aby przypomina\u0107 i utrwala\u0107 wiedz\u0119 na temat bezpiecze\u0144stwa i higieny pracy, co r\u00f3wnie\u017c jest uzale\u017cnione od jej specyfiki. Cz\u0119stotliwo\u015b\u0107 powinna by\u0107 dostosowana do bran\u017cy.&nbsp; Szkolenia, a epidemie i pandemie&nbsp; W okresach epidemii lub stan\u00f3w zagro\u017cenia epidemiologicznego jest dopuszczalne, aby szkolenia takie odbywa\u0142y si\u0119 online na ile pozwala na to stanowisko pracy.&nbsp;&nbsp; Szkolenie musi odby\u0107 si\u0119 stacjonarnie w przypadku:&nbsp; Rodzaje szkole\u0144&nbsp; Przepisy BHP przewiduj\u0105 dwa typy szkole\u0144:&nbsp; Szkolenie wst\u0119pne powinno odbywa\u0107 si\u0119 przed rozpocz\u0119ciem przez pracownika jego obowi\u0105zk\u00f3w, szkolenie okresowe \u2013 ma za zadanie aktualizowa\u0107 i gruntowa\u0107 nabyt\u0105 ju\u017c wiedz\u0119 oraz zaznajamia\u0107&nbsp; z nowymi rozwi\u0105zaniami, je\u015bli takowe si\u0119 pojawi\u0105.&nbsp; Zar\u00f3wno wst\u0119pne, jak i okresowe, powinny odbywa\u0107 si\u0119 w godzinach pracy i na koszt pracodawcy. Po tym, jak pracownik zapozna si\u0119 z zasadami bezpiecze\u0144stwa obowi\u0105zuj\u0105cymi w zak\u0142adzie pracy, zobowi\u0105zany jest potwierdzi\u0107 ten fakt w\u0142asnor\u0119cznym podpisem.&nbsp; Szkolenie BHP nie jest wymagane jedynie w przypadku, kiedy pracownik zmienia miejsce pracy, ale nadal pozostaje na tym samym stanowisku.&nbsp; Szkolenia dla pracownik\u00f3w administracyjno&#8211;biurowych&nbsp; Na podstawie nowych przepis\u00f3w, szkolenia BHP nie musz\u0105 odbywa\u0107 pracownicy administracyjno-biurowi zatrudnieni w firmach, gdzie ustanowiono najwy\u017cej trzeci\u0105 kategori\u0119 ryzyka. W tych grupach wyst\u0119puj\u0105 najmniej szkodliwe dla zdrowia czynniki oraz najni\u017cszy wska\u017anik wypadk\u00f3w.&nbsp; Dzia\u0142alno\u015bci z nie wy\u017csz\u0105, jak trzeci\u0105 kategori\u0105 ryzyka:&nbsp; S\u0142u\u017cba BHP w zak\u0142adzie pracy&nbsp;&nbsp; Istnienie s\u0142u\u017cby BHP w pracy jest zale\u017cne od liczby zatrudnianych pracownik\u00f3w. Je\u015bli jest ich powy\u017cej stu \u2013 pracodawca ma obowi\u0105zek takow\u0105 powo\u0142a\u0107. Je\u015bli natomiast [&hellip;]<\/p>\n","protected":false},"author":1,"featured_media":2983,"parent":1190,"menu_order":0,"comment_status":"closed","ping_status":"closed","template":"","meta":{"sfsi_plus_gutenberg_text_before_share":"","sfsi_plus_gutenberg_show_text_before_share":"","sfsi_plus_gutenberg_icon_type":"","sfsi_plus_gutenberg_icon_alignemt":"","sfsi_plus_gutenburg_max_per_row":"","footnotes":""},"class_list":["post-2982","page","type-page","status-publish","has-post-thumbnail","hentry","has_thumb"],"aioseo_notices":[],"_links":{"self":[{"href":"https:\/\/odk-ergon.pl\/ua\/wp-json\/wp\/v2\/pages\/2982","targetHints":{"allow":["GET"]}}],"collection":[{"href":"https:\/\/odk-ergon.pl\/ua\/wp-json\/wp\/v2\/pages"}],"about":[{"href":"https:\/\/odk-ergon.pl\/ua\/wp-json\/wp\/v2\/types\/page"}],"author":[{"embeddable":true,"href":"https:\/\/odk-ergon.pl\/ua\/wp-json\/wp\/v2\/users\/1"}],"replies":[{"embeddable":true,"href":"https:\/\/odk-ergon.pl\/ua\/wp-json\/wp\/v2\/comments?post=2982"}],"version-history":[{"count":4,"href":"https:\/\/odk-ergon.pl\/ua\/wp-json\/wp\/v2\/pages\/2982\/revisions"}],"predecessor-version":[{"id":3413,"href":"https:\/\/odk-ergon.pl\/ua\/wp-json\/wp\/v2\/pages\/2982\/revisions\/3413"}],"up":[{"embeddable":true,"href":"https:\/\/odk-ergon.pl\/ua\/wp-json\/wp\/v2\/pages\/1190"}],"wp:featuredmedia":[{"embeddable":true,"href":"https:\/\/odk-ergon.pl\/ua\/wp-json\/wp\/v2\/media\/2983"}],"wp:attachment":[{"href":"https:\/\/odk-ergon.pl\/ua\/wp-json\/wp\/v2\/media?parent=2982"}],"curies":[{"name":"wp","href":"https:\/\/api.w.org\/{rel}","templated":true}]}}