{"id":3007,"date":"2023-03-24T15:17:49","date_gmt":"2023-03-24T14:17:49","guid":{"rendered":"https:\/\/odk-ergon.pl\/?page_id=3007"},"modified":"2023-03-25T00:31:40","modified_gmt":"2023-03-24T23:31:40","slug":"%d0%ba%d1%83%d1%80%d1%81%d0%b8-%d0%b5%d0%ba%d1%81%d0%ba%d0%b0%d0%b2%d0%b0%d1%82%d0%be%d1%80%d0%bd%d0%b8%d0%ba%d0%b0-%d0%bd%d0%b0%d0%b2%d0%b0%d0%bd%d1%82%d0%b0%d0%b6%d1%83%d0%b2%d0%b0%d1%87%d0%b0","status":"publish","type":"page","link":"https:\/\/odk-ergon.pl\/ua\/szkolenia\/uprawnienia-udt-tdt\/kurs-na-uprawnienia-na-koparko-ladowarki\/","title":{"rendered":"\u041a\u0443\u0440\u0441 \u043d\u0430\u0432\u0447\u0430\u043d\u043d\u044f \u043d\u0430 \u0435\u043a\u0441\u043a\u0430\u0432\u0430\u0442\u043e\u0440-\u043d\u0430\u0432\u0430\u043d\u0442\u0430\u0436\u0443\u0432\u0430\u0447"},"content":{"rendered":"\n<p>Nasz kurs ma na celu przygotowanie uczestnika do uzyskania kwalifikacji w zawodzie operatora koparko-\u0142adowarki. Otwiera to nowe mo\u017cliwo\u015bci na rynku pracy. Fachowcy posiadaj\u0105cy odpowiednie uprawnienia s\u0105 aktualnie szczeg\u00f3lnie poszukiwani przez pracodawc\u00f3w. Nasz o\u015brodek posiada wieloletnie do\u015bwiadczenie w szkoleniu operator\u00f3w oraz konserwator\u00f3w maszyn UDT.&nbsp;<\/p>\n\n\n\n<h2 class=\"wp-block-heading\">Wymagania od kandydata&nbsp;<\/h2>\n\n\n\n<p>Ka\u017cdy kandydat ubiegaj\u0105cy si\u0119 o uprawnienia na operatora koparko-\u0142adowarki musi mie\u0107:&nbsp;<\/p>\n\n\n\n<ul class=\"wp-block-list\">\n<li>uko\u0144czone 18 lat,&nbsp;<\/li>\n\n\n\n<li>wykszta\u0142cenie minimum podstawowe,&nbsp;<\/li>\n\n\n\n<li>brak przeciwwskaza\u0144 medycznych do wykonywania zawodu (przed kursem kierujemy na badania do lekarza medycyny pracy).&nbsp;<\/li>\n<\/ul>\n\n\n\n<h2 class=\"wp-block-heading\">Program szkolenia&nbsp;<\/h2>\n\n\n\n<p>Program szkolenia na operatora koparko-\u0142adowarki obejmuje:&nbsp;<\/p>\n\n\n\n<ul class=\"wp-block-list\">\n<li>u\u017cytkowanie eksploatacyjne,&nbsp;<\/li>\n\n\n\n<li>dokumentacj\u0119 techniczn\u0105,&nbsp;<\/li>\n\n\n\n<li>bezpiecze\u0144stwo i higien\u0119 pracy,&nbsp;<\/li>\n\n\n\n<li>silniki spalinowe,&nbsp;<\/li>\n\n\n\n<li>elementy hydrauliki,&nbsp;<\/li>\n\n\n\n<li>budowa koparko-\u0142adowarek,&nbsp;<\/li>\n\n\n\n<li>technologie rob\u00f3t,&nbsp;<\/li>\n\n\n\n<li>zaj\u0119cia praktyczne.&nbsp;<\/li>\n<\/ul>\n\n\n\n<figure class=\"wp-block-image size-full is-resized\"><a href=\"https:\/\/odk-ergon.pl\/wp-content\/uploads\/2023\/03\/koparka.webp\"><img loading=\"lazy\" decoding=\"async\" src=\"https:\/\/odk-ergon.pl\/wp-content\/uploads\/2023\/03\/koparka.webp\" alt=\"konserwator koparko-\u0142adowarki podczas naprawy  \" class=\"wp-image-3009\" width=\"512\" height=\"341\" srcset=\"https:\/\/odk-ergon.pl\/wp-content\/uploads\/2023\/03\/koparka.webp 1024w, https:\/\/odk-ergon.pl\/wp-content\/uploads\/2023\/03\/koparka-300x200.webp 300w, https:\/\/odk-ergon.pl\/wp-content\/uploads\/2023\/03\/koparka-768x511.webp 768w, https:\/\/odk-ergon.pl\/wp-content\/uploads\/2023\/03\/koparka-18x12.webp 18w, https:\/\/odk-ergon.pl\/wp-content\/uploads\/2023\/03\/koparka-624x415.webp 624w\" sizes=\"auto, (max-width: 512px) 100vw, 512px\" \/><\/a><\/figure>\n\n\n\n<h2 class=\"wp-block-heading\">Egzamin&nbsp;<\/h2>\n\n\n\n<p>Po zako\u0144czonym szkoleniu kursant przyst\u0119puje do egzaminu przed komisj\u0105 IMBiGS. Egzamin sk\u0142ada si\u0119 z cz\u0119\u015bci teoretycznej oraz praktycznej. Po zdanym egzaminie uczestnik otrzymuje ksi\u0105\u017ceczk\u0119 operatora maszyn roboczych.&nbsp;<\/p>\n\n\n\n<p>Zdobyte podczas szkolenia kwalifikacje uprawniaj\u0105 do wykonywania prac na koparko-\u0142adowarce dowolnej wielko\u015bci oraz o dowolnej pojemno\u015bci \u0142y\u017cki. Operator po uko\u0144czeniu kursu w naszym o\u015brodku szkoleniowym zyskuje r\u00f3wnie\u017c prawo do u\u017cywania wszelkiego rodzaju osprz\u0119tu przeznaczonego do koparko-\u0142adowarek.&nbsp;<\/p>\n\n\n\n<h2 class=\"wp-block-heading\">Kr\u00f3tki opis koparko \u2013 \u0142adowarki&nbsp;<\/h2>\n\n\n\n<p>Koparko-\u0142adowarki s\u0105 maszynami, kt\u00f3re najcz\u0119\u015bciej mo\u017cna spotka\u0107 na obiektach budowlanych. S\u0105 to pojazdy wielozadaniowe, kt\u00f3re mo\u017cna wykorzysta\u0107 do wykonywania wykop\u00f3w oraz za\u0142adunku materia\u0142\u00f3w sypkich. Mo\u017cna do nich r\u00f3wnie\u017c zamocowa\u0107 r\u00f3\u017cnego rodzaju osprz\u0119t, na przyk\u0142ad no\u017cyce i m\u0142oty wyburzeniowe. Urz\u0105dzenie mo\u017ce by\u0107 r\u00f3wnie\u017c wyposa\u017cone w osprz\u0119t hydrauliczny pozwalaj\u0105cy na wykorzystanie go do innych zada\u0144 poza kopaniem i podnoszeniem. \u0141y\u017ck\u0119 tej maszyny mo\u017cna zast\u0105pi\u0107 osprz\u0119tem z nap\u0119dem takim jak chwytak, m\u0142ot, \u015bwider lub frezarka do pni i korzeni. Najcz\u0119\u015bciej wykorzystywane rodzaje osprz\u0119tu to te, kt\u00f3re pozwalaj\u0105 operatorowi rozbija\u0107 asfalt, kamieniste gleby oraz beton. Nasadka z z\u0119bami tygrysa wykorzystywana jest do przebijania si\u0119 przez mr\u00f3z lub twardsz\u0105 gleb\u0119.&nbsp;<\/p>\n\n\n\n<h2 class=\"wp-block-heading\">Inne nasze us\u0142ugi&nbsp;<\/h2>\n\n\n\n<p>Poza szkoleniem na operatora koparko-\u0142adowarki prowadzimy r\u00f3wnie\u017c szkolenia na operatora oraz konserwatora:&nbsp;&nbsp;<\/p>\n\n\n\n<ul class=\"wp-block-list\">\n<li>w\u00f3zk\u00f3w wid\u0142owych,&nbsp;&nbsp;<\/li>\n\n\n\n<li>\u017curawi HDS,&nbsp;&nbsp;<\/li>\n\n\n\n<li>suwnic,&nbsp;&nbsp;<\/li>\n\n\n\n<li>podno\u015bnik\u00f3w koszowych i no\u017cycowych,&nbsp;&nbsp;<\/li>\n\n\n\n<li>\u0142adowarek teleskopowych,&nbsp;&nbsp;<\/li>\n\n\n\n<li>d\u017awig\u00f3w,&nbsp;<\/li>\n\n\n\n<li>\u017curawi wie\u017cowych.&nbsp;&nbsp;<\/li>\n<\/ul>\n\n\n\n<figure class=\"wp-block-image size-large is-resized\"><a href=\"https:\/\/odk-ergon.pl\/wp-content\/uploads\/2023\/03\/koparka-3.webp\"><img loading=\"lazy\" decoding=\"async\" src=\"https:\/\/odk-ergon.pl\/wp-content\/uploads\/2023\/03\/koparka-3-1024x682.webp\" alt=\"operator koparko-\u0142adowarki podczas pracy\" class=\"wp-image-3010\" width=\"512\" height=\"341\" srcset=\"https:\/\/odk-ergon.pl\/wp-content\/uploads\/2023\/03\/koparka-3-1024x682.webp 1024w, https:\/\/odk-ergon.pl\/wp-content\/uploads\/2023\/03\/koparka-3-300x200.webp 300w, https:\/\/odk-ergon.pl\/wp-content\/uploads\/2023\/03\/koparka-3-768x512.webp 768w, https:\/\/odk-ergon.pl\/wp-content\/uploads\/2023\/03\/koparka-3-18x12.webp 18w, https:\/\/odk-ergon.pl\/wp-content\/uploads\/2023\/03\/koparka-3-624x416.webp 624w, https:\/\/odk-ergon.pl\/wp-content\/uploads\/2023\/03\/koparka-3.webp 1280w\" sizes=\"auto, (max-width: 512px) 100vw, 512px\" \/><\/a><\/figure>\n\n\n\n<p>Poza o\u015brodkiem szkoleniowym prowadzimy r\u00f3wnie\u017c serwis stacjonarny oraz mobilny maszyn UDT a tak\u017ce sprzeda\u017c nowych i u\u017cywanych urz\u0105dze\u0144.&nbsp;<\/p>\n\n\n\n<p>Je\u017celi jeste\u015b zainteresowany nasz\u0105 ofert\u0105 <a href=\"https:\/\/odk-ergon.pl\/ua\/kontakt\/\">skontaktuj si\u0119 z nami<\/a> telefonicznie. W przypadku jakichkolwiek pyta\u0144 zach\u0119camy do kontaktu!&nbsp;<\/p>\n\n\n\n<p><\/p>\n\n\n\n<h2 class=\"wp-block-heading\">Pytania i odpowiedzi<\/h2>\n\n\n\t\t<details\t\thelp class=\"sc_fs_faq sc_card    \"\n\t\topen\t\t>\n\t\t\t\t\t<summary>\n\t\t\t\t<h3>Czy \u017ceby zosta\u0107 operatorem koparko\u2013\u0142adowarki musz\u0119 mie\u0107 prawo jazdy? <\/h3>\t\t\t\t\t<\/summary>\n\t\t\t\t<div>\n\t\t\t\t\t\t<div class=\"sc_fs_faq__content\">\n\t\t\t\t\n\n<p>Je\u017celi operator koparko\u2013\u0142adowarki nie b\u0119dzie korzysta\u0107 z dr\u00f3g publicznych nie musi posiada\u0107 prawa jazdy, natomiast je\u017celi operator urz\u0105dzenia chce porusza\u0107 si\u0119 po drogach publicznych musi posiada\u0107 prawo jazdy kat. B.&nbsp;<\/p>\n\n\t\t\t<\/div>\n\t\t<\/div>\n\t\t<\/details>\n\t\t\t\t<details\t\thelp class=\"sc_fs_faq sc_card    \"\n\t\t\t\t>\n\t\t\t\t\t<summary>\n\t\t\t\t<h3>Czy musz\u0119 zdawa\u0107 egzamin pa\u0144stwowy by uzyska\u0107 uprawnienia na operatora koparko   \u2013\u0142adowarki? <\/h3>\t\t\t\t\t<\/summary>\n\t\t\t\t<div>\n\t\t\t\t\t\t<div class=\"sc_fs_faq__content\">\n\t\t\t\t\n\n<p>By uzyska\u0107 uprawnienia na operatora koparko\u2013\u0142adowarki niezb\u0119dne jest uko\u0144czenie szkolenia oraz zdanie egzaminu pa\u0144stwowego.&nbsp;<\/p>\n\n\t\t\t<\/div>\n\t\t<\/div>\n\t\t<\/details>\n\t\t\n<script type=\"application\/ld+json\">\n\t{\n\t\t\"@context\": \"https:\/\/schema.org\",\n\t\t\"@type\": \"FAQPage\",\n\t\t\"mainEntity\": [\n\t\t\t\t\t{\n\t\t\t\t\"@type\": \"Question\",\n\t\t\t\t\"name\": \"Czy \u017ceby zosta\u0107 operatorem koparko\u2013\u0142adowarki musz\u0119 mie\u0107 prawo jazdy? \",\n\t\t\t\t\"acceptedAnswer\": {\n\t\t\t\t\t\"@type\": \"Answer\",\n\t\t\t\t\t\"text\": \"<p>Je\u017celi operator koparko\u2013\u0142adowarki nie b\u0119dzie korzysta\u0107 z dr\u00f3g publicznych nie musi posiada\u0107 prawa jazdy, natomiast je\u017celi operator urz\u0105dzenia chce porusza\u0107 si\u0119 po drogach publicznych musi posiada\u0107 prawo jazdy kat. B.&nbsp;<\/p>\"\n\t\t\t\t\t\t\t\t\t}\n\t\t\t}\n\t\t\t,\t\t\t\t{\n\t\t\t\t\"@type\": \"Question\",\n\t\t\t\t\"name\": \"Czy musz\u0119 zdawa\u0107 egzamin pa\u0144stwowy by uzyska\u0107 uprawnienia na operatora koparko   \u2013\u0142adowarki? \",\n\t\t\t\t\"acceptedAnswer\": {\n\t\t\t\t\t\"@type\": \"Answer\",\n\t\t\t\t\t\"text\": \"<p>By uzyska\u0107 uprawnienia na operatora koparko\u2013\u0142adowarki niezb\u0119dne jest uko\u0144czenie szkolenia oraz zdanie egzaminu pa\u0144stwowego.&nbsp;<\/p>\"\n\t\t\t\t\t\t\t\t\t}\n\t\t\t}\n\t\t\t\t\t\t]\n\t}\n<\/script>\n","protected":false},"excerpt":{"rendered":"<p>Nasz kurs ma na celu przygotowanie uczestnika do uzyskania kwalifikacji w zawodzie operatora koparko-\u0142adowarki. Otwiera to nowe mo\u017cliwo\u015bci na rynku pracy. Fachowcy posiadaj\u0105cy odpowiednie uprawnienia s\u0105 aktualnie szczeg\u00f3lnie poszukiwani przez pracodawc\u00f3w. Nasz o\u015brodek posiada wieloletnie do\u015bwiadczenie w szkoleniu operator\u00f3w oraz konserwator\u00f3w maszyn UDT.&nbsp; Wymagania od kandydata&nbsp; Ka\u017cdy kandydat ubiegaj\u0105cy si\u0119 o uprawnienia na operatora koparko-\u0142adowarki musi mie\u0107:&nbsp; Program szkolenia&nbsp; Program szkolenia na operatora koparko-\u0142adowarki obejmuje:&nbsp; Egzamin&nbsp; Po zako\u0144czonym szkoleniu kursant przyst\u0119puje do egzaminu przed komisj\u0105 IMBiGS. Egzamin sk\u0142ada si\u0119 z cz\u0119\u015bci teoretycznej oraz praktycznej. Po zdanym egzaminie uczestnik otrzymuje ksi\u0105\u017ceczk\u0119 operatora maszyn roboczych.&nbsp; Zdobyte podczas szkolenia kwalifikacje uprawniaj\u0105 do wykonywania prac na koparko-\u0142adowarce dowolnej wielko\u015bci oraz o dowolnej pojemno\u015bci \u0142y\u017cki. Operator po uko\u0144czeniu kursu w naszym o\u015brodku szkoleniowym zyskuje r\u00f3wnie\u017c prawo do u\u017cywania wszelkiego rodzaju osprz\u0119tu przeznaczonego do koparko-\u0142adowarek.&nbsp; Kr\u00f3tki opis koparko \u2013 \u0142adowarki&nbsp; Koparko-\u0142adowarki s\u0105 maszynami, kt\u00f3re najcz\u0119\u015bciej mo\u017cna spotka\u0107 na obiektach budowlanych. S\u0105 to pojazdy wielozadaniowe, kt\u00f3re mo\u017cna wykorzysta\u0107 do wykonywania wykop\u00f3w oraz za\u0142adunku materia\u0142\u00f3w sypkich. Mo\u017cna do nich r\u00f3wnie\u017c zamocowa\u0107 r\u00f3\u017cnego rodzaju osprz\u0119t, na przyk\u0142ad no\u017cyce i m\u0142oty wyburzeniowe. Urz\u0105dzenie mo\u017ce by\u0107 r\u00f3wnie\u017c wyposa\u017cone w osprz\u0119t hydrauliczny pozwalaj\u0105cy na wykorzystanie go do innych zada\u0144 poza kopaniem i podnoszeniem. \u0141y\u017ck\u0119 tej maszyny mo\u017cna zast\u0105pi\u0107 osprz\u0119tem z nap\u0119dem takim jak chwytak, m\u0142ot, \u015bwider lub frezarka do pni i korzeni. Najcz\u0119\u015bciej wykorzystywane rodzaje osprz\u0119tu to te, kt\u00f3re pozwalaj\u0105 operatorowi rozbija\u0107 asfalt, kamieniste gleby oraz beton. Nasadka z z\u0119bami tygrysa wykorzystywana jest do przebijania si\u0119 przez mr\u00f3z lub twardsz\u0105 gleb\u0119.&nbsp; Inne nasze us\u0142ugi&nbsp; Poza szkoleniem na operatora koparko-\u0142adowarki prowadzimy r\u00f3wnie\u017c szkolenia na operatora oraz konserwatora:&nbsp;&nbsp; Poza [&hellip;]<\/p>\n","protected":false},"author":1,"featured_media":3008,"parent":1828,"menu_order":0,"comment_status":"closed","ping_status":"closed","template":"","meta":{"sfsi_plus_gutenberg_text_before_share":"","sfsi_plus_gutenberg_show_text_before_share":"","sfsi_plus_gutenberg_icon_type":"","sfsi_plus_gutenberg_icon_alignemt":"","sfsi_plus_gutenburg_max_per_row":"","footnotes":""},"class_list":["post-3007","page","type-page","status-publish","has-post-thumbnail","hentry","has_thumb"],"aioseo_notices":[],"_links":{"self":[{"href":"https:\/\/odk-ergon.pl\/ua\/wp-json\/wp\/v2\/pages\/3007","targetHints":{"allow":["GET"]}}],"collection":[{"href":"https:\/\/odk-ergon.pl\/ua\/wp-json\/wp\/v2\/pages"}],"about":[{"href":"https:\/\/odk-ergon.pl\/ua\/wp-json\/wp\/v2\/types\/page"}],"author":[{"embeddable":true,"href":"https:\/\/odk-ergon.pl\/ua\/wp-json\/wp\/v2\/users\/1"}],"replies":[{"embeddable":true,"href":"https:\/\/odk-ergon.pl\/ua\/wp-json\/wp\/v2\/comments?post=3007"}],"version-history":[{"count":4,"href":"https:\/\/odk-ergon.pl\/ua\/wp-json\/wp\/v2\/pages\/3007\/revisions"}],"predecessor-version":[{"id":3410,"href":"https:\/\/odk-ergon.pl\/ua\/wp-json\/wp\/v2\/pages\/3007\/revisions\/3410"}],"up":[{"embeddable":true,"href":"https:\/\/odk-ergon.pl\/ua\/wp-json\/wp\/v2\/pages\/1828"}],"wp:featuredmedia":[{"embeddable":true,"href":"https:\/\/odk-ergon.pl\/ua\/wp-json\/wp\/v2\/media\/3008"}],"wp:attachment":[{"href":"https:\/\/odk-ergon.pl\/ua\/wp-json\/wp\/v2\/media?parent=3007"}],"curies":[{"name":"wp","href":"https:\/\/api.w.org\/{rel}","templated":true}]}}