{"id":3143,"date":"2023-03-24T14:35:39","date_gmt":"2023-03-24T13:35:39","guid":{"rendered":"https:\/\/odk-ergon.pl\/?page_id=3143"},"modified":"2023-03-24T23:45:51","modified_gmt":"2023-03-24T22:45:51","slug":"%d0%ba%d1%83%d1%80%d1%81-%d0%bd%d0%b0-%d0%b3%d0%b0%d1%87%d0%be%d0%ba-%d1%81%d0%b8%d0%bd%d0%b3%d0%b0%d0%bb%d1%96%d1%81%d1%82","status":"publish","type":"page","link":"https:\/\/odk-ergon.pl\/ua\/szkolenia\/uprawnienia-udt-tdt\/kurs-na-hakowego-syngaliste\/","title":{"rendered":"\u041a\u0443\u0440\u0441 \u0434\u043b\u044f \u0445\u0443\u043a - \u0441\u0438\u043d\u0433\u0430\u043b\u0456\u0441\u0442\u0430"},"content":{"rendered":"\n<p>Prowadzimy szkolenia na stanowisko hakowego-sygnalisty. Przygotowujemy uczestnik\u00f3w kurs\u00f3w do w\u0142a\u015bciwego obchodzenia si\u0119 ze sprz\u0119tem oraz podejmowania wsp\u00f3\u0142pracy z operatorami poprzez przygotowanie \u0142adunku do przeniesienia z u\u017cyciem urz\u0105dze\u0144 transportu bliskiego jak \u017curawie, suwnice czy wci\u0105garki.&nbsp;<\/p>\n\n\n\n<h2 class=\"wp-block-heading\"><strong>Czym zajmuje si\u0119 hakowy-sygnalista?<\/strong>&nbsp;<\/h2>\n\n\n\n<p>Osoba na stanowisku hakowego-sygnalisty (kr\u00f3cej okre\u015blanego jako hakowego) zajmuje si\u0119 pomoc\u0105 w pracy operator\u00f3w urz\u0105dze\u0144 d\u017awigowych. Hakowy musi zna\u0107 obowi\u0105zuj\u0105ce zasady obs\u0142ugiwania zaczep\u00f3w i zawiesi oraz umie\u0107 zabezpiecza\u0107 \u0142adunki przed ich transportem. Do jego zada\u0144 nale\u017cy jak najlepsze mo\u017cliwe wykorzystanie mo\u017cliwo\u015bci urz\u0105dze\u0144 d\u017awigowych i przygotowania \u0142adunku tak, aby operator m\u00f3g\u0142 bezpiecznie i sprawnie przenie\u015b\u0107 go w odpowiednie miejsce.&nbsp;<\/p>\n\n\n\n<h2 class=\"wp-block-heading\"><strong>Obowi\u0105zki hakowego<\/strong>&nbsp;<\/h2>\n\n\n\n<p>Kiedy \u017curaw lub inne urz\u0105dzenie d\u017awigowe transportuje materia\u0142, hakowy musi dawa\u0107 odpowiednie sygna\u0142y operatorowi (wyj\u0105tkiem do tego jest jedynie tzw. awaryjne zatrzymanie, gdzie sygna\u0142 mo\u017ce da\u0107 ka\u017cdy pracownik). Operator i hakowy musz\u0105 wi\u0119c dzia\u0142a\u0107 ze sob\u0105 w \u015bcis\u0142ej wsp\u00f3\u0142pracy. Umiej\u0119tno\u015b\u0107 wykorzystania systemu sygna\u0142\u00f3w r\u0119cznych to podstawa sprawnego przebiegu pracy, a dodatkowo zapewnia bezpieczne warunki. Osoba na tym stanowisku musi zatem wiedzie\u0107, jakie s\u0105 rodzaje sygna\u0142\u00f3w to poszczeg\u00f3lnych urz\u0105dze\u0144. Podsumowuj\u0105c, hakowy zajmuje si\u0119:&nbsp;<\/p>\n\n\n\n<ul class=\"wp-block-list\">\n<li>zaczepianiem \u0142adunku,&nbsp;&nbsp;<\/li>\n\n\n\n<li>jego odczepianiem,&nbsp;<\/li>\n\n\n\n<li>obserwacj\u0105 \u0142adunku podczas transportu,&nbsp;<\/li>\n\n\n\n<li>przekazywaniem sygna\u0142\u00f3w,&nbsp;<\/li>\n\n\n\n<li>okre\u015blaniem drogi transportu,&nbsp;<\/li>\n\n\n\n<li>wstrzymywaniem prac w wypadku zagro\u017cenia.&nbsp;<\/li>\n<\/ul>\n\n\n\n<figure class=\"wp-block-image size-full is-resized\"><a href=\"https:\/\/odk-ergon.pl\/wp-content\/uploads\/2023\/03\/hakowy-2-1.jpg\"><img loading=\"lazy\" decoding=\"async\" src=\"https:\/\/odk-ergon.pl\/wp-content\/uploads\/2023\/03\/hakowy-2-1.jpg\" alt=\"hakowy daj\u0105cy sygna\u0142 podczas transportu\" class=\"wp-image-3145\" width=\"500\" height=\"331\" srcset=\"https:\/\/odk-ergon.pl\/wp-content\/uploads\/2023\/03\/hakowy-2-1.jpg 1000w, https:\/\/odk-ergon.pl\/wp-content\/uploads\/2023\/03\/hakowy-2-1-300x199.jpg 300w, https:\/\/odk-ergon.pl\/wp-content\/uploads\/2023\/03\/hakowy-2-1-768x508.jpg 768w, https:\/\/odk-ergon.pl\/wp-content\/uploads\/2023\/03\/hakowy-2-1-18x12.jpg 18w, https:\/\/odk-ergon.pl\/wp-content\/uploads\/2023\/03\/hakowy-2-1-624x413.jpg 624w\" sizes=\"auto, (max-width: 500px) 100vw, 500px\" \/><\/a><\/figure>\n\n\n\n<h2 class=\"wp-block-heading\"><strong>Wymagania przed kursem<\/strong>&nbsp;<\/h2>\n\n\n\n<p>W kursie udzia\u0142 mog\u0105 wzi\u0105\u0107 tylko osoby:&nbsp;<\/p>\n\n\n\n<ul class=\"wp-block-list\">\n<li>pe\u0142noletnie,&nbsp;<\/li>\n\n\n\n<li>z wykszta\u0142ceniem przynajmniej podstawowym,&nbsp;<\/li>\n\n\n\n<li>posiadaj\u0105ce w\u0142a\u015bciwe za\u015bwiadczenie lekarskie.&nbsp;<\/li>\n<\/ul>\n\n\n\n<h2 class=\"wp-block-heading\"><strong>Przebieg kursu<\/strong>&nbsp;<\/h2>\n\n\n\n<p>Kurs na hakowego to gwarancja zdobycia uprawnie\u0144 potrzebnych do wykonywania pracy na stanowisku hakowego-sygnalisty. To mo\u017cliwo\u015b\u0107 uzyskania wiedzy teoretycznej i praktycznej, potrzebnej do pracy w zawodzie. Dostosowujemy wszystkie terminy do uczestnik\u00f3w kursu, poprzez prowadzenie zaj\u0119\u0107 w kilku trybach godzinowych. Zaj\u0119cia praktyczne odbywaj\u0105 si\u0119 na przeznaczonym do tego placu. Zaj\u0119cia teoretyczne sk\u0142adaj\u0105 si\u0119 mi\u0119dzy innymi na testy, przygotowuj\u0105ce do egzaminu. W programie kursu, zawiera si\u0119:&nbsp;<\/p>\n\n\n\n<ul class=\"wp-block-list\">\n<li>nauka o obowi\u0105zuj\u0105cych przepisach BHP i obs\u0142udze zawiesi urz\u0105dze\u0144 d\u017awigowych,&nbsp;<\/li>\n\n\n\n<li>charakterystyka techniczna obs\u0142ugiwanych urz\u0105dze\u0144,&nbsp;<\/li>\n\n\n\n<li>ocena stanu maszyn przed przyst\u0105pieniem do pracy,&nbsp;<\/li>\n\n\n\n<li>znajomo\u015b\u0107 potencjalnych zagro\u017ce\u0144,&nbsp;<\/li>\n\n\n\n<li>zapoznanie si\u0119 z technikami mocowania \u0142adunku,&nbsp;<\/li>\n\n\n\n<li>zapoznanie si\u0119 z systemem sygnalizacyjnym.&nbsp;<\/li>\n<\/ul>\n\n\n\n<h2 class=\"wp-block-heading\"><strong>Egzamin po kursie<\/strong>&nbsp;<\/h2>\n\n\n\n<p>Przej\u015bcie szkolenia nie wystarczy do uzyskania uprawnie\u0144. W tym celu nale\u017cy jeszcze zda\u0107 egzamin pa\u0144stwowy, przed w\u0142a\u015bciw\u0105 komisj\u0105. Sk\u0142ada si\u0119 z dw\u00f3ch cz\u0119\u015bci sprawdzaj\u0105cych wiedz\u0119 teoretyczn\u0105 oraz praktyczn\u0105. Jego zaliczenie oznacza mo\u017cliwo\u015b\u0107 pracy w zawodzie.&nbsp;<\/p>\n\n\n\n<figure class=\"wp-block-image size-large is-resized\"><a href=\"https:\/\/odk-ergon.pl\/wp-content\/uploads\/2023\/03\/hakowy-0.jpg\"><img loading=\"lazy\" decoding=\"async\" src=\"https:\/\/odk-ergon.pl\/wp-content\/uploads\/2023\/03\/hakowy-0-1024x576.jpg\" alt=\"hak na tle magazynu\" class=\"wp-image-3146\" width=\"512\" height=\"288\" srcset=\"https:\/\/odk-ergon.pl\/wp-content\/uploads\/2023\/03\/hakowy-0-1024x576.jpg 1024w, https:\/\/odk-ergon.pl\/wp-content\/uploads\/2023\/03\/hakowy-0-300x169.jpg 300w, https:\/\/odk-ergon.pl\/wp-content\/uploads\/2023\/03\/hakowy-0-768x432.jpg 768w, https:\/\/odk-ergon.pl\/wp-content\/uploads\/2023\/03\/hakowy-0-18x10.jpg 18w, https:\/\/odk-ergon.pl\/wp-content\/uploads\/2023\/03\/hakowy-0-624x351.jpg 624w, https:\/\/odk-ergon.pl\/wp-content\/uploads\/2023\/03\/hakowy-0.jpg 1280w\" sizes=\"auto, (max-width: 512px) 100vw, 512px\" \/><\/a><\/figure>\n\n\n\n<h2 class=\"wp-block-heading\"><strong>Praca hakowego<\/strong>&nbsp;<\/h2>\n\n\n\n<p>Osoba ko\u0144cz\u0105ca nasze szkolenie, b\u0119dzie posiada\u0142a wszystkie praktyczne umiej\u0119tno\u015bci i wiedz\u0119 teoretyczn\u0105, potrzebn\u0105 do pracy w zawodzie hakowego. Nabyte kwalifikacje umo\u017cliwi\u0105 jej prac\u0119 przy budowach, w magazynach i sk\u0142adach materia\u0142\u00f3w budowalnych. R\u00f3wna si\u0119 to wi\u0119c zdobyciu mo\u017cliwo\u015bci pracy na stanowisku o wysokim zapotrzebowaniu.&nbsp;&nbsp;<\/p>\n\n\n\n<p>Poza tym nasze szkolenia s\u0105 przygotowane pod k\u0105tem otrzymania uprawnie\u0144 gwarantuj\u0105cych prac\u0119 nie tylko w Polsce, ale i w ca\u0142ej Unii Europejskiej, Wielkiej Brytanii oraz Norwegii. Przygotowujemy do warunk\u00f3w na l\u0105dzie oraz na wodzie.&nbsp;&nbsp;<\/p>\n\n\n\n<p>Nasze kursy zosta\u0142y opracowane zgodnie ze standardami ISO 15513, OMHEC, LOLER 98 i PUWER. Oferujemy przygotowanie na pierwszy oraz drugi stopie\u0144.&nbsp;<\/p>\n\n\n\n<h2 class=\"wp-block-heading\">Pytania i odpowiedzi <\/h2>\n\n\n\t\t<details\t\thelp class=\"sc_fs_faq sc_card    \"\n\t\topen\t\t>\n\t\t\t\t\t<summary>\n\t\t\t\t<h3>Czym jest zaw\u00f3d hakowego\u2013sygnalisty?<\/h3>\t\t\t\t\t<\/summary>\n\t\t\t\t<div>\n\t\t\t\t\t\t<div class=\"sc_fs_faq__content\">\n\t\t\t\t\n\n<p>Hakowy zajmuje si\u0119 zabezpieczaniem \u0142adunku oraz komunikowaniem si\u0119 z operatorem \u017curawia lub d\u017awigu, w celu bezpiecznego przeniesienia materia\u0142\u00f3w.&nbsp;<\/p>\n\n\t\t\t<\/div>\n\t\t<\/div>\n\t\t<\/details>\n\t\t\t\t<details\t\thelp class=\"sc_fs_faq sc_card    \"\n\t\t\t\t>\n\t\t\t\t\t<summary>\n\t\t\t\t<h3>Jakie s\u0105 wymagania dla potencjalnego uczestnika?<\/h3>\t\t\t\t\t<\/summary>\n\t\t\t\t<div>\n\t\t\t\t\t\t<div class=\"sc_fs_faq__content\">\n\t\t\t\t\n\n<p>Podstawowe wymagania to: pe\u0142noletnio\u015b\u0107, wykszta\u0142cenie przynajmniej podstawowe oraz posiadanie w\u0142a\u015bciwego za\u015bwiadczenia lekarskiego.&nbsp;<\/p>\n\n\t\t\t<\/div>\n\t\t<\/div>\n\t\t<\/details>\n\t\t\t\t<details\t\thelp class=\"sc_fs_faq sc_card    \"\n\t\t\t\t>\n\t\t\t\t\t<summary>\n\t\t\t\t<h3>Gdzie mo\u017cna pracowa\u0107 po kursie?<\/h3>\t\t\t\t\t<\/summary>\n\t\t\t\t<div>\n\t\t\t\t\t\t<div class=\"sc_fs_faq__content\">\n\t\t\t\t\n\n<p>Po szkoleniu oraz po uzyskaniu uprawnie\u0144, prac\u0119 mo\u017cna znale\u017a\u0107 m.in. na placach budowlanych, w magazynach czy nawet portach w ca\u0142ej Polsce, Unii Europejskiej oraz Wielkiej Brytanii i Norwegii.&nbsp;<\/p>\n\n\t\t\t<\/div>\n\t\t<\/div>\n\t\t<\/details>\n\t\t\n<script type=\"application\/ld+json\">\n\t{\n\t\t\"@context\": \"https:\/\/schema.org\",\n\t\t\"@type\": \"FAQPage\",\n\t\t\"mainEntity\": [\n\t\t\t\t\t{\n\t\t\t\t\"@type\": \"Question\",\n\t\t\t\t\"name\": \"Czym jest zaw\u00f3d hakowego\u2013sygnalisty?\",\n\t\t\t\t\"acceptedAnswer\": {\n\t\t\t\t\t\"@type\": \"Answer\",\n\t\t\t\t\t\"text\": \"<p>Hakowy zajmuje si\u0119 zabezpieczaniem \u0142adunku oraz komunikowaniem si\u0119 z operatorem \u017curawia lub d\u017awigu, w celu bezpiecznego przeniesienia materia\u0142\u00f3w.&nbsp;<\/p>\"\n\t\t\t\t\t\t\t\t\t}\n\t\t\t}\n\t\t\t,\t\t\t\t{\n\t\t\t\t\"@type\": \"Question\",\n\t\t\t\t\"name\": \"Jakie s\u0105 wymagania dla potencjalnego uczestnika?\",\n\t\t\t\t\"acceptedAnswer\": {\n\t\t\t\t\t\"@type\": \"Answer\",\n\t\t\t\t\t\"text\": \"<p>Podstawowe wymagania to: pe\u0142noletnio\u015b\u0107, wykszta\u0142cenie przynajmniej podstawowe oraz posiadanie w\u0142a\u015bciwego za\u015bwiadczenia lekarskiego.&nbsp;<\/p>\"\n\t\t\t\t\t\t\t\t\t}\n\t\t\t}\n\t\t\t,\t\t\t\t{\n\t\t\t\t\"@type\": \"Question\",\n\t\t\t\t\"name\": \"Gdzie mo\u017cna pracowa\u0107 po kursie?\",\n\t\t\t\t\"acceptedAnswer\": {\n\t\t\t\t\t\"@type\": \"Answer\",\n\t\t\t\t\t\"text\": \"<p>Po szkoleniu oraz po uzyskaniu uprawnie\u0144, prac\u0119 mo\u017cna znale\u017a\u0107 m.in. na placach budowlanych, w magazynach czy nawet portach w ca\u0142ej Polsce, Unii Europejskiej oraz Wielkiej Brytanii i Norwegii.&nbsp;<\/p>\"\n\t\t\t\t\t\t\t\t\t}\n\t\t\t}\n\t\t\t\t\t\t]\n\t}\n<\/script>\n","protected":false},"excerpt":{"rendered":"<p>Prowadzimy szkolenia na stanowisko hakowego-sygnalisty. Przygotowujemy uczestnik\u00f3w kurs\u00f3w do w\u0142a\u015bciwego obchodzenia si\u0119 ze sprz\u0119tem oraz podejmowania wsp\u00f3\u0142pracy z operatorami poprzez przygotowanie \u0142adunku do przeniesienia z u\u017cyciem urz\u0105dze\u0144 transportu bliskiego jak \u017curawie, suwnice czy wci\u0105garki.&nbsp; Czym zajmuje si\u0119 hakowy-sygnalista?&nbsp; Osoba na stanowisku hakowego-sygnalisty (kr\u00f3cej okre\u015blanego jako hakowego) zajmuje si\u0119 pomoc\u0105 w pracy operator\u00f3w urz\u0105dze\u0144 d\u017awigowych. Hakowy musi zna\u0107 obowi\u0105zuj\u0105ce zasady obs\u0142ugiwania zaczep\u00f3w i zawiesi oraz umie\u0107 zabezpiecza\u0107 \u0142adunki przed ich transportem. Do jego zada\u0144 nale\u017cy jak najlepsze mo\u017cliwe wykorzystanie mo\u017cliwo\u015bci urz\u0105dze\u0144 d\u017awigowych i przygotowania \u0142adunku tak, aby operator m\u00f3g\u0142 bezpiecznie i sprawnie przenie\u015b\u0107 go w odpowiednie miejsce.&nbsp; Obowi\u0105zki hakowego&nbsp; Kiedy \u017curaw lub inne urz\u0105dzenie d\u017awigowe transportuje materia\u0142, hakowy musi dawa\u0107 odpowiednie sygna\u0142y operatorowi (wyj\u0105tkiem do tego jest jedynie tzw. awaryjne zatrzymanie, gdzie sygna\u0142 mo\u017ce da\u0107 ka\u017cdy pracownik). Operator i hakowy musz\u0105 wi\u0119c dzia\u0142a\u0107 ze sob\u0105 w \u015bcis\u0142ej wsp\u00f3\u0142pracy. Umiej\u0119tno\u015b\u0107 wykorzystania systemu sygna\u0142\u00f3w r\u0119cznych to podstawa sprawnego przebiegu pracy, a dodatkowo zapewnia bezpieczne warunki. Osoba na tym stanowisku musi zatem wiedzie\u0107, jakie s\u0105 rodzaje sygna\u0142\u00f3w to poszczeg\u00f3lnych urz\u0105dze\u0144. Podsumowuj\u0105c, hakowy zajmuje si\u0119:&nbsp; Wymagania przed kursem&nbsp; W kursie udzia\u0142 mog\u0105 wzi\u0105\u0107 tylko osoby:&nbsp; Przebieg kursu&nbsp; Kurs na hakowego to gwarancja zdobycia uprawnie\u0144 potrzebnych do wykonywania pracy na stanowisku hakowego-sygnalisty. To mo\u017cliwo\u015b\u0107 uzyskania wiedzy teoretycznej i praktycznej, potrzebnej do pracy w zawodzie. Dostosowujemy wszystkie terminy do uczestnik\u00f3w kursu, poprzez prowadzenie zaj\u0119\u0107 w kilku trybach godzinowych. Zaj\u0119cia praktyczne odbywaj\u0105 si\u0119 na przeznaczonym do tego placu. Zaj\u0119cia teoretyczne sk\u0142adaj\u0105 si\u0119 mi\u0119dzy innymi na testy, przygotowuj\u0105ce do egzaminu. W programie kursu, zawiera si\u0119:&nbsp; Egzamin po kursie&nbsp; Przej\u015bcie szkolenia nie wystarczy do uzyskania [&hellip;]<\/p>\n","protected":false},"author":1,"featured_media":3144,"parent":1828,"menu_order":0,"comment_status":"closed","ping_status":"closed","template":"","meta":{"sfsi_plus_gutenberg_text_before_share":"","sfsi_plus_gutenberg_show_text_before_share":"","sfsi_plus_gutenberg_icon_type":"","sfsi_plus_gutenberg_icon_alignemt":"","sfsi_plus_gutenburg_max_per_row":"","footnotes":""},"class_list":["post-3143","page","type-page","status-publish","has-post-thumbnail","hentry","has_thumb"],"aioseo_notices":[],"_links":{"self":[{"href":"https:\/\/odk-ergon.pl\/ua\/wp-json\/wp\/v2\/pages\/3143","targetHints":{"allow":["GET"]}}],"collection":[{"href":"https:\/\/odk-ergon.pl\/ua\/wp-json\/wp\/v2\/pages"}],"about":[{"href":"https:\/\/odk-ergon.pl\/ua\/wp-json\/wp\/v2\/types\/page"}],"author":[{"embeddable":true,"href":"https:\/\/odk-ergon.pl\/ua\/wp-json\/wp\/v2\/users\/1"}],"replies":[{"embeddable":true,"href":"https:\/\/odk-ergon.pl\/ua\/wp-json\/wp\/v2\/comments?post=3143"}],"version-history":[{"count":5,"href":"https:\/\/odk-ergon.pl\/ua\/wp-json\/wp\/v2\/pages\/3143\/revisions"}],"predecessor-version":[{"id":3390,"href":"https:\/\/odk-ergon.pl\/ua\/wp-json\/wp\/v2\/pages\/3143\/revisions\/3390"}],"up":[{"embeddable":true,"href":"https:\/\/odk-ergon.pl\/ua\/wp-json\/wp\/v2\/pages\/1828"}],"wp:featuredmedia":[{"embeddable":true,"href":"https:\/\/odk-ergon.pl\/ua\/wp-json\/wp\/v2\/media\/3144"}],"wp:attachment":[{"href":"https:\/\/odk-ergon.pl\/ua\/wp-json\/wp\/v2\/media?parent=3143"}],"curies":[{"name":"wp","href":"https:\/\/api.w.org\/{rel}","templated":true}]}}